{"id":3275,"date":"2025-10-12T11:01:55","date_gmt":"2025-10-12T17:01:55","guid":{"rendered":"https:\/\/bewec.com\/?product=medidor-de-temperatura-refrigerante"},"modified":"2025-10-12T11:01:55","modified_gmt":"2025-10-12T17:01:55","slug":"medidor-de-temperatura-refrigerante","status":"publish","type":"product","link":"https:\/\/bewec.com\/?product=medidor-de-temperatura-refrigerante","title":{"rendered":"Medidor de temperatura refrigerante"},"content":{"rendered":"<p>Nota:<br \/>\n1: se requiere instalacion profesional y tecnica<br \/>\n2: sensor de temperatura digital con sensor<\/p>\n<p>3: este kit es de uso universal por lo que requiere adaptar en el vehiculo<\/p>\n<p>Tambien manejamos tomas de agua universales para adaptar el sensor en las mangueras del radiador o calefacci\u00f3n en medidas desde 18mm hasta 42mm de di\u00e1metro<\/p>\n<p>se incluye<\/p>\n<p>1 x medidor de temperatura dyno<\/p>\n<p>1 x Sensor de temperatura de resistencia (universal)<\/p>\n<p>1 Manual en ingl\u00e9s(Solo ense\u00f1a a instalar el medidor, pero no ense\u00f1a c\u00f3mo instalar modificar sus sistema de enfriamiento.<br \/>\nIMPORTANTE:<\/p>\n<p>ES IMPORTANTE QUE CONFIRMES LA MEDIDA QUE NECESITAS SEA LA MISMA QUE LA PUBLICADA.<br \/>\nEn nuestro catalogo contamos con productos de uso universal, es importante no forzar ningun producto en caso de incompatibilidad si desea devolver.<\/p>\n<p>*<\/p>\n<p>Todo comprador puede realizar la devoluci\u00f3n de su compra durante 30 dias, siempre que el producto no se use ni pruebe en ningun momento, esto con la finalidad que se encuentre en optimas condiciones igual que al momento del envio (sin da\u00f1os, manchas o marcas de uso y en su caja original si aplica) &#8220;esto aplica cuando el cliente se arrepiente de su compra o no era lo que esperaba. &#8221;<\/p>\n<p>*<\/p>\n<p>Estamos comprometidos por darle el mejor servicio por lo mismo todo producto es revisado y probado antes de enviar para asegurar que llegue a usted en optimas condiciones evitando disgustos y perdidas de tiempo, gracias por su atencion!<\/p>\n","protected":false},"excerpt":{"rendered":"<p>Nota: 1: se requiere instalacion profesional y tecnica 2: sensor de temperatura digital con sensor 3: este kit es de&hellip;<\/p>\n","protected":false},"featured_media":3269,"comment_status":"open","ping_status":"closed","template":"","meta":{"spay_email":""},"_links":{"self":[{"href":"https:\/\/bewec.com\/index.php?rest_route=\/wp\/v2\/product\/3275"}],"collection":[{"href":"https:\/\/bewec.com\/index.php?rest_route=\/wp\/v2\/product"}],"about":[{"href":"https:\/\/bewec.com\/index.php?rest_route=\/wp\/v2\/types\/product"}],"replies":[{"embeddable":true,"href":"https:\/\/bewec.com\/index.php?rest_route=%2Fwp%2Fv2%2Fcomments&post=3275"}],"version-history":[{"count":0,"href":"https:\/\/bewec.com\/index.php?rest_route=\/wp\/v2\/product\/3275\/revisions"}],"wp:featuredmedia":[{"embeddable":true,"href":"https:\/\/bewec.com\/index.php?rest_route=\/wp\/v2\/media\/3269"}],"wp:attachment":[{"href":"https:\/\/bewec.com\/index.php?rest_route=%2Fwp%2Fv2%2Fmedia&parent=3275"}],"curies":[{"name":"wp","href":"https:\/\/api.w.org\/{rel}","templated":true}]}}