{"id":3217,"date":"2024-05-23T01:13:29","date_gmt":"2024-05-23T06:13:29","guid":{"rendered":"https:\/\/bewec.com\/?post_type=product&#038;p=3217"},"modified":"2024-05-23T01:13:29","modified_gmt":"2024-05-23T06:13:29","slug":"soporte-motor-poliuretano-mazda-3-mazda-speed","status":"publish","type":"product","link":"https:\/\/bewec.com\/?product=soporte-motor-poliuretano-mazda-3-mazda-speed","title":{"rendered":"SOPORTE MOTOR POLIURETANO MAZDA 3 MAZDA SPEED"},"content":{"rendered":"<p><strong>Aplicaci\u00f3n:<\/strong><br \/>\n* MAZDA 3<\/p>\n<p><em>Las tablas de compatibilidad de veh\u00edculos son\u00a0S\u00d3LO PARA REFERENCIA.\u00a0Verifique su veh\u00edculo con el OEM a continuaci\u00f3n para satisfacer sus necesidades.<\/em><\/p>\n<p><strong>Especificaci\u00f3n:<\/strong><br \/>\n* 100% garant\u00eda de calidad probada, m\u00e1s receptivo, menos costoso y m\u00e1s f\u00e1cil de instalar.<br \/>\n* Mejora de 60 pies\/et&#8217;s.<br \/>\n* Hecho de aluminio billet ligero 6061-T6.<br \/>\n* Prueba de tortura en calles y pistas.<br \/>\n* Anodizado negro \/ Grabado con l\u00e1ser Torque Solution.<br \/>\n* Casquillos de dur\u00f3metro 85A.<br \/>\n* Reducir el movimiento del motor.<br \/>\n* Mejorar la tracci\u00f3n y minimizar el salto de las ruedas.<\/p>\n<p><strong>Material y color:<\/strong><br \/>\n* Material: hecho de aluminio T6061 de alta calidad y poliuretano 85A.<br \/>\n* Color: como imagen.<\/p>\n<p><strong>Paquete incluido:<\/strong><br \/>\n* 1x kit de montaje del motor. (100% nuevo, nunca usado ni instalado)<br \/>\nUNA VEZ REALIZADO EL PEDIDO LE DAREMOS SEGUIMIENTO POR NUESTROS DIFERENTES MEDIOS ( WHATS APP, EMAIL, MENSAJES INTERNOS EN LA PLATAFORMA )<br \/>\nESTE PRODUCTO ES BAJO PEDIDO DE FABRICACION<br \/>\nTIEMPO DE ELABORACION:\u00a0 12 a 20 d\u00edas dependiendo demanda de fabricaci\u00f3n.<br \/>\nrecibir\u00e1 la confirmaci\u00f3n de compra al realizar el pedido, posteriormente la confirmaci\u00f3n de la fabricaci\u00f3n una vez fabricado, finalmente recibe la guia de envio y se realizara el envi\u00f3 a la direcci\u00f3n proporcionada<\/p>\n","protected":false},"excerpt":{"rendered":"<p>Aplicaci\u00f3n: * MAZDA 3 Las tablas de compatibilidad de veh\u00edculos son\u00a0S\u00d3LO PARA REFERENCIA.\u00a0Verifique su veh\u00edculo con el OEM a continuaci\u00f3n&hellip;<\/p>\n","protected":false},"featured_media":3212,"comment_status":"open","ping_status":"closed","template":"","meta":{"spay_email":""},"_links":{"self":[{"href":"https:\/\/bewec.com\/index.php?rest_route=\/wp\/v2\/product\/3217"}],"collection":[{"href":"https:\/\/bewec.com\/index.php?rest_route=\/wp\/v2\/product"}],"about":[{"href":"https:\/\/bewec.com\/index.php?rest_route=\/wp\/v2\/types\/product"}],"replies":[{"embeddable":true,"href":"https:\/\/bewec.com\/index.php?rest_route=%2Fwp%2Fv2%2Fcomments&post=3217"}],"version-history":[{"count":2,"href":"https:\/\/bewec.com\/index.php?rest_route=\/wp\/v2\/product\/3217\/revisions"}],"predecessor-version":[{"id":3219,"href":"https:\/\/bewec.com\/index.php?rest_route=\/wp\/v2\/product\/3217\/revisions\/3219"}],"wp:featuredmedia":[{"embeddable":true,"href":"https:\/\/bewec.com\/index.php?rest_route=\/wp\/v2\/media\/3212"}],"wp:attachment":[{"href":"https:\/\/bewec.com\/index.php?rest_route=%2Fwp%2Fv2%2Fmedia&parent=3217"}],"curies":[{"name":"wp","href":"https:\/\/api.w.org\/{rel}","templated":true}]}}