{"id":3180,"date":"2024-05-22T23:29:06","date_gmt":"2024-05-23T04:29:06","guid":{"rendered":"https:\/\/bewec.com\/?post_type=product&#038;p=3180"},"modified":"2024-05-22T23:29:06","modified_gmt":"2024-05-23T04:29:06","slug":"set-de-x10-codos-reductores-silicon-angulo-45-grados","status":"publish","type":"product","link":"https:\/\/bewec.com\/?product=set-de-x10-codos-reductores-silicon-angulo-45-grados","title":{"rendered":"SET DE x10 CODOS REDUCTORES SILICON angulo 45\u00b0 grados"},"content":{"rendered":"<p>set de 10 coples CODOS\u00a0 de silicon 45\u00b0 con REDUCCION<br \/>\n4 capas reforzado<\/p>\n<p><span>Estilo: Manguera reductora de silicona de 45 grados<\/span><br \/>\n<span>Color: Azul\/Negro\/Rojo<\/span><br \/>\n<span>Espesor de la pared: 4,5\u00b10,5 mm, reforzado con 4 capas<\/span><br \/>\n<span>Presi\u00f3n de estallido: 2Mpa<\/span><br \/>\n<span>Presi\u00f3n de trabajo: 0,3Mpa (43,5 PSI) a 0,9Mpa (130,5 PSI)<\/span><br \/>\n<span>Temperatura de trabajo : -76 \u00b0F (-60 \u00b0C) a +500 \u00b0F (+260 \u00b0C)<\/span><br \/>\nPUEDES SELECCIONAR EL TAMA\u00d1O EN LAS OPCIONES (LOS COSTOS VARIAN DE ACUERDO A LA OPCION QUE ESCOJAS)<br \/>\nEL COLOR SE PUEDE SELECCIONAR UNA VEZ REALIZADO EL PEDIDO LE DAREMOS SEGUIMIENTO POR NUESTROS DIFERENTES MEDIOS ( WHATS APP, EMAIL, MENSAJES INTERNOS EN LA PLATAFORMA )<br \/>\nESTE PRODUCTO ES BAJO PEDIDO DE FABRICACION<br \/>\nTIEMPO DE ELABORACION:\u00a0 12 a 20 d\u00edas dependiendo demanda de fabricacion.<br \/>\nrecibir\u00e1 la confirmaci\u00f3n de compra al realizar el pedido, posteriormente la confirmaci\u00f3n de la fabricaci\u00f3n una vez fabricado, finalmente recibe la guia de envio y se realizara el envi\u00f3 a la direcci\u00f3n proporcionada<br \/>\nel tiempo de envi\u00f3 no esta considerado dentro del tiempo de elaboraci\u00f3n.<\/p>\n","protected":false},"excerpt":{"rendered":"<p>set de 10 coples CODOS\u00a0 de silicon 45\u00b0 con REDUCCION 4 capas reforzado Estilo: Manguera reductora de silicona de 45&hellip;<\/p>\n","protected":false},"featured_media":3192,"comment_status":"open","ping_status":"closed","template":"","meta":{"spay_email":""},"_links":{"self":[{"href":"https:\/\/bewec.com\/index.php?rest_route=\/wp\/v2\/product\/3180"}],"collection":[{"href":"https:\/\/bewec.com\/index.php?rest_route=\/wp\/v2\/product"}],"about":[{"href":"https:\/\/bewec.com\/index.php?rest_route=\/wp\/v2\/types\/product"}],"replies":[{"embeddable":true,"href":"https:\/\/bewec.com\/index.php?rest_route=%2Fwp%2Fv2%2Fcomments&post=3180"}],"version-history":[{"count":1,"href":"https:\/\/bewec.com\/index.php?rest_route=\/wp\/v2\/product\/3180\/revisions"}],"predecessor-version":[{"id":3195,"href":"https:\/\/bewec.com\/index.php?rest_route=\/wp\/v2\/product\/3180\/revisions\/3195"}],"wp:featuredmedia":[{"embeddable":true,"href":"https:\/\/bewec.com\/index.php?rest_route=\/wp\/v2\/media\/3192"}],"wp:attachment":[{"href":"https:\/\/bewec.com\/index.php?rest_route=%2Fwp%2Fv2%2Fmedia&parent=3180"}],"curies":[{"name":"wp","href":"https:\/\/api.w.org\/{rel}","templated":true}]}}