{"id":3162,"date":"2024-05-22T22:52:54","date_gmt":"2024-05-23T03:52:54","guid":{"rendered":"https:\/\/bewec.com\/?post_type=product&#038;p=3162"},"modified":"2026-01-22T12:57:06","modified_gmt":"2026-01-22T18:57:06","slug":"set-x10-codo-reductor-de-90-intercooler-turbo-intake-conexiones","status":"publish","type":"product","link":"https:\/\/bewec.com\/?product=set-x10-codo-reductor-de-90-intercooler-turbo-intake-conexiones","title":{"rendered":"SET X10 CODO REDUCTOR DE 90\u00b0 intercooler turbo intake conexiones"},"content":{"rendered":"<p><span style=\"color: #333333; font-family: Arial;\">Manguera de silicona de 90 grados CON REDUCCION (medidas a escoger de acuerdo las fotos o opciones )<\/span><br \/>\n<span style=\"color: #333333;\">Color: Azul\/Negro\/Rojo verde naranja etc<\/span><br \/>\n<span style=\"color: #333333;\">Espesor de la pared: 4,5\u00b10,5 mm, reforzado con 4 capas<\/span><br \/>\n<span style=\"color: #333333;\">Presi\u00f3n de estallido: 2Mpa<\/span><br \/>\n<span style=\"color: #333333;\">Presi\u00f3n de trabajo: 0,3Mpa (43,5 PSI) a 0,9Mpa (130,5 PSI)<\/span><br \/>\n<span style=\"color: #333333;\">Temperatura de trabajo: -76 \u00b0F (-60\u00b0C) a +500\u00b0F (+260\u00b0C)<\/span><\/p>\n<p><strong>EL COLOR SE PUEDE SELECCIONAR UNA VEZ REALIZADO EL PEDIDO LE DAREMOS SEGUIMIENTO POR NUESTROS DIFERENTES MEDIOS ( WHATS APP, EMAIL, MENSAJES INTERNOS EN LA PLATAFORMA )<br \/>\nESTE PRODUCTO ES BAJO PEDIDO DE FABRICACION<br \/>\nTIEMPO DE ELABORACION:\u00a0 12 a 20 d\u00edas dependiendo demanda de fabricaci\u00f3n.<br \/>\nrecibir\u00e1 la confirmaci\u00f3n de compra al realizar el pedido, posteriormente la confirmaci\u00f3n de la fabricaci\u00f3n una vez fabricado, finalmente recibe la guia de envio y se realizara el envi\u00f3 a la direcci\u00f3n proporcionada<br \/>\nel tiempo de envi\u00f3 no esta considerado dentro del tiempo de elaboraci\u00f3n.<\/strong><\/p>\n","protected":false},"excerpt":{"rendered":"<p>Manguera de silicona de 90 grados CON REDUCCION (medidas a escoger de acuerdo las fotos o opciones ) Color: Azul\/Negro\/Rojo&hellip;<\/p>\n","protected":false},"featured_media":3176,"comment_status":"open","ping_status":"closed","template":"","meta":{"spay_email":""},"_links":{"self":[{"href":"https:\/\/bewec.com\/index.php?rest_route=\/wp\/v2\/product\/3162"}],"collection":[{"href":"https:\/\/bewec.com\/index.php?rest_route=\/wp\/v2\/product"}],"about":[{"href":"https:\/\/bewec.com\/index.php?rest_route=\/wp\/v2\/types\/product"}],"replies":[{"embeddable":true,"href":"https:\/\/bewec.com\/index.php?rest_route=%2Fwp%2Fv2%2Fcomments&post=3162"}],"version-history":[{"count":2,"href":"https:\/\/bewec.com\/index.php?rest_route=\/wp\/v2\/product\/3162\/revisions"}],"predecessor-version":[{"id":3181,"href":"https:\/\/bewec.com\/index.php?rest_route=\/wp\/v2\/product\/3162\/revisions\/3181"}],"wp:featuredmedia":[{"embeddable":true,"href":"https:\/\/bewec.com\/index.php?rest_route=\/wp\/v2\/media\/3176"}],"wp:attachment":[{"href":"https:\/\/bewec.com\/index.php?rest_route=%2Fwp%2Fv2%2Fmedia&parent=3162"}],"curies":[{"name":"wp","href":"https:\/\/api.w.org\/{rel}","templated":true}]}}