{"id":3106,"date":"2024-05-22T20:12:00","date_gmt":"2024-05-23T01:12:00","guid":{"rendered":"https:\/\/bewec.com\/?post_type=product&#038;p=3106"},"modified":"2024-05-22T20:35:59","modified_gmt":"2024-05-23T01:35:59","slug":"set-10-codos-silicon-45-mayorista","status":"publish","type":"product","link":"https:\/\/bewec.com\/?product=set-10-codos-silicon-45-mayorista","title":{"rendered":"SET 10 CODOS SILICON 45\u00b0 mayorista 51MM 54MM 63MM 70MM 76MM 89MM 102MM"},"content":{"rendered":"<p>set de 10 coples CODO de silicon 45\u00b0<br \/>\n4 capas reforzado<br \/>\nPUEDES DELECCIONAR EL TAMA\u00d1O EN LAS OPCIONES (LOS COSTOS VARIAN DEACUERDO A LA OPCION QUE ESCOJAS)<br \/>\nEL COLOR SE PUEDE SELECCIONAR UNA VEZ REALIZADO EL PEDIDO LE DAREMOS SEGUIMIENTO POR NUESTROS DIFERENTES MEDIOS ( WHATS APP, EMAIL, MENSAJES INTERNOS EN LA PLATAFORMA )<br \/>\nESTE PRODUCTO ES BAJO PEDIDO DE FABRICACION<br \/>\nTIEMPO DE ELABORACION:\u00a0 12 a 20 d\u00edas dependiendo demanda de fabricacion.<br \/>\nrecibir\u00e1 la confirmaci\u00f3n de compra al realizar el pedido, posteriormente la confirmaci\u00f3n de la fabricaci\u00f3n una vez fabricado, finalmente recibe la guia de envio y se realizara el envi\u00f3 a la direcci\u00f3n proporcionada<br \/>\nel tiempo de envi\u00f3 no esta considerado dentro del tiempo de elaboraci\u00f3n.<\/p>\n","protected":false},"excerpt":{"rendered":"<p>set de 10 coples CODO de silicon 45\u00b0 4 capas reforzado PUEDES DELECCIONAR EL TAMA\u00d1O EN LAS OPCIONES (LOS COSTOS&hellip;<\/p>\n","protected":false},"featured_media":3117,"comment_status":"open","ping_status":"closed","template":"","meta":{"spay_email":""},"_links":{"self":[{"href":"https:\/\/bewec.com\/index.php?rest_route=\/wp\/v2\/product\/3106"}],"collection":[{"href":"https:\/\/bewec.com\/index.php?rest_route=\/wp\/v2\/product"}],"about":[{"href":"https:\/\/bewec.com\/index.php?rest_route=\/wp\/v2\/types\/product"}],"replies":[{"embeddable":true,"href":"https:\/\/bewec.com\/index.php?rest_route=%2Fwp%2Fv2%2Fcomments&post=3106"}],"version-history":[{"count":3,"href":"https:\/\/bewec.com\/index.php?rest_route=\/wp\/v2\/product\/3106\/revisions"}],"predecessor-version":[{"id":3123,"href":"https:\/\/bewec.com\/index.php?rest_route=\/wp\/v2\/product\/3106\/revisions\/3123"}],"wp:featuredmedia":[{"embeddable":true,"href":"https:\/\/bewec.com\/index.php?rest_route=\/wp\/v2\/media\/3117"}],"wp:attachment":[{"href":"https:\/\/bewec.com\/index.php?rest_route=%2Fwp%2Fv2%2Fmedia&parent=3106"}],"curies":[{"name":"wp","href":"https:\/\/api.w.org\/{rel}","templated":true}]}}