{"id":3101,"date":"2024-05-22T19:23:41","date_gmt":"2024-05-23T00:23:41","guid":{"rendered":"https:\/\/bewec.com\/?post_type=product&#038;p=3101"},"modified":"2025-04-28T16:57:11","modified_gmt":"2025-04-28T22:57:11","slug":"brazos-de-suspension-ajustable-civic-2006-2011-camber-honda","status":"publish","type":"product","link":"https:\/\/bewec.com\/?product=brazos-de-suspension-ajustable-civic-2006-2011-camber-honda","title":{"rendered":"BRAZOS DE SUSPENSION AJUSTABLE CIVIC 2006-2011 CAMBER HONDA"},"content":{"rendered":"<p><strong>Kit de brazo de control de inclinaci\u00f3n de suspensi\u00f3n superior trasera ajustable Hecho<\/strong><br \/>\nde aluminio liviano mecanizado por CNC<br \/>\nMejorar\u00e1 la apariencia y el rendimiento en cualquier auto de calle, pista o carrera de arrastre<br \/>\nEstos LCA brindan un rendimiento liviano sin sacrificar la durabilidad<br \/>\nTambi\u00e9n se incluye buje de alto rendimiento para mejorar el<br \/>\nmanejo Haga una gran actualizaci\u00f3n a cualquier unidad vieja y desgastada, \u00bfpor qu\u00e9 molestarse en reemplazar los casquillos de baja calidad cuando pueda?<\/p>\n<p><strong>EL PAQUETE INCLUYE<\/strong><br \/>\n1 par (uno izquierdo y otro derecho) Kit de brazo de control de inclinaci\u00f3n de suspensi\u00f3n superior trasera ajustable con adhesivo original<\/p>\n<p><strong>Colores: ORO\/PLATA<\/strong><\/p>\n<p><strong>Se adapta al modelo de autom\u00f3vil<\/strong><br \/>\nHonda Civic 2\/4Dr 2006-2011 Todos los modelos<br \/>\nSOLAMENTE PARA LOS MODELOS HONDA CIVIC 2006-2011<\/p>\n<p>ESTE PRODUCTO ES BAJO PEDIDO DE FABRICACION<br \/>\nTIEMPO DE ELABORACION: 5 a 15 d\u00edas dependiendo demanda de fabricacion.<br \/>\nrecibir\u00e1 la confirmaci\u00f3n de compra al realizar el pedido, posteriormente la confirmaci\u00f3n de la fabricaci\u00f3n una vez fabricado, finalmente recibe la guia de envio y se realizara el envi\u00f3 a la direcci\u00f3n proporcionada<br \/>\nel tiempo de envi\u00f3 no esta considerado dentro del tiempo de elaboraci\u00f3n.<\/p>\n","protected":false},"excerpt":{"rendered":"<p>Kit de brazo de control de inclinaci\u00f3n de suspensi\u00f3n superior trasera ajustable Hecho de aluminio liviano mecanizado por CNC Mejorar\u00e1&hellip;<\/p>\n","protected":false},"featured_media":3103,"comment_status":"open","ping_status":"closed","template":"","meta":{"spay_email":""},"_links":{"self":[{"href":"https:\/\/bewec.com\/index.php?rest_route=\/wp\/v2\/product\/3101"}],"collection":[{"href":"https:\/\/bewec.com\/index.php?rest_route=\/wp\/v2\/product"}],"about":[{"href":"https:\/\/bewec.com\/index.php?rest_route=\/wp\/v2\/types\/product"}],"replies":[{"embeddable":true,"href":"https:\/\/bewec.com\/index.php?rest_route=%2Fwp%2Fv2%2Fcomments&post=3101"}],"version-history":[{"count":2,"href":"https:\/\/bewec.com\/index.php?rest_route=\/wp\/v2\/product\/3101\/revisions"}],"predecessor-version":[{"id":3105,"href":"https:\/\/bewec.com\/index.php?rest_route=\/wp\/v2\/product\/3101\/revisions\/3105"}],"wp:featuredmedia":[{"embeddable":true,"href":"https:\/\/bewec.com\/index.php?rest_route=\/wp\/v2\/media\/3103"}],"wp:attachment":[{"href":"https:\/\/bewec.com\/index.php?rest_route=%2Fwp%2Fv2%2Fmedia&parent=3101"}],"curies":[{"name":"wp","href":"https:\/\/api.w.org\/{rel}","templated":true}]}}