{"id":3099,"date":"2024-05-22T19:11:42","date_gmt":"2024-05-23T00:11:42","guid":{"rendered":"https:\/\/bewec.com\/?post_type=product&#038;p=3099"},"modified":"2025-04-28T16:57:55","modified_gmt":"2025-04-28T22:57:55","slug":"brazos-de-suspension-ajustable-mazda-3-y-mazdaspeed-camber-trasero","status":"publish","type":"product","link":"https:\/\/bewec.com\/?product=brazos-de-suspension-ajustable-mazda-3-y-mazdaspeed-camber-trasero","title":{"rendered":"brazos de suspension ajustable MAZDA 3 Y mazdaSPEED  CAMBER TRASERO"},"content":{"rendered":"<p>Los kits de camber de Epman est\u00e1n fabricados con materiales y mano de obra de alta calidad para garantizar un ajuste perfecto y a\u00f1os de uso sin problemas.<br \/>\nLos kits de camber de Epman le brindan el rango de ajuste necesario para ajustar su camber a sus necesidades espec\u00edficas: conducci\u00f3n diaria, carreras de resistencia, autocross o pista.<br \/>\nDise\u00f1ado para ser confiable para el uso diario pero lo suficientemente fuerte para un uso en carreras de alto rendimiento.<\/p>\n<p><span>Para Mazda 3 Todos los modelos 2004-2013<\/span><br \/>\n<span>Para Mazda 5 2006-2017<\/span><\/p>\n<p><strong>Caracter\u00edsticas:<\/strong><br \/>\nBrazos de aluminio mecanizados por CNC con nudillos de aleaci\u00f3n de acero de alta resistencia<br \/>\nAcabado anodizado para protecci\u00f3n contra la corrosi\u00f3n<br \/>\nRango de correcci\u00f3n de inclinaci\u00f3n +\/- 4 grados<br \/>\nMejora el manejo y elimina el desgaste desigual de los neum\u00e1ticos<br \/>\nDebe tener para veh\u00edculos bajados<br \/>\n**Este art\u00edculo no est\u00e1 dise\u00f1ado para veh\u00edculos con inclinaci\u00f3n EXCESIVA o SUSPENSIONES DE AIRE.**<\/p>\n<p>&nbsp;<\/p>\n<p>ESTE PRODUCTO ES BAJO PEDIDO DE FABRICACION<br \/>\nTIEMPO DE ELABORACION: 5 a 15 d\u00edas dependiendo demanda de fabricacion.<br \/>\nrecibir\u00e1 la confirmaci\u00f3n de compra al realizar el pedido, posteriormente la confirmaci\u00f3n de la fabricaci\u00f3n una vez fabricado, finalmente recibe la guia de envio y se realizara el envi\u00f3 a la direcci\u00f3n proporcionada<br \/>\nel tiempo de envi\u00f3 no esta considerado dentro del tiempo de elaboraci\u00f3n.<\/p>\n","protected":false},"excerpt":{"rendered":"<p>Los kits de camber de Epman est\u00e1n fabricados con materiales y mano de obra de alta calidad para garantizar un&hellip;<\/p>\n","protected":false},"featured_media":3092,"comment_status":"open","ping_status":"closed","template":"","meta":{"spay_email":""},"_links":{"self":[{"href":"https:\/\/bewec.com\/index.php?rest_route=\/wp\/v2\/product\/3099"}],"collection":[{"href":"https:\/\/bewec.com\/index.php?rest_route=\/wp\/v2\/product"}],"about":[{"href":"https:\/\/bewec.com\/index.php?rest_route=\/wp\/v2\/types\/product"}],"replies":[{"embeddable":true,"href":"https:\/\/bewec.com\/index.php?rest_route=%2Fwp%2Fv2%2Fcomments&post=3099"}],"version-history":[{"count":1,"href":"https:\/\/bewec.com\/index.php?rest_route=\/wp\/v2\/product\/3099\/revisions"}],"predecessor-version":[{"id":3100,"href":"https:\/\/bewec.com\/index.php?rest_route=\/wp\/v2\/product\/3099\/revisions\/3100"}],"wp:featuredmedia":[{"embeddable":true,"href":"https:\/\/bewec.com\/index.php?rest_route=\/wp\/v2\/media\/3092"}],"wp:attachment":[{"href":"https:\/\/bewec.com\/index.php?rest_route=%2Fwp%2Fv2%2Fmedia&parent=3099"}],"curies":[{"name":"wp","href":"https:\/\/api.w.org\/{rel}","templated":true}]}}