{"id":3077,"date":"2024-05-22T17:44:44","date_gmt":"2024-05-22T22:44:44","guid":{"rendered":"https:\/\/bewec.com\/?post_type=product&#038;p=3077"},"modified":"2024-05-22T17:44:44","modified_gmt":"2024-05-22T22:44:44","slug":"set-de-20-filtros-de-aire-alto-flujo-epman-professional","status":"publish","type":"product","link":"https:\/\/bewec.com\/?product=set-de-20-filtros-de-aire-alto-flujo-epman-professional","title":{"rendered":"SET de 20 FILTROS DE AIRE alto flujo EPMAN Professional"},"content":{"rendered":"<p>filtro de alto flujo universal<br \/>\nentrada de 3&#8243;\u00a0 set de 20 filtros alto flujo<br \/>\nlavables, para uso superior a 100,000km\u00a0 o hasta 5 a\u00f1os<br \/>\nESTE PRODUCTO ES BAJO PEDIDO DE FABRICACION<br \/>\nTIEMPO DE ELABORACION: 5 a 15 d\u00edas dependiendo demanda de fabricacion.<br \/>\nrecibir\u00e1 la confirmaci\u00f3n de compra al realizar el pedido, posteriormente la confirmaci\u00f3n de la fabricaci\u00f3n una vez fabricado, finalmente recibe la guia de envio y se realizara el envi\u00f3 a la direcci\u00f3n proporcionada<br \/>\nel tiempo de envi\u00f3 no esta considerado dentro del tiempo de elaboraci\u00f3n.<\/p>\n","protected":false},"excerpt":{"rendered":"<p>filtro de alto flujo universal entrada de 3&#8243;\u00a0 set de 20 filtros alto flujo lavables, para uso superior a 100,000km\u00a0&hellip;<\/p>\n","protected":false},"featured_media":3083,"comment_status":"open","ping_status":"closed","template":"","meta":{"spay_email":""},"_links":{"self":[{"href":"https:\/\/bewec.com\/index.php?rest_route=\/wp\/v2\/product\/3077"}],"collection":[{"href":"https:\/\/bewec.com\/index.php?rest_route=\/wp\/v2\/product"}],"about":[{"href":"https:\/\/bewec.com\/index.php?rest_route=\/wp\/v2\/types\/product"}],"replies":[{"embeddable":true,"href":"https:\/\/bewec.com\/index.php?rest_route=%2Fwp%2Fv2%2Fcomments&post=3077"}],"version-history":[{"count":1,"href":"https:\/\/bewec.com\/index.php?rest_route=\/wp\/v2\/product\/3077\/revisions"}],"predecessor-version":[{"id":3088,"href":"https:\/\/bewec.com\/index.php?rest_route=\/wp\/v2\/product\/3077\/revisions\/3088"}],"wp:featuredmedia":[{"embeddable":true,"href":"https:\/\/bewec.com\/index.php?rest_route=\/wp\/v2\/media\/3083"}],"wp:attachment":[{"href":"https:\/\/bewec.com\/index.php?rest_route=%2Fwp%2Fv2%2Fmedia&parent=3077"}],"curies":[{"name":"wp","href":"https:\/\/api.w.org\/{rel}","templated":true}]}}