{"id":2855,"date":"2021-09-01T22:23:35","date_gmt":"2021-09-02T03:23:35","guid":{"rendered":"https:\/\/bewec.com\/?product=producto"},"modified":"2026-03-07T03:20:26","modified_gmt":"2026-03-07T09:20:26","slug":"producto","status":"publish","type":"product","link":"https:\/\/bewec.com\/?product=producto","title":{"rendered":"Toma de aire cofre universal tipo fibra carbono"},"content":{"rendered":"<p>Material pl\u00e1stico abs de excelente calidad (igual que las im\u00e1genes).<br \/>\nEs necesario cortar cofre tipo carbono gris<\/p>\n<p>IMPORTANTE:<\/p>\n<p>ES IMPORTANTE QUE CONFIRMES LA MEDIDA QUE NECESITAS SEA LA MISMA QUE LA PUBLICADA.<br \/>\nEn nuestro catalogo contamos con productos de uso universal, es importante no forzar ningun producto en caso de incompatibilidad si desea devolver.<\/p>\n<p>*para devoluciones es importante que el producto se encuentre en optimas condiciones iguales a las del momento del envi\u00f3, sin usar, ni da\u00f1os o mancha derivado de la prueba o uso de los mismos productos , evitemos un reclamo de ambas partes.<br \/>\nGARANTIAS Y DEVOLUCIONES:<\/p>\n<p>Todo comprador puede realizar la devoluci\u00f3n de su compra durante 30 dias, siempre que el producto no se use ni pruebe en ningun momento, esto con la finalidad que se encuentre en optimas condiciones igual que al momento del envio (sin da\u00f1os, manchas o marcas de uso y en su caja original si aplica) &#8220;esto aplica cuando el cliente se arrepiente de su compra o no era lo que esperaba. &#8220;Es importante marcar la opcion&#8221; ES LO QUE COMPRE PERO NO ME SIRVE posteriormente la opcion ES EL COLOR \/ TAMA\u00d1O \/ MODELO QUE ELEGI PERO NO ME SIRVE de esta forma mercado libre le dar\u00e1 una etiqueta para devolver producto.<\/p>\n<p>*el tipo de garantia se encuentra visible en los detalles de la publicacion.<\/p>\n<p>La garantia de fabrica, cubre el tiempo marcado en la publicacion, en este tipo de garantia unicamente se cubre defectos que tuviera el producto nuevo antes de su instalacion (como tal un defecto de fabricacion), en ningun momento se consideran fallas mec\u00e1nicas, el\u00e9ctricas, o da\u00f1os por mal uso o instalacion en el producto. ( devolucion completa solo si aplica)<\/p>\n<p>Garantia de vendedor, en este tipo de garantia se cubre cualquier desperfecto que el producto nuevo e instalado pudiera presentar durante el tiempo indicado en la publicaci\u00f3n, (es importante para validar esta garantia, evidenciar lo correcta instalacion, grabar el momento de la instalacion del producto).<br \/>\n( le recomendamos tomar imagen de su producto antes de abrir y despues de abrir para evitar cualquier mal entendido derivado a situaciones en las cuales la paqueteria viola los sellos del empaque)<\/p>\n<p>Estamos comprometidos por darle el mejor servicio por lo mismo todo producto es revisado y probado antes de enviar para asegurar que llegue a usted en optimas condiciones evitando disgustos y perdidas de tiempo, gracias por su atencion!<\/p>\n","protected":false},"excerpt":{"rendered":"<p>Material pl\u00e1stico abs de excelente calidad (igual que las im\u00e1genes). Es necesario cortar cofre tipo carbono gris IMPORTANTE: ES IMPORTANTE&hellip;<\/p>\n","protected":false},"featured_media":2848,"comment_status":"open","ping_status":"closed","template":"","meta":{"spay_email":""},"_links":{"self":[{"href":"https:\/\/bewec.com\/index.php?rest_route=\/wp\/v2\/product\/2855"}],"collection":[{"href":"https:\/\/bewec.com\/index.php?rest_route=\/wp\/v2\/product"}],"about":[{"href":"https:\/\/bewec.com\/index.php?rest_route=\/wp\/v2\/types\/product"}],"replies":[{"embeddable":true,"href":"https:\/\/bewec.com\/index.php?rest_route=%2Fwp%2Fv2%2Fcomments&post=2855"}],"version-history":[{"count":1,"href":"https:\/\/bewec.com\/index.php?rest_route=\/wp\/v2\/product\/2855\/revisions"}],"predecessor-version":[{"id":2856,"href":"https:\/\/bewec.com\/index.php?rest_route=\/wp\/v2\/product\/2855\/revisions\/2856"}],"wp:featuredmedia":[{"embeddable":true,"href":"https:\/\/bewec.com\/index.php?rest_route=\/wp\/v2\/media\/2848"}],"wp:attachment":[{"href":"https:\/\/bewec.com\/index.php?rest_route=%2Fwp%2Fv2%2Fmedia&parent=2855"}],"curies":[{"name":"wp","href":"https:\/\/api.w.org\/{rel}","templated":true}]}}