{"id":2829,"date":"2021-08-31T22:18:08","date_gmt":"2021-09-01T03:18:08","guid":{"rendered":"https:\/\/bewec.com\/?post_type=product&#038;p=2829"},"modified":"2021-08-31T22:35:34","modified_gmt":"2021-09-01T03:35:34","slug":"medidor-de-combustible-con-flotador","status":"publish","type":"product","link":"https:\/\/bewec.com\/?product=medidor-de-combustible-con-flotador","title":{"rendered":"medidor de combustible con flotador"},"content":{"rendered":"<p>Condici\u00f3n 100% nuevo<br \/>\nindicador de combustible<\/p>\n<p>Rango de Meansure: E-1\/2-F<\/p>\n<p>Material : metal y pl\u00e1stico<\/p>\n<p>Carcasa, color: gris<\/p>\n<p>Voltaje: 12V<\/p>\n<p>Longitud: 47,5mm\/1,87 pulgadas<\/p>\n<p>Di\u00e1metro: 57mm\/2,24 pulgadas<\/p>\n<p>Longitud del Cable: 51cm\/20.08in<\/p>\n<p>Cantidad: 1pc<\/p>\n<p>Caracter\u00edsticas: el aspecto de las carreras mejora la caracter\u00edstica de tu coche. Pantalla LED superbrillante. Viene con un manual de instalaci\u00f3n.<\/p>\n<p>Ajuste: indicador Universal de combustible de 2 &#8220;\/52mm de di\u00e1metro para coche<\/p>\n<p>(La compatibilidad solo como referencia. Por favor, aseg\u00farese de que el art\u00edculo se ajuste a su coche antes de comprar.)<\/p>\n<p>Nota:<\/p>\n<p>1. Proporcionamos im\u00e1genes claras, medidas cuando sea posible. Comprueba todo lo posible para asegurarte de que el art\u00edculo sea el que necesitas.<\/p>\n<p>incluye el manual de instalaci\u00f3n requiere instalacion profesional, no se aceptan devoluciones con productos probados o instalados<\/p>\n<p>IMPORTANTE:<\/p>\n<p>ES IMPORTANTE QUE CONFIRMES LA MEDIDA QUE NECESITAS SEA LA MISMA QUE LA PUBLICADA.<br \/>\nEn nuestro catalogo contamos con productos de uso universal, es importante no forzar ningun producto en caso de incompatibilidad si desea devolver.<\/p>\n<p>*para devoluciones es importante que el producto se encuentre en optimas condiciones iguales a las del momento del envi\u00f3, sin usar, ni da\u00f1os o mancha derivado de la prueba o uso de los mismos productos , evitemos un reclamo de ambas partes.<br \/>\nGARANTIAS Y DEVOLUCIONES:<\/p>\n<p>Todo comprador puede realizar la devoluci\u00f3n de su compra durante 30 dias, siempre que el producto no se use ni pruebe en ningun momento, esto con la finalidad que se encuentre en optimas condiciones igual que al momento del envio (sin da\u00f1os, manchas o marcas de uso y en su caja original si aplica) &#8220;esto aplica cuando el cliente se arrepiente de su compra o no era lo que esperaba. &#8220;Es importante marcar la opcion&#8221; ES LO QUE COMPRE PERO NO ME SIRVE posteriormente la opcion ES EL COLOR \/ TAMA\u00d1O \/ MODELO QUE ELEGI PERO NO ME SIRVE de esta forma mercado libre le dar\u00e1 una etiqueta para devolver producto.<\/p>\n<p>*el tipo de garantia se encuentra visible en los detalles de la publicacion.<\/p>\n<p>La garantia de fabrica, cubre el tiempo marcado en la publicacion, en este tipo de garantia unicamente se cubre defectos que tuviera el producto nuevo antes de su instalacion (como tal un defecto de fabricacion), en ningun momento se consideran fallas mec\u00e1nicas, el\u00e9ctricas, o da\u00f1os por mal uso o instalacion en el producto. ( devolucion completa solo si aplica)<\/p>\n<p>Garantia de vendedor, en este tipo de garantia se cubre cualquier desperfecto que el producto nuevo e instalado pudiera presentar durante el tiempo indicado en la publicaci\u00f3n, (es importante para validar esta garantia, evidenciar lo correcta instalacion, grabar el momento de la instalacion del producto).<br \/>\n( le recomendamos tomar imagen de su producto antes de abrir y despues de abrir para evitar cualquier mal entendido derivado a situaciones en las cuales la paqueteria viola los sellos del empaque)<\/p>\n<p>Estamos comprometidos por darle el mejor servicio por lo mismo todo producto es revisado y probado antes de enviar para asegurar que llegue a usted en optimas condiciones evitando disgustos y perdidas de tiempo, gracias por su atencion!<\/p>\n","protected":false},"excerpt":{"rendered":"<p>Condici\u00f3n 100% nuevo indicador de combustible Rango de Meansure: E-1\/2-F Material : metal y pl\u00e1stico Carcasa, color: gris Voltaje: 12V&hellip;<\/p>\n","protected":false},"featured_media":2830,"comment_status":"open","ping_status":"closed","template":"","meta":{"spay_email":""},"_links":{"self":[{"href":"https:\/\/bewec.com\/index.php?rest_route=\/wp\/v2\/product\/2829"}],"collection":[{"href":"https:\/\/bewec.com\/index.php?rest_route=\/wp\/v2\/product"}],"about":[{"href":"https:\/\/bewec.com\/index.php?rest_route=\/wp\/v2\/types\/product"}],"replies":[{"embeddable":true,"href":"https:\/\/bewec.com\/index.php?rest_route=%2Fwp%2Fv2%2Fcomments&post=2829"}],"version-history":[{"count":1,"href":"https:\/\/bewec.com\/index.php?rest_route=\/wp\/v2\/product\/2829\/revisions"}],"predecessor-version":[{"id":2837,"href":"https:\/\/bewec.com\/index.php?rest_route=\/wp\/v2\/product\/2829\/revisions\/2837"}],"wp:featuredmedia":[{"embeddable":true,"href":"https:\/\/bewec.com\/index.php?rest_route=\/wp\/v2\/media\/2830"}],"wp:attachment":[{"href":"https:\/\/bewec.com\/index.php?rest_route=%2Fwp%2Fv2%2Fmedia&parent=2829"}],"curies":[{"name":"wp","href":"https:\/\/api.w.org\/{rel}","templated":true}]}}