{"id":2818,"date":"2021-08-31T21:52:02","date_gmt":"2021-09-01T02:52:02","guid":{"rendered":"https:\/\/bewec.com\/?post_type=product&#038;p=2818"},"modified":"2026-01-22T13:00:30","modified_gmt":"2026-01-22T19:00:30","slug":"wideband-medidor-narrowband-mezcla-aire-combustible-con-voltimetro","status":"publish","type":"product","link":"https:\/\/bewec.com\/?product=wideband-medidor-narrowband-mezcla-aire-combustible-con-voltimetro","title":{"rendered":"wideband medidor narrowband mezcla aire combustible con voltimetro"},"content":{"rendered":"","protected":false},"excerpt":{"rendered":"<p>1: se requiere instalacion profesional y tecnica<br \/>\n2: sensor de banda corta narrowband cumple con OEM<\/p>\n<p>3: este kit es de uso universal por lo que requiere adaptar en el vehiculo<br \/>\n*El medidor se puede adaptar al sensor del vehiculo original mientras este sea narrowband con se\u00f1al de 0 a 0.9v, de lo contrario es necesario instalar el sensor que se incluye con el medidor<\/p>\n<p>El voltaje de se\u00f1al de este sensor de ox\u00edgeno O2 es solo dos:0,1 V y 0,9 V, lo que permite que el medidor genere una osilacion entre mezcla rica y pobre constantemente<br \/>\npantalla digital de voltaje y mezcla<br \/>\nCuando est\u00e1 alimentado en el medidor digital, leer\u00e1 el voltaje durante 1 minuto y cambiar\u00e1 a la relaci\u00f3n de combustible de aire\/gasolina del escape.<br \/>\nSolo volver\u00e1 al voltaje si hay una disminuci\u00f3n o aumento<br \/>\n(volt\u00edmetro Digital y indicador de relaci\u00f3n de combustible de aire LED Digital)<\/p>\n<p>Lectura AFR: entre 20 y 10 AFR<br \/>\nVoltios Lee entre 8 &#8211; 16 voltios<br \/>\nLectura Digital azul<br \/>\nlente fantasma (polarizado)<br \/>\npara autos de gasolina<\/p>\n<p>se incluye<\/p>\n<p>1 x aire combustible medidor de AFR dyno<\/p>\n<p>1 x Sensor de ox\u00edgeno de banda estrecha (universal)<\/p>\n<p>1 Manual en ingl\u00e9s(Solo ense\u00f1a a instalar el medidor, pero no ense\u00f1a c\u00f3mo instalar el sensor O2, para el sensor se contempla un 02 de 4 vias (se\u00f1al, tierra y 2 calentadores<br \/>\nIMPORTANTE:<\/p>\n<p>ES IMPORTANTE QUE CONFIRMES LA MEDIDA QUE NECESITAS SEA LA MISMA QUE LA PUBLICADA.<br \/>\nEn nuestro catalogo contamos con productos de uso universal, es importante no forzar ningun producto en caso de incompatibilidad si desea devolver.<\/p>\n<p>*para devoluciones es importante que el producto se encuentre en optimas condiciones iguales a las del momento del envi\u00f3, sin usar, ni da\u00f1os o mancha derivado de la prueba o uso de los mismos productos , evitemos un reclamo de ambas partes.<br \/>\nGARANTIAS Y DEVOLUCIONES:<\/p>\n<p>Todo comprador puede realizar la devoluci\u00f3n de su compra durante 30 dias, siempre que el producto no se use ni pruebe en ningun momento, esto con la finalidad que se encuentre en optimas condiciones igual que al momento del envio (sin da\u00f1os, manchas o marcas de uso y en su caja original si aplica) &#8220;esto aplica cuando el cliente se arrepiente de su compra o no era lo que esperaba. &#8220;Es importante marcar la opcion&#8221; ES LO QUE COMPRE PERO NO ME SIRVE posteriormente la opcion ES EL COLOR \/ TAMA\u00d1O \/ MODELO QUE ELEGI PERO NO ME SIRVE de esta forma mercado libre le dar\u00e1 una etiqueta para devolver producto.<\/p>\n<p>*el tipo de garantia se encuentra visible en los detalles de la publicacion.<\/p>\n<p>La garantia de fabrica, cubre el tiempo marcado en la publicacion, en este tipo de garantia unicamente se cubre defectos que tuviera el producto nuevo antes de su instalacion (como tal un defecto de fabricacion), en ningun momento se consideran fallas mec\u00e1nicas, el\u00e9ctricas, o da\u00f1os por mal uso o instalacion en el producto. ( devolucion completa solo si aplica)<\/p>\n<p>Garantia de vendedor, en este tipo de garantia se cubre cualquier desperfecto que el producto nuevo e instalado pudiera presentar durante el tiempo indicado en la publicaci\u00f3n, (es importante para validar esta garantia, evidenciar lo correcta instalacion, grabar el momento de la instalacion del producto).<br \/>\n( le recomendamos tomar imagen de su producto antes de abrir y despues de abrir para evitar cualquier mal entendido derivado a situaciones en las cuales la paqueteria viola los sellos del empaque)<\/p>\n<p>Estamos comprometidos por darle el mejor servicio por lo mismo todo producto es revisado y probado antes de enviar para asegurar que llegue a usted en optimas condiciones evitando disgustos y perdidas de tiempo, gracias por su atencion!<\/p>\n","protected":false},"featured_media":2819,"comment_status":"open","ping_status":"closed","template":"","meta":{"spay_email":""},"_links":{"self":[{"href":"https:\/\/bewec.com\/index.php?rest_route=\/wp\/v2\/product\/2818"}],"collection":[{"href":"https:\/\/bewec.com\/index.php?rest_route=\/wp\/v2\/product"}],"about":[{"href":"https:\/\/bewec.com\/index.php?rest_route=\/wp\/v2\/types\/product"}],"replies":[{"embeddable":true,"href":"https:\/\/bewec.com\/index.php?rest_route=%2Fwp%2Fv2%2Fcomments&post=2818"}],"version-history":[{"count":1,"href":"https:\/\/bewec.com\/index.php?rest_route=\/wp\/v2\/product\/2818\/revisions"}],"predecessor-version":[{"id":2828,"href":"https:\/\/bewec.com\/index.php?rest_route=\/wp\/v2\/product\/2818\/revisions\/2828"}],"wp:featuredmedia":[{"embeddable":true,"href":"https:\/\/bewec.com\/index.php?rest_route=\/wp\/v2\/media\/2819"}],"wp:attachment":[{"href":"https:\/\/bewec.com\/index.php?rest_route=%2Fwp%2Fv2%2Fmedia&parent=2818"}],"curies":[{"name":"wp","href":"https:\/\/api.w.org\/{rel}","templated":true}]}}