{"id":2772,"date":"2021-03-22T23:41:43","date_gmt":"2021-03-23T05:41:43","guid":{"rendered":"https:\/\/bewec.com\/?post_type=product&#038;p=2772"},"modified":"2023-08-24T12:00:57","modified_gmt":"2023-08-24T18:00:57","slug":"2772","status":"publish","type":"product","link":"https:\/\/bewec.com\/?product=2772","title":{"rendered":"Base pod tripe medidores 2&#8243; tipo fibra"},"content":{"rendered":"<p style=\"text-align: left;\">Base triple para medidores de 2&#8243;<br \/>\nMaterial pl\u00e1stico Abs tipo fibra carbono<br \/>\n(tal como imagen)<\/p>\n<p>Si buscas ver el producto. Instalado o m\u00e1s detalles puedes buscar nuestros videos o publicaciones ya instalados en Works Elite Cars<\/p>\n<p>RECOMENDACION:<br \/>\nsi deseas comprar varios productos o lotes puedes acceder a nuestro sitio BEWEC (Works Elite Cars) y obtener precios preferenciales.<\/p>\n<p>IMPORTANTE:<\/p>\n<p>ES IMPORTANTE QUE CONFIRMES LA MEDIDA QUE NECESITAS SEA LA MISMA QUE LA PUBLICADA.<br \/>\nEn nuestro catalogo contamos con productos de uso universal, es importante no forzar ningun producto en caso de incompatibilidad si desea devolver.<\/p>\n<p>*para devoluciones es importante que el producto se encuentre en optimas condiciones iguales a las del momento del envi\u00f3, sin usar, ni da\u00f1os o mancha derivado de la prueba o uso de los mismos productos , evitemos un reclamo de ambas partes.<br \/>\nGARANTIAS Y DEVOLUCIONES:<\/p>\n<p>&nbsp;<\/p>\n<p>*el tipo de garantia se encuentra visible en los detalles de la publicacion.<\/p>\n<p>La garantia de fabrica, cubre el tiempo marcado en la publicacion, en este tipo de garantia unicamente se cubre defectos que tuviera el producto nuevo antes de su instalacion (como tal un defecto de fabricacion), en ningun momento se consideran fallas mec\u00e1nicas, el\u00e9ctricas, o da\u00f1os por mal uso o instalacion en el producto. ( devolucion completa solo si aplica)<\/p>\n<p>Garantia de vendedor, en este tipo de garantia se cubre cualquier desperfecto que el producto nuevo e instalado pudiera presentar durante el tiempo indicado en la publicaci\u00f3n, (es importante para validar esta garantia, evidenciar lo correcta instalacion, grabar el momento de la instalacion del producto).<br \/>\n( le recomendamos tomar imagen de su producto antes de abrir y despues de abrir para evitar cualquier mal entendido derivado a situaciones en las cuales la paqueteria viola los sellos del empaque)<\/p>\n<p>Estamos comprometidos por darle el mejor servicio por lo mismo todo producto es revisado y probado antes de enviar para asegurar que llegue a usted en optimas condiciones evitando disgustos y perdidas de tiempo, gracias por su atencion!<\/p>\n","protected":false},"excerpt":{"rendered":"<p>Base triple para medidores de 2&#8243; Material pl\u00e1stico Abs tipo fibra carbono (tal como imagen) Si buscas ver el producto.&hellip;<\/p>\n","protected":false},"featured_media":2773,"comment_status":"open","ping_status":"closed","template":"","meta":{"spay_email":""},"_links":{"self":[{"href":"https:\/\/bewec.com\/index.php?rest_route=\/wp\/v2\/product\/2772"}],"collection":[{"href":"https:\/\/bewec.com\/index.php?rest_route=\/wp\/v2\/product"}],"about":[{"href":"https:\/\/bewec.com\/index.php?rest_route=\/wp\/v2\/types\/product"}],"replies":[{"embeddable":true,"href":"https:\/\/bewec.com\/index.php?rest_route=%2Fwp%2Fv2%2Fcomments&post=2772"}],"version-history":[{"count":3,"href":"https:\/\/bewec.com\/index.php?rest_route=\/wp\/v2\/product\/2772\/revisions"}],"predecessor-version":[{"id":2778,"href":"https:\/\/bewec.com\/index.php?rest_route=\/wp\/v2\/product\/2772\/revisions\/2778"}],"wp:featuredmedia":[{"embeddable":true,"href":"https:\/\/bewec.com\/index.php?rest_route=\/wp\/v2\/media\/2773"}],"wp:attachment":[{"href":"https:\/\/bewec.com\/index.php?rest_route=%2Fwp%2Fv2%2Fmedia&parent=2772"}],"curies":[{"name":"wp","href":"https:\/\/api.w.org\/{rel}","templated":true}]}}