{"id":2733,"date":"2021-01-21T12:03:13","date_gmt":"2021-01-21T18:03:13","guid":{"rendered":"https:\/\/bewec.com\/?product=cutout-sistema-de-escape-generico-2-5-3"},"modified":"2023-11-08T17:37:06","modified_gmt":"2023-11-08T23:37:06","slug":"cutout-sistema-de-escape-generico-2-5-3","status":"publish","type":"product","link":"https:\/\/bewec.com\/?product=cutout-sistema-de-escape-generico-2-5-3","title":{"rendered":"Cutout sistema de escape gen\u00e9rico  2.5&#8243;\/3&#8243;"},"content":{"rendered":"<p>NOS ASEGURAMOS QUE CADA PRODUCTO ENVIADO FUNCIONE PARA QUE SOLAMENTE LLEGUES A INSTALAR<br \/>\nTAMBI\u00c9N INSTALAMOS!!<br \/>\nANTES DE COMPRAR LEE TODO CON ATENCI\u00d3N<\/p>\n<p>QUE SE ENV\u00cdA?<br \/>\nIncluye: (kit completo imagen 1)<\/p>\n<p>Cutout gen\u00e9rico (CHINO)<br \/>\n1x Tubo Y de acero inoxidable<br \/>\n1x Papelote con motor el\u00e9ctrico con base (ESTE PRODUCTO No ES APRUEBA DE AGUA)<br \/>\n1x M\u00f3dulo controlador gen\u00e9rico<br \/>\n1x Control remoto<br \/>\n1x Junta de escape<br \/>\n1x Cable plug extensi\u00f3n<br \/>\n1x BATER\u00cdA (incluida en control remoto)<\/p>\n<p>OJO \u201cno es compatible cualquier auto, en este sistema requieres que tu escape cuente con un tramo recto de m\u00ednimo 45cm de largo y de ancho 2.5 o 3&#8243;<\/p>\n<p>Para que sirve?<br \/>\n-sirve para liberar los gases de escape.<\/p>\n<p>Que se gana con esto?<br \/>\n-Si buscas un sonido deportivo en tu veh\u00edculo esta es la mejor opci\u00f3n! Ya que puedes hacer ruido al abrir el dispositivo con el control remoto incluido o cerrarlo para ser un auto silencioso como era originalmente (sin fugar absolutamente nada de gases al cerrarlo)<br \/>\n&#8211; en algunos motores y dependiendo la instalaci\u00f3n te da una ganancia de HP, ya que al liberar los gases con mayor facilidad, haces que el motor desfogue con menor dificultar lo que significa MAYOR POTENCIA.<br \/>\nResuelve dudas con nosotros<\/p>\n<p>*Autos con tuber\u00eda doble (motores en V) (o tuber\u00eda paralela bmw)<br \/>\nNo te recomiendo comprar dos sistemas cutout ya que tendr\u00edas que usar dos controles diferentes para abrirlos, en las preguntas ind\u00edcame que requieres doble dispositivo y te paso el enlace para el sistema de cutout Dual.<\/p>\n<p>ES IMPORTANTE QUE CONFIRMES LA MEDIDA QUE NECESITAS SEA LA MISMA QUE LA PUBLICADA.<br \/>\nEn nuestro catalogo contamos con productos de uso universal, es importante no forzar ningun producto en caso de incompatibilidad si desea devolver.<\/p>\n<p>*para devoluciones es importante que el producto se encuentre en optimas condiciones iguales a las del momento del envi\u00f3, sin usar, ni da\u00f1os o mancha derivado de la prueba o uso de los mismos productos , evitemos un reclamo de ambas partes.<br \/>\nGARANTIAS Y DEVOLUCIONES:<\/p>\n<p>Todo comprador puede realizar la devoluci\u00f3n de su compra durante 30 dias,\u00a0 siempre que el producto no se use ni pruebe en ningun momento, esto con la finalidad que se encuentre en optimas condiciones igual que al momento del envio (sin da\u00f1os, manchas o marcas de uso y en su caja original si aplica) &#8220;esto aplica cuando el cliente se arrepiente de su compra o no era lo que esperaba. &#8220;Es importante marcar la opcion&#8221; ES LO QUE COMPRE PERO NO ME SIRVE posteriormente la opcion ES EL COLOR \/ TAMA\u00d1O \/ MODELO QUE ELEGI PERO NO ME SIRVE de esta forma mercado libre le dar\u00e1 una etiqueta para devolver producto.<\/p>\n<p>*el tipo de garantia se encuentra visible en los detalles de la publicacion.<\/p>\n<p>La garantia de fabrica, cubre el tiempo marcado en la publicacion, en este tipo de garantia unicamente se cubre defectos que tuviera el producto nuevo antes de su instalacion (como tal un defecto de fabricacion), en ningun momento se consideran fallas mec\u00e1nicas, el\u00e9ctricas, o da\u00f1os por mal uso o instalacion en el producto. ( devolucion completa solo si aplica)<\/p>\n<p>Garantia de vendedor, en este tipo de garantia se cubre cualquier desperfecto que el producto nuevo e instalado pudiera presentar durante el tiempo indicado en la publicaci\u00f3n, (es importante para validar esta garantia, evidenciar lo correcta instalacion, grabar el momento de la instalacion del producto).<br \/>\n( le recomendamos tomar imagen de su producto antes de abrir y despues de abrir para evitar cualquier mal entendido derivado a situaciones en las cuales la paqueteria viola los sellos del empaque)<\/p>\n<p>Estamos comprometidos por darle el mejor servicio por lo mismo todo producto es revisado y probado antes de enviar para asegurar que llegue a usted en optimas condiciones evitando disgustos y perdidas de tiempo, gracias por su atencion!<\/p>\n","protected":false},"excerpt":{"rendered":"<p>NOS ASEGURAMOS QUE CADA PRODUCTO ENVIADO FUNCIONE PARA QUE SOLAMENTE LLEGUES A INSTALAR TAMBI\u00c9N INSTALAMOS!! ANTES DE COMPRAR LEE TODO&hellip;<\/p>\n","protected":false},"featured_media":2731,"comment_status":"open","ping_status":"closed","template":"","meta":{"spay_email":""},"_links":{"self":[{"href":"https:\/\/bewec.com\/index.php?rest_route=\/wp\/v2\/product\/2733"}],"collection":[{"href":"https:\/\/bewec.com\/index.php?rest_route=\/wp\/v2\/product"}],"about":[{"href":"https:\/\/bewec.com\/index.php?rest_route=\/wp\/v2\/types\/product"}],"replies":[{"embeddable":true,"href":"https:\/\/bewec.com\/index.php?rest_route=%2Fwp%2Fv2%2Fcomments&post=2733"}],"version-history":[{"count":3,"href":"https:\/\/bewec.com\/index.php?rest_route=\/wp\/v2\/product\/2733\/revisions"}],"predecessor-version":[{"id":2741,"href":"https:\/\/bewec.com\/index.php?rest_route=\/wp\/v2\/product\/2733\/revisions\/2741"}],"wp:featuredmedia":[{"embeddable":true,"href":"https:\/\/bewec.com\/index.php?rest_route=\/wp\/v2\/media\/2731"}],"wp:attachment":[{"href":"https:\/\/bewec.com\/index.php?rest_route=%2Fwp%2Fv2%2Fmedia&parent=2733"}],"curies":[{"name":"wp","href":"https:\/\/api.w.org\/{rel}","templated":true}]}}