{"id":2632,"date":"2021-01-14T19:21:58","date_gmt":"2021-01-15T01:21:58","guid":{"rendered":"https:\/\/bewec.com\/?post_type=product&#038;p=2632"},"modified":"2026-03-07T03:21:21","modified_gmt":"2026-03-07T09:21:21","slug":"recuperador-de-aceite-greddy-gen-2","status":"publish","type":"product","link":"https:\/\/bewec.com\/?product=recuperador-de-aceite-greddy-gen-2","title":{"rendered":"recuperador de aceite greddy gen 2"},"content":{"rendered":"<p>Las latas Oil Catch atrapan el aceite y la humedad del gas de escape que provoca la acumulaci\u00f3n de carb\u00f3n y lodo en el sistema de admisi\u00f3n y el motor. Este es especialmente el caso de los motores de inyecci\u00f3n directa. Estas latas de captura eliminar\u00e1n el vapor de aceite expulsado por su motor turboalimentado y no turboalimentado antes de que pueda da\u00f1ar el rendimiento de su autom\u00f3vil. Estos mantienen el motor limpio incluso en condiciones de conducci\u00f3n dif\u00edciles. Este producto tambi\u00e9n es muy recomendable para veh\u00edculos tuneados. Caracter\u00edsticas y especificaciones:<br \/>\nEl paquete incluye:<\/p>\n<div>1x tanque de captura de aceite<\/div>\n<div>2x racor de 9 mm (6 mm de di\u00e1metro interno)<\/div>\n<div>2x racor de 12 mm (8 mm de di\u00e1metro)<\/div>\n<div>2x racor de 15 mm (10 mm de di\u00e1metro)<\/div>\n<div>1x manguera de 14 mm (10 mm de di\u00e1metro)<\/div>\n<div data-spm-anchor-id=\"a2g0o.detail.1000023.i1.36ff503a1TiE74\"><span data-spm-anchor-id=\"a2g0o.detail.1000023.i0.36ff503a1TiE74\">1x filtro de respiraci\u00f3n<\/span><\/div>\n<div data-spm-anchor-id=\"a2g0o.detail.1000023.i3.36ff503a1TiE74\">Soporte y tornillos necesarios<\/div>\n<p>&nbsp;<\/p>\n","protected":false},"excerpt":{"rendered":"<p>Las latas Oil Catch atrapan el aceite y la humedad del gas de escape que provoca la acumulaci\u00f3n de carb\u00f3n&hellip;<\/p>\n","protected":false},"featured_media":2630,"comment_status":"open","ping_status":"closed","template":"","meta":{"spay_email":""},"_links":{"self":[{"href":"https:\/\/bewec.com\/index.php?rest_route=\/wp\/v2\/product\/2632"}],"collection":[{"href":"https:\/\/bewec.com\/index.php?rest_route=\/wp\/v2\/product"}],"about":[{"href":"https:\/\/bewec.com\/index.php?rest_route=\/wp\/v2\/types\/product"}],"replies":[{"embeddable":true,"href":"https:\/\/bewec.com\/index.php?rest_route=%2Fwp%2Fv2%2Fcomments&post=2632"}],"version-history":[{"count":2,"href":"https:\/\/bewec.com\/index.php?rest_route=\/wp\/v2\/product\/2632\/revisions"}],"predecessor-version":[{"id":2753,"href":"https:\/\/bewec.com\/index.php?rest_route=\/wp\/v2\/product\/2632\/revisions\/2753"}],"wp:featuredmedia":[{"embeddable":true,"href":"https:\/\/bewec.com\/index.php?rest_route=\/wp\/v2\/media\/2630"}],"wp:attachment":[{"href":"https:\/\/bewec.com\/index.php?rest_route=%2Fwp%2Fv2%2Fmedia&parent=2632"}],"curies":[{"name":"wp","href":"https:\/\/api.w.org\/{rel}","templated":true}]}}