{"id":2507,"date":"2020-11-23T14:21:29","date_gmt":"2020-11-23T20:21:29","guid":{"rendered":"https:\/\/bewec.com\/?post_type=product&#038;p=2507"},"modified":"2022-11-27T05:21:33","modified_gmt":"2022-11-27T11:21:33","slug":"franja-individual-sencilla","status":"publish","type":"product","link":"https:\/\/bewec.com\/?product=franja-individual-sencilla","title":{"rendered":"franja individual sencilla"},"content":{"rendered":"<p>&nbsp;<\/p>\n<p>VINYL ORIGINAL \u201cARLON PREMIUM\u201d<br \/>\nIdeal para pinturas nuevas, veh\u00edculos de modelo reciente (no da\u00f1a la pintura, equivalente a 3m)<br \/>\nSe puede pulir y encerar el vinyl sin mancharse o da\u00f1arse<\/p>\n<p>\u201cWorks Elite Cars\u201d a tu servicio<\/p>\n<p>Si deseas ver calidad, funcionamiento o productos ya instalados puedes buscar en Face&#8230; tenemos videos que respaldan nuestro trabajo y productos.<br \/>\nPUEDES CHECAR LA CALIDAD DEL MATERIAL QUE TRABAJAMOS<\/p>\n<p>SE ENVIAN 3 CONJUNTOS<br \/>\nCADA CONJUNTO TIENE:<br \/>\n2METROS DE LARGO POR 7.5cm ANCHO<br \/>\nEl ancho se puede modificar con COSTO EXTRA<\/p>\n<p>-larga duraci\u00f3n, 5 a 6 a\u00f1os al aire libre<br \/>\n*puedes visitar la p\u00e1gina oficial de ARLON y comprobarlo t\u00fa mismo o para mayor informaci\u00f3n del material.<\/p>\n<p>Si buscas otro color d\u00e9jame un mensaje para cotizarte lo m\u00e1s pronto posible<\/p>\n<p>Tambi\u00e9n hago dise\u00f1os personalizados con franjas con letras o cortes con plotter<\/p>\n<p>***Antes de ofertar, selecciona el color.<\/p>\n<p>puedes contactarnos por redes sociales como works elite cars<\/p>\n","protected":false},"excerpt":{"rendered":"<p>&nbsp; VINYL ORIGINAL \u201cARLON PREMIUM\u201d Ideal para pinturas nuevas, veh\u00edculos de modelo reciente (no da\u00f1a la pintura, equivalente a 3m)&hellip;<\/p>\n","protected":false},"featured_media":2477,"comment_status":"open","ping_status":"closed","template":"","meta":{"spay_email":""},"_links":{"self":[{"href":"https:\/\/bewec.com\/index.php?rest_route=\/wp\/v2\/product\/2507"}],"collection":[{"href":"https:\/\/bewec.com\/index.php?rest_route=\/wp\/v2\/product"}],"about":[{"href":"https:\/\/bewec.com\/index.php?rest_route=\/wp\/v2\/types\/product"}],"replies":[{"embeddable":true,"href":"https:\/\/bewec.com\/index.php?rest_route=%2Fwp%2Fv2%2Fcomments&post=2507"}],"version-history":[{"count":1,"href":"https:\/\/bewec.com\/index.php?rest_route=\/wp\/v2\/product\/2507\/revisions"}],"predecessor-version":[{"id":2516,"href":"https:\/\/bewec.com\/index.php?rest_route=\/wp\/v2\/product\/2507\/revisions\/2516"}],"wp:featuredmedia":[{"embeddable":true,"href":"https:\/\/bewec.com\/index.php?rest_route=\/wp\/v2\/media\/2477"}],"wp:attachment":[{"href":"https:\/\/bewec.com\/index.php?rest_route=%2Fwp%2Fv2%2Fmedia&parent=2507"}],"curies":[{"name":"wp","href":"https:\/\/api.w.org\/{rel}","templated":true}]}}