{"id":2474,"date":"2020-11-23T13:58:20","date_gmt":"2020-11-23T19:58:20","guid":{"rendered":"https:\/\/bewec.com\/?post_type=product&#038;p=2474"},"modified":"2023-01-07T17:41:27","modified_gmt":"2023-01-07T23:41:27","slug":"franjas-gemelas-decals-sticker-vinyl","status":"publish","type":"product","link":"https:\/\/bewec.com\/?product=franjas-gemelas-decals-sticker-vinyl","title":{"rendered":"franjas gemelas decals sticker vinyl"},"content":{"rendered":"<p>&#8220;LEE CON ATENCI\u00d3N<\/p>\n<p>VINYL ORIGINAL \u201cARLON PREMIUM\u201d<br \/>\nIdeal para pinturas nuevas, veh\u00edculos de modelo reciente (no da\u00f1a la pintura, equivalente a 3m)<br \/>\nSe puede pulir y encerar el vinyl sin mancharse o da\u00f1arse<\/p>\n<p>\u201cWorks Elite Cars\u201d a tu servicio<\/p>\n<p>Si deseas ver calidad, funcionamiento o productos ya instalados puedes buscar en Face&#8230; tenemos videos que respaldan nuestro trabajo y productos.<br \/>\nPUEDES CHECAR LA CALIDAD DEL MATERIAL QUE TRABAJAMOS<\/p>\n<p>SE ENVIAN 3 CONJUNTOS<br \/>\nCADA CONJUNTO TIENE:<br \/>\n2METROS DE LARGO POR 21.5cm ANCHO<br \/>\nEl ancho se puede modificar con COSTO EXTRA<\/p>\n<p>-larga duraci\u00f3n,5 a\u00a0 6 a\u00f1os al aire libre<br \/>\n*puedes visitar la p\u00e1gina oficial de ARLON y comprobarlo t\u00fa mismo o para mayor informaci\u00f3n del material.<\/p>\n<p>Si buscas otro color d\u00e9jame un mensaje para cotizarte lo m\u00e1s pronto posible.<\/p>\n<p>El costo cubre cualquier dise\u00f1o como el de las im\u00e1genes:<br \/>\npar de FRANJAS GEMELAS<\/p>\n<p>Tambi\u00e9n hago dise\u00f1os personalizados con franjas con letras o cortes con plotter<\/p>\n<p>***Antes de comprar selecciona el color de tu agrado, para otros colores o pedidos especiales nuscanos en redes como works elite cars<\/p>\n","protected":false},"excerpt":{"rendered":"<p>&#8220;LEE CON ATENCI\u00d3N VINYL ORIGINAL \u201cARLON PREMIUM\u201d Ideal para pinturas nuevas, veh\u00edculos de modelo reciente (no da\u00f1a la pintura, equivalente&hellip;<\/p>\n","protected":false},"featured_media":2495,"comment_status":"open","ping_status":"closed","template":"","meta":{"spay_email":""},"_links":{"self":[{"href":"https:\/\/bewec.com\/index.php?rest_route=\/wp\/v2\/product\/2474"}],"collection":[{"href":"https:\/\/bewec.com\/index.php?rest_route=\/wp\/v2\/product"}],"about":[{"href":"https:\/\/bewec.com\/index.php?rest_route=\/wp\/v2\/types\/product"}],"replies":[{"embeddable":true,"href":"https:\/\/bewec.com\/index.php?rest_route=%2Fwp%2Fv2%2Fcomments&post=2474"}],"version-history":[{"count":1,"href":"https:\/\/bewec.com\/index.php?rest_route=\/wp\/v2\/product\/2474\/revisions"}],"predecessor-version":[{"id":2503,"href":"https:\/\/bewec.com\/index.php?rest_route=\/wp\/v2\/product\/2474\/revisions\/2503"}],"wp:featuredmedia":[{"embeddable":true,"href":"https:\/\/bewec.com\/index.php?rest_route=\/wp\/v2\/media\/2495"}],"wp:attachment":[{"href":"https:\/\/bewec.com\/index.php?rest_route=%2Fwp%2Fv2%2Fmedia&parent=2474"}],"curies":[{"name":"wp","href":"https:\/\/api.w.org\/{rel}","templated":true}]}}