{"id":2461,"date":"2020-11-23T13:06:31","date_gmt":"2020-11-23T19:06:31","guid":{"rendered":"https:\/\/bewec.com\/?post_type=product&#038;p=2461"},"modified":"2022-05-04T22:44:49","modified_gmt":"2022-05-05T03:44:49","slug":"2461","status":"publish","type":"product","link":"https:\/\/bewec.com\/?product=2461","title":{"rendered":"franja universal triple"},"content":{"rendered":"","protected":false},"excerpt":{"rendered":"<p>&#8220;VINYL ORIGINAL \u201cARLON\u201d<br \/>\nduracion de 5 A 6 a\u00f1os en exteriores<br \/>\nGarantizado.<\/p>\n<p>no se quemar\u00e1, no se resecar\u00e1 ni se quebrar\u00e1 por dejarlo en el sol periodos largos de tiempo como el Vinyl econ\u00f3mico.<\/p>\n<p>-durabilidad de hasta 6 a\u00f1os al aire libre<br \/>\n*puedes visitar la p\u00e1gina oficial de ARLON y comprobarlo t\u00fa mismo o para mayor informaci\u00f3n del material.<br \/>\n)<\/p>\n<p>Tambi\u00e9n hacemos dise\u00f1os personalizados con franjas con letras o cortes con plotter<\/p>\n<p>Dimensiones\u00a0 18 cm de ancho (se envian 3 conjuntos de 3 franjas (2 delgadas y una gruesa)<br \/>\nlargo 2 metros cada conjunto<br \/>\nse envian 3 conjuntos, cada conjunto tiene 3 franjas de 18cm por 200cm y un instructivo de instalacion<\/p>\n<p>Si buscas m\u00e1s gruesas o m\u00e1s largas se reajusta el precio<br \/>\nSi requieres de alg\u00fan trabajo personalizado puedes mandarme inbox como Works Elite Cars&#8221;, o en redes sociales.<\/p>\n","protected":false},"featured_media":2463,"comment_status":"open","ping_status":"closed","template":"","meta":{"spay_email":""},"_links":{"self":[{"href":"https:\/\/bewec.com\/index.php?rest_route=\/wp\/v2\/product\/2461"}],"collection":[{"href":"https:\/\/bewec.com\/index.php?rest_route=\/wp\/v2\/product"}],"about":[{"href":"https:\/\/bewec.com\/index.php?rest_route=\/wp\/v2\/types\/product"}],"replies":[{"embeddable":true,"href":"https:\/\/bewec.com\/index.php?rest_route=%2Fwp%2Fv2%2Fcomments&post=2461"}],"version-history":[{"count":3,"href":"https:\/\/bewec.com\/index.php?rest_route=\/wp\/v2\/product\/2461\/revisions"}],"predecessor-version":[{"id":2506,"href":"https:\/\/bewec.com\/index.php?rest_route=\/wp\/v2\/product\/2461\/revisions\/2506"}],"wp:featuredmedia":[{"embeddable":true,"href":"https:\/\/bewec.com\/index.php?rest_route=\/wp\/v2\/media\/2463"}],"wp:attachment":[{"href":"https:\/\/bewec.com\/index.php?rest_route=%2Fwp%2Fv2%2Fmedia&parent=2461"}],"curies":[{"name":"wp","href":"https:\/\/api.w.org\/{rel}","templated":true}]}}