{"id":2456,"date":"2020-11-23T12:18:05","date_gmt":"2020-11-23T18:18:05","guid":{"rendered":"https:\/\/bewec.com\/?post_type=product&#038;p=2456"},"modified":"2020-11-23T12:38:34","modified_gmt":"2020-11-23T18:38:34","slug":"sticker-franjas-laterales-wrap-1013b","status":"publish","type":"product","link":"https:\/\/bewec.com\/?product=sticker-franjas-laterales-wrap-1013b","title":{"rendered":"sticker franjas laterales wrap 1013b"},"content":{"rendered":"<p>dise\u00f1o personalizado universal<br \/>\nvinyl MARCA ARLON calidad premium de larga duraci\u00f3n para autos y pinturas nuevas!<br \/>\nDISE\u00d1O PERSONALIZADO<\/p>\n<p>Si a\u00fan dudas de tu compra, puedes buscar nuestros videos o fotos con viniles ya instalados.<br \/>\nSomos \u201cWORKS ELITE CARS\u201d buscamos en las redes!<\/p>\n<p>este vinyl no da\u00f1a la pintura, excelencia en calidad, resistente al sol e intemperie (no se decolora). puedes ver productos ya instalados en nuestras REDES!<\/p>\n<p>te asesoramos para instalar<\/p>\n<p>que incluye?<br \/>\nTu compra incluye un kit de 20 calcomanias como muestran en las imagenes, para que tu las acomodes a tu gusto (se envian las mismas del recuadro de la imagen)<br \/>\n*10 calcomanias color rojo<br \/>\n*10 calcomanias color negro<br \/>\n*cada calcomania mide 4.2cm de ancho y 230cm de largo<br \/>\nLos colores se pueden modificar con aviso previo<br \/>\nal hacer la compra se envian en color negro (SI REQUIERES OTRO COLOR PRIMERO DEJAME MENSAJE o contactanos en redes)<br \/>\nPrecio \u00fanicamente en color negro\/rojo, cualquier otro color puede var\u00eda el precio&#8221;<\/p>\n<p>el material, se envia a mas tardar en 1 o 2\u00a0 dia habiles despu\u00e9s de la compra.<\/p>\n","protected":false},"excerpt":{"rendered":"<p>dise\u00f1o personalizado universal vinyl MARCA ARLON calidad premium de larga duraci\u00f3n para autos y pinturas nuevas! DISE\u00d1O PERSONALIZADO Si a\u00fan&hellip;<\/p>\n","protected":false},"featured_media":2457,"comment_status":"open","ping_status":"closed","template":"","meta":{"spay_email":""},"_links":{"self":[{"href":"https:\/\/bewec.com\/index.php?rest_route=\/wp\/v2\/product\/2456"}],"collection":[{"href":"https:\/\/bewec.com\/index.php?rest_route=\/wp\/v2\/product"}],"about":[{"href":"https:\/\/bewec.com\/index.php?rest_route=\/wp\/v2\/types\/product"}],"replies":[{"embeddable":true,"href":"https:\/\/bewec.com\/index.php?rest_route=%2Fwp%2Fv2%2Fcomments&post=2456"}],"version-history":[{"count":1,"href":"https:\/\/bewec.com\/index.php?rest_route=\/wp\/v2\/product\/2456\/revisions"}],"predecessor-version":[{"id":2460,"href":"https:\/\/bewec.com\/index.php?rest_route=\/wp\/v2\/product\/2456\/revisions\/2460"}],"wp:featuredmedia":[{"embeddable":true,"href":"https:\/\/bewec.com\/index.php?rest_route=\/wp\/v2\/media\/2457"}],"wp:attachment":[{"href":"https:\/\/bewec.com\/index.php?rest_route=%2Fwp%2Fv2%2Fmedia&parent=2456"}],"curies":[{"name":"wp","href":"https:\/\/api.w.org\/{rel}","templated":true}]}}