{"id":2429,"date":"2020-11-23T12:03:32","date_gmt":"2020-11-23T18:03:32","guid":{"rendered":"https:\/\/bewec.com\/?post_type=product&#038;p=2429"},"modified":"2022-11-08T22:56:39","modified_gmt":"2022-11-09T04:56:39","slug":"2429","status":"publish","type":"product","link":"https:\/\/bewec.com\/?product=2429","title":{"rendered":"Franjas Lineas de carreras vinyl decals"},"content":{"rendered":"<p>franjas universales Calidad premiun&#8221; para autos nuevos o pinturas recientes!<br \/>\nVINYL MARCA ARLON (original)<br \/>\nideal para pinturas nuevas, uso rudo.<br \/>\nresistente a todo tipo de climas, se puede pulir y encerar sin mancharse<br \/>\nduracion de exteriores 5 a 6 a\u00f1os<\/p>\n<p>PUEDES CHECAR LA CALIDAD DE NUESTROS PRODUCTOS EN &#8220;WORKS ELITE CARS&#8221; tenemos fotos y videos de nuestros productos instalados.<\/p>\n<p>-tu compra incluye 3 conjuntos o 3 juegos de franjas, cada conjunto mide 2 metros de largo<br \/>\n-un instructivo para su instalaci\u00f3n y asesor\u00eda por whats app, facebook o nuestras redes sociales .<\/p>\n<p>(como en la imagen):<br \/>\nColor vino<br \/>\nColor negro<br \/>\nColor negro<br \/>\nColor rojo<br \/>\nColor naranja<br \/>\nColor amarillo<\/p>\n<p>el conjunto de 3 franjas s compatible\u00a0 para autos sedanes o de menor tama\u00f1o (para suv es probable requerir otra medida)<br \/>\n1 conjunto para facia delantera con cofre<br \/>\n1 conjunto para toldo<br \/>\n1 conjunto para cajuela y facia trasera<\/p>\n<p>***El producto se corta al momento de realizar la compra, el material es personalizado\/cortado para enviarlo a mas tardar en 2 dias habiles.<\/p>\n<p>Si gustas las franjas en otro color mandanos antes un mensaje por nuestras redes sociales, contamos con m\u00e1s variedad (puede variar precio ), si cuentas con un dise\u00f1o propio tambi\u00e9n podemos dise\u00f1arlo.<\/p>\n","protected":false},"excerpt":{"rendered":"<p>franjas universales Calidad premiun&#8221; para autos nuevos o pinturas recientes! VINYL MARCA ARLON (original) ideal para pinturas nuevas, uso rudo.&hellip;<\/p>\n","protected":false},"featured_media":2438,"comment_status":"open","ping_status":"closed","template":"","meta":{"spay_email":""},"_links":{"self":[{"href":"https:\/\/bewec.com\/index.php?rest_route=\/wp\/v2\/product\/2429"}],"collection":[{"href":"https:\/\/bewec.com\/index.php?rest_route=\/wp\/v2\/product"}],"about":[{"href":"https:\/\/bewec.com\/index.php?rest_route=\/wp\/v2\/types\/product"}],"replies":[{"embeddable":true,"href":"https:\/\/bewec.com\/index.php?rest_route=%2Fwp%2Fv2%2Fcomments&post=2429"}],"version-history":[{"count":3,"href":"https:\/\/bewec.com\/index.php?rest_route=\/wp\/v2\/product\/2429\/revisions"}],"predecessor-version":[{"id":2455,"href":"https:\/\/bewec.com\/index.php?rest_route=\/wp\/v2\/product\/2429\/revisions\/2455"}],"wp:featuredmedia":[{"embeddable":true,"href":"https:\/\/bewec.com\/index.php?rest_route=\/wp\/v2\/media\/2438"}],"wp:attachment":[{"href":"https:\/\/bewec.com\/index.php?rest_route=%2Fwp%2Fv2%2Fmedia&parent=2429"}],"curies":[{"name":"wp","href":"https:\/\/api.w.org\/{rel}","templated":true}]}}