{"id":2380,"date":"2020-10-02T12:02:24","date_gmt":"2020-10-02T17:02:24","guid":{"rendered":"https:\/\/bewec.com\/?post_type=product&#038;p=2380"},"modified":"2025-04-16T14:27:59","modified_gmt":"2025-04-16T20:27:59","slug":"funda-de-palanca-gamusa-suede","status":"publish","type":"product","link":"https:\/\/bewec.com\/?product=funda-de-palanca-gamusa-suede","title":{"rendered":"funda de palanca gamusa\/suede"},"content":{"rendered":"","protected":false},"excerpt":{"rendered":"<div><strong data-spm-anchor-id=\"a2g0o.detail.1000023.i0.22c84346Rwpvaa\">Hecho con suede\/gamusa<\/strong><\/div>\n<div><strong>Puntada: Azul\/rojo\/amarillo<\/strong><\/div>\n<div><\/div>\n<div><strong>Ten en cuenta que este es un dise\u00f1o de 4 paredes<\/strong><\/div>\n<div><\/div>\n<div><strong>Informaci\u00f3n<\/strong><\/div>\n<div><\/div>\n<div><strong>Ajuste: La mayor\u00eda de la perilla de palancas\u00a0<\/strong><\/div>\n<div><strong>Ajuste Universal para la mayor\u00eda de los veh\u00edculos con transmisi\u00f3n autom\u00e1tica y Manual<\/strong><\/div>\n<div><\/div>\n<div><strong>Lee la descripci\u00f3n y la dimensi\u00f3n y mide tu palanca de cambios para asegurarte de que coincide antes de comprar.<\/strong><\/div>\n<div><\/div>\n<div><strong>Si necesita ayuda o tiene alguna pregunta, p\u00f3ngase en contacto con nosotros libremente. Responderemos r\u00e1pidamente. Gracias,<\/strong><\/div>\n<div><\/div>\n<div><strong>\u00a0(No incluye instrucciones)<\/strong><\/div>\n<div><strong>** Informaci\u00f3n importante **<\/strong><\/div>\n<div><\/div>\n<div><b>altura 22cm<br \/>\nancho extendido 26cm<br \/>\nancho abierto 13cm\u00a0<\/b><\/div>\n<div><\/div>\n<div><\/div>\n<div><strong>Todos los art\u00edculos son completamente nuevos a menos que se indique lo contrario en la lista. Vendemos art\u00edculos DIY (h\u00e1galo usted mismo) con algunas excepciones. No nos hacemos responsables de ense\u00f1arte c\u00f3mo instalar. Se recomienda una instalaci\u00f3n profesional.<\/strong><\/div>\n","protected":false},"featured_media":2384,"comment_status":"open","ping_status":"closed","template":"","meta":{"spay_email":""},"_links":{"self":[{"href":"https:\/\/bewec.com\/index.php?rest_route=\/wp\/v2\/product\/2380"}],"collection":[{"href":"https:\/\/bewec.com\/index.php?rest_route=\/wp\/v2\/product"}],"about":[{"href":"https:\/\/bewec.com\/index.php?rest_route=\/wp\/v2\/types\/product"}],"replies":[{"embeddable":true,"href":"https:\/\/bewec.com\/index.php?rest_route=%2Fwp%2Fv2%2Fcomments&post=2380"}],"version-history":[{"count":1,"href":"https:\/\/bewec.com\/index.php?rest_route=\/wp\/v2\/product\/2380\/revisions"}],"predecessor-version":[{"id":2392,"href":"https:\/\/bewec.com\/index.php?rest_route=\/wp\/v2\/product\/2380\/revisions\/2392"}],"wp:featuredmedia":[{"embeddable":true,"href":"https:\/\/bewec.com\/index.php?rest_route=\/wp\/v2\/media\/2384"}],"wp:attachment":[{"href":"https:\/\/bewec.com\/index.php?rest_route=%2Fwp%2Fv2%2Fmedia&parent=2380"}],"curies":[{"name":"wp","href":"https:\/\/api.w.org\/{rel}","templated":true}]}}