{"id":2305,"date":"2020-09-03T10:48:19","date_gmt":"2020-09-03T15:48:19","guid":{"rendered":"https:\/\/bewec.com\/?post_type=product&#038;p=2305"},"modified":"2025-04-28T16:59:25","modified_gmt":"2025-04-28T22:59:25","slug":"cut-out-sistema-dual","status":"publish","type":"product","link":"https:\/\/bewec.com\/?product=cut-out-sistema-dual","title":{"rendered":"Cut out sistema dual"},"content":{"rendered":"<p>Kit DUAL para motores en V O CON DOBL\u00c9 TUBER\u00cdA<\/p>\n<p>*no son dos kits, es un kit DUAL para doble sistema de escape.<br \/>\n*no todos los motores en V requieren kit dual<br \/>\nEste kit Consta de:<br \/>\n2 tubos diagonales para escape<br \/>\n2mariposas con motor<br \/>\n2 juntas laminadas<br \/>\n2 kits de tornillos (6 tornillos con tuercas y rondanas )<br \/>\n1 control remoto<br \/>\n1modulo receptor controlador de doble salida<br \/>\n1 Instructivo<br \/>\n1 stickers<\/p>\n<p>ANTES DE COMPRAR LEE TODO CON ATENCI\u00d3N!<\/p>\n<p>Si a\u00fan dudas de tu compra, puedes buscar nuestros videos con sistemas ya instalados!<br \/>\nSomos \u201cWORKS ELITE CARS\u201d buscamos en las redes!<\/p>\n<p>(Ases\u00f3rate con nosotros)<\/p>\n<p>La ventaja de este modelo cutout es que se puede instalar en casi cualquier parte de tu escape, por su corte diagonal. Con este modelo no necesitas eliminar el resonador o catalizador, lo cual te podr\u00eda prender el CHECK ENGINE<\/p>\n<p>Que incluye la garant\u00eda?<br \/>\nDevoluci\u00f3n total durante 15 d\u00edas h\u00e1biles a partir de la entrega del producto (gastos de env\u00edo por cuenta del comprador) si no es lo que esperabas o te arrepientes de tu compra. Siempre se debe mantener producto y empaque \u00f3ptimos, sin parchaduras, manchas (grasas o l\u00edquidos) o da\u00f1o por mal uso de instalaci\u00f3n. (La devoluci\u00f3n puede generar cargos extras).<\/p>\n<p>Garant\u00eda de 6 meses al instalar con nosotros.<br \/>\n*garant\u00eda por defecto de fabrica 30 d\u00edas, Aplica cambio\/remplazo de la pieza con falla cuando se presenta un defecto de f\u00e1brica o mal funcionamiento, se reemplaza la pieza con fallo. (se manda a\u00a0 revisar en el \u00e1rea t\u00e9cnica para determinar fallo por defecto o una mala manipulaci\u00f3n.)<\/p>\n<p>Al instalar por tu cuenta requieres que tu mec\u00e1nico o Moflero tenga conocimiento para asegurar la. Correcta instalaci\u00f3n, nosotros no podemos hacernos responsable por instalaciones ajenas. La garant\u00eda en ning\u00fan momento cubrir\u00e1 por productos con da\u00f1os post venta.<\/p>\n<p>.<br \/>\nTambi\u00e9n hacemos instalaci\u00f3n (solo en Chalco Edo Mex)<br \/>\nPuedes buscar nuestros videos de sistemas cutout ya instalados en Works Elite Cars<\/p>\n<p>Para que sirve?<br \/>\n-sirve para liberar los gases de escape.<\/p>\n<p>Que se gana con esto?<br \/>\n-Si buscas un sonido deportivo en tu veh\u00edculo esta es la mejor opci\u00f3n! Ya que puedes hacer ruido al abrir el dispositivo con el control remoto incluido o cerrarlo para ser un auto silencioso como era originalmente (sin fugar absolutamente nada de gases al cerrarlo)<br \/>\n&#8211; en algunos motores y dependiendo la instalaci\u00f3n te da una ganancia de HP, ya que al liberar los gases con mayor facilidad, haces que el motor desfogue con menor dificultar lo que significa MAYOR POTENCIA.<br \/>\nResuelve dudas con nosotros<\/p>\n<p>Si buscas sistema individual puedes buscar mi otra publicaci\u00f3n o d\u00e9jame una pregunta y te env\u00edo enlace.<\/p>\n","protected":false},"excerpt":{"rendered":"<p>Kit DUAL para motores en V O CON DOBL\u00c9 TUBER\u00cdA *no son dos kits, es un kit DUAL para doble&hellip;<\/p>\n","protected":false},"featured_media":2306,"comment_status":"open","ping_status":"closed","template":"","meta":{"spay_email":""},"_links":{"self":[{"href":"https:\/\/bewec.com\/index.php?rest_route=\/wp\/v2\/product\/2305"}],"collection":[{"href":"https:\/\/bewec.com\/index.php?rest_route=\/wp\/v2\/product"}],"about":[{"href":"https:\/\/bewec.com\/index.php?rest_route=\/wp\/v2\/types\/product"}],"replies":[{"embeddable":true,"href":"https:\/\/bewec.com\/index.php?rest_route=%2Fwp%2Fv2%2Fcomments&post=2305"}],"version-history":[{"count":2,"href":"https:\/\/bewec.com\/index.php?rest_route=\/wp\/v2\/product\/2305\/revisions"}],"predecessor-version":[{"id":2328,"href":"https:\/\/bewec.com\/index.php?rest_route=\/wp\/v2\/product\/2305\/revisions\/2328"}],"wp:featuredmedia":[{"embeddable":true,"href":"https:\/\/bewec.com\/index.php?rest_route=\/wp\/v2\/media\/2306"}],"wp:attachment":[{"href":"https:\/\/bewec.com\/index.php?rest_route=%2Fwp%2Fv2%2Fmedia&parent=2305"}],"curies":[{"name":"wp","href":"https:\/\/api.w.org\/{rel}","templated":true}]}}