{"id":2223,"date":"2020-07-01T16:18:37","date_gmt":"2020-07-01T21:18:37","guid":{"rendered":"https:\/\/bewec.com\/?post_type=product&#038;p=2223"},"modified":"2021-09-09T20:31:24","modified_gmt":"2021-09-10T01:31:24","slug":"xenon-premiun-can-bus-h7-h11","status":"publish","type":"product","link":"https:\/\/bewec.com\/?product=xenon-premiun-can-bus-h7-h11","title":{"rendered":"XENON Premiun CAN BUS H7 H11"},"content":{"rendered":"<p><span data-spm-anchor-id=\"a2g0o.detail.1000023.i0.24ef26dfbw82LX\">Funci\u00f3n de error superior canbus, apto para la mayor\u00eda de los coches de 12 v<\/span><\/p>\n<div>Modelo de luz:\u00a0 H7 H11 9005 9006 H4 H\/L<\/div>\n<div>Protecci\u00f3n contra sobrecarga, protecci\u00f3n contra sobretensi\u00f3n, protecci\u00f3n contra cortocircuitos<\/div>\n<div>Temperatura de color: 5500 K (UNICO TONO DISPONIBLE EN ESTE SET) *se pueden cambiar los bulbos para cambiar el color<\/div>\n<div>Poder: 55 W<\/div>\n<div>Tiempo de vida: m\u00e1s de 3500 horas<\/div>\n<div>Voltaje de trabajo: 12 V<\/div>\n<div>Corriente: 4.5A +\/-0.3A<\/div>\n<div>Material: cristal de cuarzo UV-CUT para la protecci\u00f3n de los faros.<\/div>\n<div>Temperatura de funcionamiento:-40 a 105 \u00b0C<\/div>\n<div>\u00bfBajo consumo de energ\u00eda?<\/div>\n<div>El paquete incluye: 1 par de l\u00e1mpara brillante y r\u00e1pido<\/div>\n<div>1 par de balasto canbus de 55 W<\/div>\n<div>IDEAL PARA VW AUDI VOLVO BMW<\/div>\n<div>LUZ MAS BRILLANTE A CUALQUIER HID CHINO, LA INTENSIDAD ES IGUAL A LA DE UN\u00a0 HID DE AGENCIA (CALIDAD PREMIUN)<\/div>\n","protected":false},"excerpt":{"rendered":"<p>Funci\u00f3n de error superior canbus, apto para la mayor\u00eda de los coches de 12 v Modelo de luz:\u00a0 H7 H11&hellip;<\/p>\n","protected":false},"featured_media":2196,"comment_status":"open","ping_status":"closed","template":"","meta":{"spay_email":""},"_links":{"self":[{"href":"https:\/\/bewec.com\/index.php?rest_route=\/wp\/v2\/product\/2223"}],"collection":[{"href":"https:\/\/bewec.com\/index.php?rest_route=\/wp\/v2\/product"}],"about":[{"href":"https:\/\/bewec.com\/index.php?rest_route=\/wp\/v2\/types\/product"}],"replies":[{"embeddable":true,"href":"https:\/\/bewec.com\/index.php?rest_route=%2Fwp%2Fv2%2Fcomments&post=2223"}],"version-history":[{"count":2,"href":"https:\/\/bewec.com\/index.php?rest_route=\/wp\/v2\/product\/2223\/revisions"}],"predecessor-version":[{"id":2225,"href":"https:\/\/bewec.com\/index.php?rest_route=\/wp\/v2\/product\/2223\/revisions\/2225"}],"wp:featuredmedia":[{"embeddable":true,"href":"https:\/\/bewec.com\/index.php?rest_route=\/wp\/v2\/media\/2196"}],"wp:attachment":[{"href":"https:\/\/bewec.com\/index.php?rest_route=%2Fwp%2Fv2%2Fmedia&parent=2223"}],"curies":[{"name":"wp","href":"https:\/\/api.w.org\/{rel}","templated":true}]}}