{"id":1946,"date":"2020-06-22T20:51:11","date_gmt":"2020-06-23T01:51:11","guid":{"rendered":"https:\/\/bewec.com\/?post_type=product&#038;p=1946"},"modified":"2026-01-22T12:43:58","modified_gmt":"2026-01-22T18:43:58","slug":"cople-recto-silicon-2-5-reforzado","status":"publish","type":"product","link":"https:\/\/bewec.com\/?product=cople-recto-silicon-2-5-reforzado","title":{"rendered":"cople recto silicon 2.5&#8243; reforzado"},"content":{"rendered":"<p>Cople recto silicon de 2.5&#8243;<\/p>\n<p>Pedidos de m\u00e1s de 3 unidades puede demorar 1-3 d\u00edas m\u00e1s en procesarse.<\/p>\n<p>CARACTER\u00cdSTICAS<\/p>\n<p>Espesor 5mm 4CAPAS reforzado Presi\u00f3n de rotura 290psi<\/p>\n<p>Presi\u00f3n de trabajo 40PSI@130PSI<\/p>\n<p>Temperatura -60 \u00b0c @ 260 \u00b0c<\/p>\n<p>100% genuino manguera de silicon de alta calidad sport Italy<\/p>\n<p>Garantizado por defecto de fabricaci\u00f3n<\/p>\n<p>Uso universal o reemplazo directo<\/p>\n<p>Para instalaci\u00f3n o adaptaci\u00f3n turbo, supercargador o sistemas de intake filtros de alto flujo<\/p>\n<p>*ATENCI\u00d3N!<\/p>\n<p>Asegura que sea la medida que buscas.<\/p>\n","protected":false},"excerpt":{"rendered":"<p>Cople recto silicon de 2.5&#8243; Pedidos de m\u00e1s de 3 unidades puede demorar 1-3 d\u00edas m\u00e1s en procesarse. CARACTER\u00cdSTICAS Espesor&hellip;<\/p>\n","protected":false},"featured_media":1919,"comment_status":"open","ping_status":"closed","template":"","meta":{"spay_email":""},"_links":{"self":[{"href":"https:\/\/bewec.com\/index.php?rest_route=\/wp\/v2\/product\/1946"}],"collection":[{"href":"https:\/\/bewec.com\/index.php?rest_route=\/wp\/v2\/product"}],"about":[{"href":"https:\/\/bewec.com\/index.php?rest_route=\/wp\/v2\/types\/product"}],"replies":[{"embeddable":true,"href":"https:\/\/bewec.com\/index.php?rest_route=%2Fwp%2Fv2%2Fcomments&post=1946"}],"version-history":[{"count":2,"href":"https:\/\/bewec.com\/index.php?rest_route=\/wp\/v2\/product\/1946\/revisions"}],"predecessor-version":[{"id":2942,"href":"https:\/\/bewec.com\/index.php?rest_route=\/wp\/v2\/product\/1946\/revisions\/2942"}],"wp:featuredmedia":[{"embeddable":true,"href":"https:\/\/bewec.com\/index.php?rest_route=\/wp\/v2\/media\/1919"}],"wp:attachment":[{"href":"https:\/\/bewec.com\/index.php?rest_route=%2Fwp%2Fv2%2Fmedia&parent=1946"}],"curies":[{"name":"wp","href":"https:\/\/api.w.org\/{rel}","templated":true}]}}