{"id":1935,"date":"2020-06-22T20:39:07","date_gmt":"2020-06-23T01:39:07","guid":{"rendered":"https:\/\/bewec.com\/?post_type=product&#038;p=1935"},"modified":"2026-01-22T12:46:03","modified_gmt":"2026-01-22T18:46:03","slug":"cople-silicon-reductor-3-a-2-reforzado","status":"publish","type":"product","link":"https:\/\/bewec.com\/?product=cople-silicon-reductor-3-a-2-reforzado","title":{"rendered":"cople silicon reductor 3&#8243; a 2&#8243; reforzado"},"content":{"rendered":"<p>Cople reductor de 3 a 2 &#8221;<br \/>\nCARACTER\u00cdSTICAS<br \/>\nEspesor 5mm 4CAPAS reforzado Presi\u00f3n de rotura 290psi<br \/>\nPresi\u00f3n de trabajo 40PSI@130PSI<br \/>\nTemperatura -60 \u00b0c @ 260 \u00b0c<br \/>\n100% genuino manguera de silicon de alta calidad sport Italy<br \/>\nGarantizado por defecto de fabricaci\u00f3n<br \/>\nUso universal o reemplazo directo<br \/>\nPara instalaci\u00f3n o adaptaci\u00f3n turbo, supercargador o sistemas de intake filtros de alto flujo<\/p>\n<p>&nbsp;<\/p>\n<p>*ATENCI\u00d3N!<br \/>\nAsegura que sea la medida que buscas.<br \/>\nTengo otras publicaciones con reductores y codos<br \/>\n3.5\u201d-3\u201d<br \/>\n3\u201d-2.75\u201d<br \/>\n3\u201d-2.5\u201d<br \/>\n2.5\u201d-2\u201d<br \/>\n3\u201d-2\u201d<br \/>\ncoples de 3&#8243; y 2 &#8221;<\/p>\n<p>esta publicacion es por codo reductor de 3&#8243; a 2&#8243;<\/p>\n","protected":false},"excerpt":{"rendered":"<p>Cople reductor de 3 a 2 &#8221; CARACTER\u00cdSTICAS Espesor 5mm 4CAPAS reforzado Presi\u00f3n de rotura 290psi Presi\u00f3n de trabajo 40PSI@130PSI&hellip;<\/p>\n","protected":false},"featured_media":1921,"comment_status":"open","ping_status":"closed","template":"","meta":{"spay_email":""},"_links":{"self":[{"href":"https:\/\/bewec.com\/index.php?rest_route=\/wp\/v2\/product\/1935"}],"collection":[{"href":"https:\/\/bewec.com\/index.php?rest_route=\/wp\/v2\/product"}],"about":[{"href":"https:\/\/bewec.com\/index.php?rest_route=\/wp\/v2\/types\/product"}],"replies":[{"embeddable":true,"href":"https:\/\/bewec.com\/index.php?rest_route=%2Fwp%2Fv2%2Fcomments&post=1935"}],"version-history":[{"count":1,"href":"https:\/\/bewec.com\/index.php?rest_route=\/wp\/v2\/product\/1935\/revisions"}],"predecessor-version":[{"id":1936,"href":"https:\/\/bewec.com\/index.php?rest_route=\/wp\/v2\/product\/1935\/revisions\/1936"}],"wp:featuredmedia":[{"embeddable":true,"href":"https:\/\/bewec.com\/index.php?rest_route=\/wp\/v2\/media\/1921"}],"wp:attachment":[{"href":"https:\/\/bewec.com\/index.php?rest_route=%2Fwp%2Fv2%2Fmedia&parent=1935"}],"curies":[{"name":"wp","href":"https:\/\/api.w.org\/{rel}","templated":true}]}}