{"id":1931,"date":"2020-06-22T20:33:45","date_gmt":"2020-06-23T01:33:45","guid":{"rendered":"https:\/\/bewec.com\/?post_type=product&#038;p=1931"},"modified":"2023-01-19T10:57:48","modified_gmt":"2023-01-19T16:57:48","slug":"codo-silicon-45-a-3-cople-reforzado","status":"publish","type":"product","link":"https:\/\/bewec.com\/?product=codo-silicon-45-a-3-cople-reforzado","title":{"rendered":"codo silicon 45\u00b0 a 3&#8243; cople reforzado"},"content":{"rendered":"<p>Cople codo de 45 grados a 3\u201d<br \/>\nCARACTER\u00cdSTICAS<br \/>\nEspesor 5mm 4CAPAS reforzado Presi\u00f3n de rotura 290psi<br \/>\nPresi\u00f3n de trabajo 40PSI@130PSI<br \/>\nTemperatura -60 \u00b0c @ 260 \u00b0c<br \/>\n100% genuino manguera de silicon de alta calidad sport Italy<br \/>\nGarantizado por defecto de fabricaci\u00f3n<br \/>\nUso universal o reemplazo directo<br \/>\nPara instalaci\u00f3n o adaptaci\u00f3n turbo, supercargador o sistemas de intake filtros de alto flujo<\/p>\n<p>&nbsp;<\/p>\n<p>*ATENCI\u00d3N!<br \/>\nAsegura que sea la medida que buscas.<br \/>\nTengo otras publicaciones con reductores y codos<br \/>\n3.5\u201d-3\u201d<br \/>\n3\u201d-2.75\u201d<br \/>\n3\u201d-2.5\u201d<br \/>\n2.5\u201d-2\u201d<br \/>\n3\u201d-2\u201d<br \/>\ncoples de 3&#8243; y 2 &#8221;<\/p>\n<p>esta publicacion es por codo de 45 grados a 3\u201d<\/p>\n","protected":false},"excerpt":{"rendered":"<p>Cople codo de 45 grados a 3\u201d CARACTER\u00cdSTICAS Espesor 5mm 4CAPAS reforzado Presi\u00f3n de rotura 290psi Presi\u00f3n de trabajo 40PSI@130PSI&hellip;<\/p>\n","protected":false},"featured_media":1922,"comment_status":"open","ping_status":"closed","template":"","meta":{"spay_email":""},"_links":{"self":[{"href":"https:\/\/bewec.com\/index.php?rest_route=\/wp\/v2\/product\/1931"}],"collection":[{"href":"https:\/\/bewec.com\/index.php?rest_route=\/wp\/v2\/product"}],"about":[{"href":"https:\/\/bewec.com\/index.php?rest_route=\/wp\/v2\/types\/product"}],"replies":[{"embeddable":true,"href":"https:\/\/bewec.com\/index.php?rest_route=%2Fwp%2Fv2%2Fcomments&post=1931"}],"version-history":[{"count":2,"href":"https:\/\/bewec.com\/index.php?rest_route=\/wp\/v2\/product\/1931\/revisions"}],"predecessor-version":[{"id":2046,"href":"https:\/\/bewec.com\/index.php?rest_route=\/wp\/v2\/product\/1931\/revisions\/2046"}],"wp:featuredmedia":[{"embeddable":true,"href":"https:\/\/bewec.com\/index.php?rest_route=\/wp\/v2\/media\/1922"}],"wp:attachment":[{"href":"https:\/\/bewec.com\/index.php?rest_route=%2Fwp%2Fv2%2Fmedia&parent=1931"}],"curies":[{"name":"wp","href":"https:\/\/api.w.org\/{rel}","templated":true}]}}