{"id":1929,"date":"2020-06-22T20:31:02","date_gmt":"2020-06-23T01:31:02","guid":{"rendered":"https:\/\/bewec.com\/?post_type=product&#038;p=1929"},"modified":"2025-07-16T00:06:13","modified_gmt":"2025-07-16T06:06:13","slug":"codo-silicon-90-a-3-cople-reforzado","status":"publish","type":"product","link":"https:\/\/bewec.com\/?product=codo-silicon-90-a-3-cople-reforzado","title":{"rendered":"codo silicon 90\u00b0 a 3&#8243; cople reforzado"},"content":{"rendered":"<p>Cople codo de 90 grados a 3\u201d<\/p>\n<p>CARACTER\u00cdSTICAS<\/p>\n<p>Espesor 5mm 4CAPAS reforzado Presi\u00f3n de rotura 290psi<\/p>\n<p>Presi\u00f3n de trabajo 40PSI@130PSI<\/p>\n<p>Temperatura -60 \u00b0c @ 260 \u00b0c<\/p>\n<p>100% genuino manguera de silicon de alta calidad sport Italy<\/p>\n<p>Garantizado por defecto de fabricaci\u00f3n<\/p>\n<p>Uso universal o reemplazo directo<\/p>\n<p>Para instalaci\u00f3n o adaptaci\u00f3n turbo, supercargador o sistemas de intake filtros de alto flujo<\/p>\n<p>*ATENCI\u00d3N!<\/p>\n<p>Asegura que sea la medida que buscas.<\/p>\n<p>esta publicacion es por codo de 90 grados 3\u201d<\/p>\n<p>Pedidos de m\u00e1s de 3 unidades puede demorar 1-3 d\u00edas m\u00e1s en procesarse.<\/p>\n","protected":false},"excerpt":{"rendered":"<p>Cople codo de 90 grados a 3\u201d CARACTER\u00cdSTICAS Espesor 5mm 4CAPAS reforzado Presi\u00f3n de rotura 290psi Presi\u00f3n de trabajo 40PSI@130PSI&hellip;<\/p>\n","protected":false},"featured_media":1925,"comment_status":"open","ping_status":"closed","template":"","meta":{"spay_email":""},"_links":{"self":[{"href":"https:\/\/bewec.com\/index.php?rest_route=\/wp\/v2\/product\/1929"}],"collection":[{"href":"https:\/\/bewec.com\/index.php?rest_route=\/wp\/v2\/product"}],"about":[{"href":"https:\/\/bewec.com\/index.php?rest_route=\/wp\/v2\/types\/product"}],"replies":[{"embeddable":true,"href":"https:\/\/bewec.com\/index.php?rest_route=%2Fwp%2Fv2%2Fcomments&post=1929"}],"version-history":[{"count":2,"href":"https:\/\/bewec.com\/index.php?rest_route=\/wp\/v2\/product\/1929\/revisions"}],"predecessor-version":[{"id":2941,"href":"https:\/\/bewec.com\/index.php?rest_route=\/wp\/v2\/product\/1929\/revisions\/2941"}],"wp:featuredmedia":[{"embeddable":true,"href":"https:\/\/bewec.com\/index.php?rest_route=\/wp\/v2\/media\/1925"}],"wp:attachment":[{"href":"https:\/\/bewec.com\/index.php?rest_route=%2Fwp%2Fv2%2Fmedia&parent=1929"}],"curies":[{"name":"wp","href":"https:\/\/api.w.org\/{rel}","templated":true}]}}