{"id":1897,"date":"2020-06-22T19:39:51","date_gmt":"2020-06-23T00:39:51","guid":{"rendered":"https:\/\/bewec.com\/?post_type=product&#038;p=1897"},"modified":"2020-09-03T12:14:48","modified_gmt":"2020-09-03T17:14:48","slug":"conector-an4-a-m12-turbo-k03-emfriador-de-aceite","status":"publish","type":"product","link":"https:\/\/bewec.com\/?product=conector-an4-a-m12-turbo-k03-emfriador-de-aceite","title":{"rendered":"conector an4 a m12 turbo k03 enfriador de aceite"},"content":{"rendered":"<p>AN-4 (AN4)\u00a0 a M12 * 1,5 adaptador recto, macho a macho uni\u00f3n para adaptarse de AN a NPT o NPT a AN. Otros accesorios relacionados.<\/p>\n<p>Especificaciones del producto:<br \/>\nAN-4 (AN4) a M12 * 1,5 conector de Uni\u00f3n macho a macho<br \/>\nCNC mecanizado<br \/>\nAnodizado de alta calidad para mayor durabilidad y resistencia<br \/>\nConexi\u00f3n segura y sin fugas<br \/>\nideal para conexi\u00f3n de enfriadores de aceite o conector de turbo linea universal a turbo k03\/k04<\/p>\n<p>Todos nuestros accesorios y adaptadores de aluminio est\u00e1n mecanizados CNC de precisi\u00f3n con el m\u00e1s alto est\u00e1ndar en una planta de fabricaci\u00f3n de \u00faltima generaci\u00f3n. conexi\u00f3n segura y sin fugas&#8221;<\/p>\n","protected":false},"excerpt":{"rendered":"<p>AN-4 (AN4)\u00a0 a M12 * 1,5 adaptador recto, macho a macho uni\u00f3n para adaptarse de AN a NPT o NPT&hellip;<\/p>\n","protected":false},"featured_media":1898,"comment_status":"open","ping_status":"closed","template":"","meta":{"spay_email":""},"_links":{"self":[{"href":"https:\/\/bewec.com\/index.php?rest_route=\/wp\/v2\/product\/1897"}],"collection":[{"href":"https:\/\/bewec.com\/index.php?rest_route=\/wp\/v2\/product"}],"about":[{"href":"https:\/\/bewec.com\/index.php?rest_route=\/wp\/v2\/types\/product"}],"replies":[{"embeddable":true,"href":"https:\/\/bewec.com\/index.php?rest_route=%2Fwp%2Fv2%2Fcomments&post=1897"}],"version-history":[{"count":3,"href":"https:\/\/bewec.com\/index.php?rest_route=\/wp\/v2\/product\/1897\/revisions"}],"predecessor-version":[{"id":1903,"href":"https:\/\/bewec.com\/index.php?rest_route=\/wp\/v2\/product\/1897\/revisions\/1903"}],"wp:featuredmedia":[{"embeddable":true,"href":"https:\/\/bewec.com\/index.php?rest_route=\/wp\/v2\/media\/1898"}],"wp:attachment":[{"href":"https:\/\/bewec.com\/index.php?rest_route=%2Fwp%2Fv2%2Fmedia&parent=1897"}],"curies":[{"name":"wp","href":"https:\/\/api.w.org\/{rel}","templated":true}]}}