{"id":1888,"date":"2020-06-22T16:55:25","date_gmt":"2020-06-22T21:55:25","guid":{"rendered":"https:\/\/bewec.com\/?post_type=product&#038;p=1888"},"modified":"2025-04-09T12:45:25","modified_gmt":"2025-04-09T18:45:25","slug":"blow-off-valvula-de-alivio-gti-mk5-bora-passat-leon-audi-tsi","status":"publish","type":"product","link":"https:\/\/bewec.com\/?product=blow-off-valvula-de-alivio-gti-mk5-bora-passat-leon-audi-tsi","title":{"rendered":"Blow Off Valvula De Alivio Gti Mk5 Bora Passat Leon Audi Tsi"},"content":{"rendered":"<p>V\u00e1lvula de alivio para motores<\/p>\n<p>1.4, 1.8,2.0 TSI de Audi VW Seat de segunda generacion (GTI MK5-MK6, JETTA GLI Y PASSAT ANTERIORES A 2014, LEON 1.8T Y CUPRA MK2, AUDI A3,A4,S3, S4, TT ANTERIOR A 2015)<\/p>\n<p>Mas ruidosa que la v\u00e1lvula predecesora de Forge.<\/p>\n<p>libera mas rapido la presi\u00f3n<\/p>\n<p>solenoide mas resistente y rapido que la verision pasada<\/p>\n<p>*Atenci\u00f3n; est\u00e1 v\u00e1lvula no es compatible con los nuevos motores TSI gti mk7 o le\u00f3n\/cupra mk3&#8243;<\/p>\n<p>*Si tu auto cuenta con motor de tercera generacion, requieres otros adaptadores<\/p>\n<p>Kit completo  PLUG&amp;PLAY  para 1.8 y 2.0 tsi  2gen<\/p>\n<p>No tienes que modificar nada!<\/p>\n<p>Procedencia: Asia importaci\u00f3n.<\/p>\n<p>Garant\u00eda de fabrica 30 d\u00edas<\/p>\n","protected":false},"excerpt":{"rendered":"<p>V\u00e1lvula de alivio para motores 1.4, 1.8,2.0 TSI de Audi VW Seat de segunda generacion (GTI MK5-MK6, JETTA GLI Y&hellip;<\/p>\n","protected":false},"featured_media":1890,"comment_status":"open","ping_status":"closed","template":"","meta":{"spay_email":""},"_links":{"self":[{"href":"https:\/\/bewec.com\/index.php?rest_route=\/wp\/v2\/product\/1888"}],"collection":[{"href":"https:\/\/bewec.com\/index.php?rest_route=\/wp\/v2\/product"}],"about":[{"href":"https:\/\/bewec.com\/index.php?rest_route=\/wp\/v2\/types\/product"}],"replies":[{"embeddable":true,"href":"https:\/\/bewec.com\/index.php?rest_route=%2Fwp%2Fv2%2Fcomments&post=1888"}],"version-history":[{"count":2,"href":"https:\/\/bewec.com\/index.php?rest_route=\/wp\/v2\/product\/1888\/revisions"}],"predecessor-version":[{"id":2315,"href":"https:\/\/bewec.com\/index.php?rest_route=\/wp\/v2\/product\/1888\/revisions\/2315"}],"wp:featuredmedia":[{"embeddable":true,"href":"https:\/\/bewec.com\/index.php?rest_route=\/wp\/v2\/media\/1890"}],"wp:attachment":[{"href":"https:\/\/bewec.com\/index.php?rest_route=%2Fwp%2Fv2%2Fmedia&parent=1888"}],"curies":[{"name":"wp","href":"https:\/\/api.w.org\/{rel}","templated":true}]}}