{"id":1869,"date":"2020-06-22T16:36:37","date_gmt":"2020-06-22T21:36:37","guid":{"rendered":"https:\/\/bewec.com\/?post_type=product&#038;p=1869"},"modified":"2026-03-07T03:18:41","modified_gmt":"2026-03-07T09:18:41","slug":"aletas-spoiler-aleron-lip-faldon-difusor-bumpers-universal-4","status":"publish","type":"product","link":"https:\/\/bewec.com\/?product=aletas-spoiler-aleron-lip-faldon-difusor-bumpers-universal-4","title":{"rendered":"Aletas Spoiler canards Aler\u00f3n Lip Fald\u00f3n Difusor Bumpers Universal 4"},"content":{"rendered":"<p>Aletas spoilers flexibles. (UNIVERSALES)<br \/>\nIdeal para darle una apariencia mas DEPORTIVA y agresiva a cualquier veh\u00edculo.<br \/>\nacabado fibra de carbono<br \/>\nsin perforar o da\u00f1ar tu veh\u00edculo, se pegan con la cinta doble cara (que se incluye), pega perfectamente a tu veh\u00edculo.<br \/>\nel set incluye 4 aletas&#8221;<\/p>\n","protected":false},"excerpt":{"rendered":"<p>Aletas spoilers flexibles. (UNIVERSALES) Ideal para darle una apariencia mas DEPORTIVA y agresiva a cualquier veh\u00edculo. acabado fibra de carbono&hellip;<\/p>\n","protected":false},"featured_media":1873,"comment_status":"open","ping_status":"closed","template":"","meta":{"spay_email":""},"_links":{"self":[{"href":"https:\/\/bewec.com\/index.php?rest_route=\/wp\/v2\/product\/1869"}],"collection":[{"href":"https:\/\/bewec.com\/index.php?rest_route=\/wp\/v2\/product"}],"about":[{"href":"https:\/\/bewec.com\/index.php?rest_route=\/wp\/v2\/types\/product"}],"replies":[{"embeddable":true,"href":"https:\/\/bewec.com\/index.php?rest_route=%2Fwp%2Fv2%2Fcomments&post=1869"}],"version-history":[{"count":2,"href":"https:\/\/bewec.com\/index.php?rest_route=\/wp\/v2\/product\/1869\/revisions"}],"predecessor-version":[{"id":2571,"href":"https:\/\/bewec.com\/index.php?rest_route=\/wp\/v2\/product\/1869\/revisions\/2571"}],"wp:featuredmedia":[{"embeddable":true,"href":"https:\/\/bewec.com\/index.php?rest_route=\/wp\/v2\/media\/1873"}],"wp:attachment":[{"href":"https:\/\/bewec.com\/index.php?rest_route=%2Fwp%2Fv2%2Fmedia&parent=1869"}],"curies":[{"name":"wp","href":"https:\/\/api.w.org\/{rel}","templated":true}]}}