{"id":1818,"date":"2020-06-22T15:45:18","date_gmt":"2020-06-22T20:45:18","guid":{"rendered":"https:\/\/bewec.com\/?post_type=product&#038;p=1818"},"modified":"2023-08-29T12:29:34","modified_gmt":"2023-08-29T18:29:34","slug":"recuperador-de-aceite-oil-catch-can-universal-bmw-peugeot-vw","status":"publish","type":"product","link":"https:\/\/bewec.com\/?product=recuperador-de-aceite-oil-catch-can-universal-bmw-peugeot-vw","title":{"rendered":"Recuperador De Aceite Oil Catch Can Universal Bmw Peugeot Vw"},"content":{"rendered":"<p>WorksEliteCars<br \/>\nInstalaci\u00f3n (RECOMENDABLE INSTALACI\u00d3N PROFESIONAL POR MEC\u00c1NICO)<\/p>\n<p>Recuperador de aceite universal (con condensador)<br \/>\nideal para motores de BWM, Mercedez benz, Peugeot VW, Seat o Audi los cuales cuentas con el puerto de la valvula pcv de diametro grande.<\/p>\n<p>LEE CON ATENCI\u00d3N<br \/>\n\u00bf POR QUE MEJOR QUE OTROS RECUPERADORES?<br \/>\nLa mayor\u00eda de sistemas OIL CATCH CAN econ\u00f3micos en el mercado,son solo cilindros vac\u00edos (esos no te sirven para retener las part\u00edculas y fluidos que salen de tu motor)<\/p>\n<p>Este sistema OIL CATCH CAN cuenta con condensador intern\u00f3, el cual permite separar de aceite, particulas y fluidos que salen de tu valvula pcv para evitar que ingresen a la admision de tu motor, de esta forma tienes un mejor funcionamiento, prolongas la vida util del motor y servicios al cuerpo de aceleraci\u00f3n al mantenerlo sin contaminantes por residuos y sedimentos de carbonilla por el aceite quemado.<\/p>\n<p>Ideal para autos turbo, supercargados o aplicaci\u00f3n stock<br \/>\nTodos nuestros productos van garantizados.<br \/>\nSi no funciona te lo cambiamos o regresamos tu dinero.<br \/>\nSi deseas ver calidad, funcionamiento o productos ya instalados tenemos videos que respaldan nuestro trabajo y productos. En WORKS ELITE CARS<\/p>\n<p>La funci\u00f3n que cumple este dispositivo es:<br \/>\nRECUPERAR el aceite y fluidos que se pierde en forma de vapor por las v\u00e1lvulas pcv y respiraderos del motor, el aceite es condensado en el dep\u00f3sito de aceite.<br \/>\nEste vapor de aceite cuando es absorbido por el motor, genera una mezcla rica en hidrocarburos, con lo cual puede afectar a algunos sensores o catalizador y ser motivo de rechazo en la verificaci\u00f3n.<br \/>\nEl recuperador de aceite hace la funci\u00f3n de la v\u00e1lvula pcv original del auto con un mejor desempe\u00f1o.<\/p>\n<p>Mantener limpio los conductos y sistemas de admisi\u00f3n.<br \/>\nEste aceite que se genera cuando el motor calienta, crea restos de carb\u00f3n, al instalar el recuperador de aceite correctamente, se evitar\u00e1n estos restos de carb\u00f3n en la admisi\u00f3n y por lo tanto se tendr\u00e1 m\u00e1s limpio el cuerpo de aceleraci\u00f3n (mejor estabilidad del relenti del motor)<\/p>\n<p>Cuando el consumo de aceite es demasiado y se instala este dispositivo, se bajan las emisiones contaminantes por Hidrocarburos, debido al aceite que eman al ser derivado del petr\u00f3leo.<br \/>\nse puede instalar en cualquier vehiculo es de uso universal.<\/p>\n<p>&nbsp;<\/p>\n","protected":false},"excerpt":{"rendered":"<p>WorksEliteCars Instalaci\u00f3n (RECOMENDABLE INSTALACI\u00d3N PROFESIONAL POR MEC\u00c1NICO) Recuperador de aceite universal (con condensador) ideal para motores de BWM, Mercedez benz,&hellip;<\/p>\n","protected":false},"featured_media":1819,"comment_status":"open","ping_status":"closed","template":"","meta":{"spay_email":""},"_links":{"self":[{"href":"https:\/\/bewec.com\/index.php?rest_route=\/wp\/v2\/product\/1818"}],"collection":[{"href":"https:\/\/bewec.com\/index.php?rest_route=\/wp\/v2\/product"}],"about":[{"href":"https:\/\/bewec.com\/index.php?rest_route=\/wp\/v2\/types\/product"}],"replies":[{"embeddable":true,"href":"https:\/\/bewec.com\/index.php?rest_route=%2Fwp%2Fv2%2Fcomments&post=1818"}],"version-history":[{"count":1,"href":"https:\/\/bewec.com\/index.php?rest_route=\/wp\/v2\/product\/1818\/revisions"}],"predecessor-version":[{"id":1829,"href":"https:\/\/bewec.com\/index.php?rest_route=\/wp\/v2\/product\/1818\/revisions\/1829"}],"wp:featuredmedia":[{"embeddable":true,"href":"https:\/\/bewec.com\/index.php?rest_route=\/wp\/v2\/media\/1819"}],"wp:attachment":[{"href":"https:\/\/bewec.com\/index.php?rest_route=%2Fwp%2Fv2%2Fmedia&parent=1818"}],"curies":[{"name":"wp","href":"https:\/\/api.w.org\/{rel}","templated":true}]}}