{"id":1798,"date":"2020-06-22T15:24:44","date_gmt":"2020-06-22T20:24:44","guid":{"rendered":"https:\/\/bewec.com\/?post_type=product&#038;p=1798"},"modified":"2024-04-21T14:16:57","modified_gmt":"2024-04-21T19:16:57","slug":"recuperador-de-aceite-oil-catch-tank","status":"publish","type":"product","link":"https:\/\/bewec.com\/?product=recuperador-de-aceite-oil-catch-tank","title":{"rendered":"recuperador de aceite Oil catch Tank"},"content":{"rendered":"<p>Deseas ver el producto ya instalado? visitame en REDES tenemos fotos y videos de nuestros trabajos. SOMOS &#8220;&#8221;WORKS ELITE CARS&#8221;&#8221;<\/p>\n<p>RECUPERADOR DE ACEITE<\/p>\n<p>asesoramos la instalaci\u00f3n si lo requieres!<\/p>\n<p>kit completo (como en la primer imagen)<br \/>\n*6 tomas conector en diferente di\u00e1metro:<br \/>\n2x10mm<br \/>\n2x12mm<br \/>\n2x14mm<br \/>\n*1 dep\u00f3sito de aceite<br \/>\n*1 filtro para respiradero<br \/>\n*3 abrazaderas<br \/>\n*2 tornillos con tuerca (para base)<br \/>\n*4 orings<br \/>\n*1 condensador<br \/>\n*1 manguera de vac\u00edo universal<br \/>\n*1 sticker (greddy turbo systems)<br \/>\n*1 instructivo<br \/>\n1Cinta tefl\u00f3n para conexi\u00f3n<\/p>\n<p>Es de los \u00fanicos recuperadores, el cual dentro del cilindro cuenta con condensador internamente para separar el aceite o fluidos del aire.<\/p>\n<p>Ideal para autos turbo, supercargados o aplicaci\u00f3n para autos normales<br \/>\nLa funci\u00f3n que cumple este dispositivo es:<br \/>\nRECUPERAR el aceite y fluidos que se pierde en forma de vapor por las v\u00e1lvulas pvc y respiraderos del motor, el aceite es condensado en el dep\u00f3sito de aceite.<br \/>\nEste vapor de aceite cuando es absorbido por el motor, genera una mezcla rica en hidrocarburos, con lo cual puede afectar a algunos sensores o catalizador y ser motivo de rechazo en la verificaci\u00f3n.<br \/>\nEl recuperador de aceite hace la funci\u00f3n de la v\u00e1lvula pcv original del auto con un mejor desempe\u00f1o.<\/p>\n<p>Mantener limpio los conductos y sistemas de admisi\u00f3n.<br \/>\nEste aceite que se genera cuando el motor calienta, crea restos de carb\u00f3n, al instalar el recuperador de aceite correctamente, se evitar\u00e1n estos restos de carb\u00f3n en la admisi\u00f3n y por lo tanto se tendr\u00e1 m\u00e1s limpio el cuerpo de aceleraci\u00f3n (mejor estabilidad del relenti del motor)<\/p>\n<p>Cuando el consumo de aceite es demasiado y se instala este dispositivo, se bajan las emociones contaminantes por Hidrocarburos, debido a que el aceite emane estos al ser derivado del petr\u00f3leo.<\/p>\n<p>se puede instalar en cualquier vehiculo es de uso universal,<br \/>\ncuenta con 3 pares de conectores de vacio en diferente medida para acoplarse f\u00e1cilmente a tus mangueras originales de vacio.<\/p>\n","protected":false},"excerpt":{"rendered":"<p>Deseas ver el producto ya instalado? visitame en REDES tenemos fotos y videos de nuestros trabajos. SOMOS &#8220;&#8221;WORKS ELITE CARS&#8221;&#8221;&hellip;<\/p>\n","protected":false},"featured_media":2031,"comment_status":"open","ping_status":"closed","template":"","meta":{"spay_email":""},"_links":{"self":[{"href":"https:\/\/bewec.com\/index.php?rest_route=\/wp\/v2\/product\/1798"}],"collection":[{"href":"https:\/\/bewec.com\/index.php?rest_route=\/wp\/v2\/product"}],"about":[{"href":"https:\/\/bewec.com\/index.php?rest_route=\/wp\/v2\/types\/product"}],"replies":[{"embeddable":true,"href":"https:\/\/bewec.com\/index.php?rest_route=%2Fwp%2Fv2%2Fcomments&post=1798"}],"version-history":[{"count":2,"href":"https:\/\/bewec.com\/index.php?rest_route=\/wp\/v2\/product\/1798\/revisions"}],"predecessor-version":[{"id":2027,"href":"https:\/\/bewec.com\/index.php?rest_route=\/wp\/v2\/product\/1798\/revisions\/2027"}],"wp:featuredmedia":[{"embeddable":true,"href":"https:\/\/bewec.com\/index.php?rest_route=\/wp\/v2\/media\/2031"}],"wp:attachment":[{"href":"https:\/\/bewec.com\/index.php?rest_route=%2Fwp%2Fv2%2Fmedia&parent=1798"}],"curies":[{"name":"wp","href":"https:\/\/api.w.org\/{rel}","templated":true}]}}