{"id":1757,"date":"2020-06-22T14:38:47","date_gmt":"2020-06-22T19:38:47","guid":{"rendered":"https:\/\/bewec.com\/?post_type=product&#038;p=1757"},"modified":"2024-08-06T21:55:36","modified_gmt":"2024-08-07T02:55:36","slug":"pomo-palanca-perilla-deportivo-con-grabado","status":"publish","type":"product","link":"https:\/\/bewec.com\/?product=pomo-palanca-perilla-deportivo-con-grabado","title":{"rendered":"pomo palanca perilla deportivo con grabado"},"content":{"rendered":"<p>Para ver las fotos o im\u00e1genes del color que buscas, solo selecciona en las opciones \u201cCOLOR\u201d el que sea de tu agrado, podr\u00e1s ver m\u00e1s im\u00e1genes del color que est\u00e1s buscando.<\/p>\n<p>Pomo genuino EPMAN original<br \/>\nAjustable a casi todos los veh\u00edculos<br \/>\nSi tu veh\u00edculo es manual y su palanca original es enroscable se puede enroscar este pomo con los diferentes adaptadores que incluye<\/p>\n<p style=\"font-size: 16px; font-style: normal; font-weight: 400;\">Pomo\/palanca\/perilla de velocidades honda, Mazda, ford Universal<\/p>\n<p>Marca Epman (ORIGINAL)<br \/>\nExcelente calidad y acabado, material METALIZADA aleaci\u00f3n de aluminio\/pulido<\/p>\n<p>5 velocidades m\u00e1s reversa<br \/>\nTal como la imagen<\/p>\n<p>Incluye:<br \/>\nPomo (aluminio)<br \/>\n3 adaptadores diferente medida para acoplarlo a diferentes autos<br \/>\nEPMAN<br \/>\nIncluye caja original<\/p>\n<p>Cuenta con 3 adaptadores de diferente medida:<br \/>\n8*1.25<br \/>\n10&#215;1.25<br \/>\n10&#215;1.5<br \/>\nM8,M10,M12<br \/>\nDimensiones de pomo<br \/>\n58mm alto X 40mm Di\u00e1metro<\/p>\n","protected":false},"excerpt":{"rendered":"<p>Para ver las fotos o im\u00e1genes del color que buscas, solo selecciona en las opciones \u201cCOLOR\u201d el que sea de&hellip;<\/p>\n","protected":false},"featured_media":2010,"comment_status":"open","ping_status":"closed","template":"","meta":{"spay_email":""},"_links":{"self":[{"href":"https:\/\/bewec.com\/index.php?rest_route=\/wp\/v2\/product\/1757"}],"collection":[{"href":"https:\/\/bewec.com\/index.php?rest_route=\/wp\/v2\/product"}],"about":[{"href":"https:\/\/bewec.com\/index.php?rest_route=\/wp\/v2\/types\/product"}],"replies":[{"embeddable":true,"href":"https:\/\/bewec.com\/index.php?rest_route=%2Fwp%2Fv2%2Fcomments&post=1757"}],"version-history":[{"count":4,"href":"https:\/\/bewec.com\/index.php?rest_route=\/wp\/v2\/product\/1757\/revisions"}],"predecessor-version":[{"id":2102,"href":"https:\/\/bewec.com\/index.php?rest_route=\/wp\/v2\/product\/1757\/revisions\/2102"}],"wp:featuredmedia":[{"embeddable":true,"href":"https:\/\/bewec.com\/index.php?rest_route=\/wp\/v2\/media\/2010"}],"wp:attachment":[{"href":"https:\/\/bewec.com\/index.php?rest_route=%2Fwp%2Fv2%2Fmedia&parent=1757"}],"curies":[{"name":"wp","href":"https:\/\/api.w.org\/{rel}","templated":true}]}}