{"id":1733,"date":"2020-06-22T14:29:33","date_gmt":"2020-06-22T19:29:33","guid":{"rendered":"https:\/\/bewec.com\/?post_type=product&#038;p=1733"},"modified":"2020-09-03T12:05:06","modified_gmt":"2020-09-03T17:05:06","slug":"pod-base-medidor-porta-gauge-universal-2-52mm","status":"publish","type":"product","link":"https:\/\/bewec.com\/?product=pod-base-medidor-porta-gauge-universal-2-52mm","title":{"rendered":"Pod Base Medidor Porta gauge UNIVERSAL 2&#8243; 52MM"},"content":{"rendered":"<p>BASE UNIVERSAL PARA MEDIDORES DE 52MM O 2&#8243;&#8221;<\/p>\n<p>ATENCI\u00d3N selecciona la opci\u00f3n correcta (largo o corto) ya que contamos con dos modelos diferentes de base en esta publicacion<\/p>\n<p>incluye cinta doble cara para pegar ya sea la base al tablero y el medidor a la base. O fijarlo con pija<br \/>\nse env\u00eda como las im\u00e1genes (opci\u00f3n largo o opci\u00f3n corto.<\/p>\n","protected":false},"excerpt":{"rendered":"<p>BASE UNIVERSAL PARA MEDIDORES DE 52MM O 2&#8243;&#8221; ATENCI\u00d3N selecciona la opci\u00f3n correcta (largo o corto) ya que contamos con&hellip;<\/p>\n","protected":false},"featured_media":1756,"comment_status":"open","ping_status":"closed","template":"","meta":{"spay_email":""},"_links":{"self":[{"href":"https:\/\/bewec.com\/index.php?rest_route=\/wp\/v2\/product\/1733"}],"collection":[{"href":"https:\/\/bewec.com\/index.php?rest_route=\/wp\/v2\/product"}],"about":[{"href":"https:\/\/bewec.com\/index.php?rest_route=\/wp\/v2\/types\/product"}],"replies":[{"embeddable":true,"href":"https:\/\/bewec.com\/index.php?rest_route=%2Fwp%2Fv2%2Fcomments&post=1733"}],"version-history":[{"count":1,"href":"https:\/\/bewec.com\/index.php?rest_route=\/wp\/v2\/product\/1733\/revisions"}],"predecessor-version":[{"id":1761,"href":"https:\/\/bewec.com\/index.php?rest_route=\/wp\/v2\/product\/1733\/revisions\/1761"}],"wp:featuredmedia":[{"embeddable":true,"href":"https:\/\/bewec.com\/index.php?rest_route=\/wp\/v2\/media\/1756"}],"wp:attachment":[{"href":"https:\/\/bewec.com\/index.php?rest_route=%2Fwp%2Fv2%2Fmedia&parent=1733"}],"curies":[{"name":"wp","href":"https:\/\/api.w.org\/{rel}","templated":true}]}}