{"id":1708,"date":"2020-06-22T12:23:23","date_gmt":"2020-06-22T17:23:23","guid":{"rendered":"https:\/\/bewec.com\/?post_type=product&#038;p=1708"},"modified":"2026-03-07T03:19:28","modified_gmt":"2026-03-07T09:19:28","slug":"medidor-de-boost-presion-de-turbo-psi","status":"publish","type":"product","link":"https:\/\/bewec.com\/?product=medidor-de-boost-presion-de-turbo-psi","title":{"rendered":"Medidor de boost presion de turbo PSI"},"content":{"rendered":"<p>&#8220;Medidores ORIGINALES ADDCO<br \/>\nSi a\u00fan no est\u00e1s seguro de tu compra, visita nuestros videos!<br \/>\nEn WorksEliteCars<br \/>\n*Te asesoramos para instalar<br \/>\n*calibramos a 0 tu medidor<\/p>\n<p>Tenemos videos con los medidores, \u00fanicos en realizar barrido de aguja como los medidores originales de subaru y Audi S<\/p>\n<p>MEDIDOR ORIGINAL<br \/>\n*&#8221;Incluye diagrama de instalaci\u00f3n y sticker*<\/p>\n<p>&nbsp;<\/p>\n<p>Cambia el color del display a tu gusto 7 modos diferentes<br \/>\n*Todos realizan barrido de agujas al encender (como los medidores de Subaru y Audi)<br \/>\nEs un medidor de uso universal<br \/>\nExcelente calidad<br \/>\nExcelente medici\u00f3n<br \/>\nSuperior a los medidores convencionales<\/p>\n<p>*Medidor de boost<br \/>\nSensor de presi\u00f3n electr\u00f3nico, el vac\u00edo se conecta a este sensor f\u00e1cilmente con una T conexi\u00f3n (INCLUIDA) (Se calibra a 0 para diferentes altitudes que no estan a nivel del mar como CDMX)<br \/>\n*los sensores est\u00e1n calibrados a nivel Del Mar, en el \u00e1rea metropolitana se tiene una menor presi\u00f3n atmosf\u00e9rica, por lo tanto los medidores marcan menos, pero no es problema te los calibraremos antes de enviar o te decimos c\u00f3mo hacerlo.<\/p>\n<p>Listo para instalarse en cualquier auto TURBO o SUPERCARGADO<br \/>\nsi tu veh\u00edculo no es turbo, tambi\u00e9n se puede instalar pero como medidor de vacio.<\/p>\n<p>Se env\u00eda con lo siguiente:<br \/>\nMEDIDOR DE BOOST<br \/>\nBASE PARA MEDIDOR<br \/>\nCONEXI\u00d3N T<br \/>\nMANGUERA DE VAC\u00cdO<br \/>\nSENSOR DE VAC\u00cdO<br \/>\nCABLE CONECTOR medidor-sensor<br \/>\nCINTA DOBLE CARA (base)<br \/>\nCINTA DOBLE CARA MEDIDOR<br \/>\nSTICKER ADDCO<br \/>\nINSTRUCTIVO<\/p>\n<p>&nbsp;<\/p>\n<p>&#8221;<\/p>\n<p>IMPORTANTE!<br \/>\nAl ser un producto electr\u00f3nico todos los medidores son probados y marcados antes de enviar para asegurar que te llegue un producto funcional y \u00f3ptimo.<br \/>\nLa garant\u00eda del producto \u00fanicamente es por defecto de fabricaci\u00f3n (defectos f\u00edsicos).Para devolver un producto debe mantenerse, nuevo, en caja, sin instalar, y en \u00f3ptimas condiciones.<\/p>\n","protected":false},"excerpt":{"rendered":"<p>&#8220;Medidores ORIGINALES ADDCO Si a\u00fan no est\u00e1s seguro de tu compra, visita nuestros videos! En WorksEliteCars *Te asesoramos para instalar&hellip;<\/p>\n","protected":false},"featured_media":1711,"comment_status":"open","ping_status":"closed","template":"","meta":{"spay_email":""},"_links":{"self":[{"href":"https:\/\/bewec.com\/index.php?rest_route=\/wp\/v2\/product\/1708"}],"collection":[{"href":"https:\/\/bewec.com\/index.php?rest_route=\/wp\/v2\/product"}],"about":[{"href":"https:\/\/bewec.com\/index.php?rest_route=\/wp\/v2\/types\/product"}],"replies":[{"embeddable":true,"href":"https:\/\/bewec.com\/index.php?rest_route=%2Fwp%2Fv2%2Fcomments&post=1708"}],"version-history":[{"count":1,"href":"https:\/\/bewec.com\/index.php?rest_route=\/wp\/v2\/product\/1708\/revisions"}],"predecessor-version":[{"id":1717,"href":"https:\/\/bewec.com\/index.php?rest_route=\/wp\/v2\/product\/1708\/revisions\/1717"}],"wp:featuredmedia":[{"embeddable":true,"href":"https:\/\/bewec.com\/index.php?rest_route=\/wp\/v2\/media\/1711"}],"wp:attachment":[{"href":"https:\/\/bewec.com\/index.php?rest_route=%2Fwp%2Fv2%2Fmedia&parent=1708"}],"curies":[{"name":"wp","href":"https:\/\/api.w.org\/{rel}","templated":true}]}}