{"id":1648,"date":"2020-06-22T03:34:49","date_gmt":"2020-06-22T08:34:49","guid":{"rendered":"https:\/\/bewec.com\/?post_type=product&#038;p=1648"},"modified":"2022-10-16T13:04:38","modified_gmt":"2022-10-16T18:04:38","slug":"hid-focos-led-csp-50w-8000l","status":"publish","type":"product","link":"https:\/\/bewec.com\/?product=hid-focos-led-csp-50w-8000l","title":{"rendered":"Hid focos led csp  50w 8000 Lumenes"},"content":{"rendered":"<p>&nbsp;<\/p>\n<p>*GENUINOS CSPS1<br \/>\nLEDS CALIDAD SUPERIOR A los leds econ\u00f3micos que disipa la luz en todas direcciones y no alumbran a donde deben.<\/p>\n<p>ESTOS KITS SI SON CONTRA AGUA!<br \/>\nNueva tecnologia, COMPLETAMENTE SILENCIOSOS (sin ventilador)<\/p>\n<p>Deseas ver el producto antes de comprar o aun no estas seguro de tu compra? visitame en REDES tenemos fotos y v\u00eddeos de nuestros trabajos. SOMOS &#8220;&#8221;WORKS ELITE CARS&#8221;&#8221;<\/p>\n<p>-No Encandila a otros conductores (como los Leds baratos, que solo deslumbran en todas direcciones)<br \/>\n-Mantiene el haz o silueta original de luz<br \/>\nsoportan M\u00e1s de 30,000 horas de uso<br \/>\n8000Lumenes por set 50w sets<br \/>\n25W por foco<br \/>\ncontra agua (exterior)<\/p>\n<p>*****ESTOS KITS DE LED NO EST\u00c1N DISE\u00d1ADOS PARA PROYECTORES CON LUPAS<br \/>\nChip csp<br \/>\nIdeal para luces bajas o nieblas<br \/>\nColor de emisi\u00f3n 6500k (BLANCO PURO)<br \/>\nConsumo:50w set \/ 25w foco<\/p>\n<p>Disponibles para env\u00edo inmediato<br \/>\nS\u00f3lo escoge el modelo de foco que usas en la secci\u00f3n de opciones, aparecer\u00e1 cuantas unidades disponibles existen en cada tipo de foco.&#8221;<\/p>\n","protected":false},"excerpt":{"rendered":"<p>&nbsp; *GENUINOS CSPS1 LEDS CALIDAD SUPERIOR A los leds econ\u00f3micos que disipa la luz en todas direcciones y no alumbran&hellip;<\/p>\n","protected":false},"featured_media":1649,"comment_status":"open","ping_status":"closed","template":"","meta":{"spay_email":""},"_links":{"self":[{"href":"https:\/\/bewec.com\/index.php?rest_route=\/wp\/v2\/product\/1648"}],"collection":[{"href":"https:\/\/bewec.com\/index.php?rest_route=\/wp\/v2\/product"}],"about":[{"href":"https:\/\/bewec.com\/index.php?rest_route=\/wp\/v2\/types\/product"}],"replies":[{"embeddable":true,"href":"https:\/\/bewec.com\/index.php?rest_route=%2Fwp%2Fv2%2Fcomments&post=1648"}],"version-history":[{"count":3,"href":"https:\/\/bewec.com\/index.php?rest_route=\/wp\/v2\/product\/1648\/revisions"}],"predecessor-version":[{"id":1667,"href":"https:\/\/bewec.com\/index.php?rest_route=\/wp\/v2\/product\/1648\/revisions\/1667"}],"wp:featuredmedia":[{"embeddable":true,"href":"https:\/\/bewec.com\/index.php?rest_route=\/wp\/v2\/media\/1649"}],"wp:attachment":[{"href":"https:\/\/bewec.com\/index.php?rest_route=%2Fwp%2Fv2%2Fmedia&parent=1648"}],"curies":[{"name":"wp","href":"https:\/\/api.w.org\/{rel}","templated":true}]}}