{"id":1617,"date":"2020-06-22T01:59:23","date_gmt":"2020-06-22T06:59:23","guid":{"rendered":"http:\/\/bewec.com\/?post_type=product&#038;p=1617"},"modified":"2026-03-07T03:22:22","modified_gmt":"2026-03-07T09:22:22","slug":"cutout-electrico-3gen","status":"publish","type":"product","link":"https:\/\/bewec.com\/?product=cutout-electrico-3gen","title":{"rendered":"cutout electrico 3GEN"},"content":{"rendered":"<p>CUT OUT UNIVERSAL<br \/>\n3RA GENERACION (cuenta con un modulo y control remoto de mayor potencia, calidad y alcance)<\/p>\n<p>&nbsp;<\/p>\n<p>QUE SE ENV\u00cdA?<br \/>\nIncluye: (kit completo imagen 1)<br \/>\n1x Tubo diagonal acero inoxidable<br \/>\n1x Papelote con motor el\u00e9ctrico, de alta resistencia (contra agua y calor) con base<br \/>\n1x M\u00f3dulo controlador<br \/>\n1x Control remoto<br \/>\n1x Junta de escape<br \/>\n3x Tornillos con tuercas y rondanas<br \/>\n1x Cable plug extensi\u00f3n<br \/>\n1x INSTRUCTIVO<br \/>\n1x Sticker<br \/>\n1x BATER\u00cdA (incluida en control remoto)<\/p>\n<p>La ventaja de este modelo cutout es que se puede instalar en casi cualquier parte de tu escape, por su corte diagonal. Con este modelo no necesitas eliminar el resonador o catalizador, lo cual te podr\u00eda prender el CHECK ENGINE<\/p>\n<p>MANEJO en esta publicaci\u00f3n solo medida 2.5 pulgadas<\/p>\n<p>No podemos hacernos responsables por la instalaci\u00f3n del producto al momento de enviar, ya que cada moflero o mec\u00e1nico trabaja con distintos est\u00e1ndares de calidad.<br \/>\n.<br \/>\nTambi\u00e9n hacemos instalaci\u00f3n (solo en Chalco Edo Mex)<\/p>\n<p>Para que sirve?<br \/>\n-sirve para liberar los gases de escape.<\/p>\n<p>Que se gana con esto?<br \/>\n-Si buscas un sonido deportivo en tu veh\u00edculo esta es la mejor opci\u00f3n! Ya que puedes hacer ruido al abrir el dispositivo con el control remoto incluido o cerrarlo para ser un auto silencioso como era originalmente (sin fugar absolutamente nada de gases al cerrarlo)<br \/>\n&#8211; en algunos motores y dependiendo la instalaci\u00f3n te da una ganancia de HP, ya que al liberar los gases con mayor facilidad, haces que el motor desfogue con menor dificultar lo que significa MAYOR POTENCIA.<br \/>\nResuelve dudas con nosotros<\/p>\n<p>*Autos con tuber\u00eda doble (motores en V) (o tuber\u00eda paralela bmw)<br \/>\nNo te recomiendo comprar dos sistemas cutout ya que tendr\u00edas que usar dos controles diferentes para abrirlos, en las preguntas ind\u00edcame que requieres doble dispositivo y te paso el enlace para el sistema de cutout Dual.<\/p>\n<p>Ll\u00e9valo con tu moflero de confianza, la parte el\u00e9ctrica se conecta al toma corrientes del auto o bien directo a una corriente de 12Volts del veh\u00edculo solo necesitas buscar por donde meter el cable al interior del vehiculo.<\/p>\n","protected":false},"excerpt":{"rendered":"<p>CUT OUT UNIVERSAL 3RA GENERACION (cuenta con un modulo y control remoto de mayor potencia, calidad y alcance) &nbsp; QUE&hellip;<\/p>\n","protected":false},"featured_media":2077,"comment_status":"open","ping_status":"closed","template":"","meta":{"spay_email":""},"_links":{"self":[{"href":"https:\/\/bewec.com\/index.php?rest_route=\/wp\/v2\/product\/1617"}],"collection":[{"href":"https:\/\/bewec.com\/index.php?rest_route=\/wp\/v2\/product"}],"about":[{"href":"https:\/\/bewec.com\/index.php?rest_route=\/wp\/v2\/types\/product"}],"replies":[{"embeddable":true,"href":"https:\/\/bewec.com\/index.php?rest_route=%2Fwp%2Fv2%2Fcomments&post=1617"}],"version-history":[{"count":1,"href":"https:\/\/bewec.com\/index.php?rest_route=\/wp\/v2\/product\/1617\/revisions"}],"predecessor-version":[{"id":1620,"href":"https:\/\/bewec.com\/index.php?rest_route=\/wp\/v2\/product\/1617\/revisions\/1620"}],"wp:featuredmedia":[{"embeddable":true,"href":"https:\/\/bewec.com\/index.php?rest_route=\/wp\/v2\/media\/2077"}],"wp:attachment":[{"href":"https:\/\/bewec.com\/index.php?rest_route=%2Fwp%2Fv2%2Fmedia&parent=1617"}],"curies":[{"name":"wp","href":"https:\/\/api.w.org\/{rel}","templated":true}]}}