{"id":1598,"date":"2020-06-22T00:15:49","date_gmt":"2020-06-22T05:15:49","guid":{"rendered":"http:\/\/bewec.com\/?post_type=product&#038;p=1598"},"modified":"2026-02-02T22:41:57","modified_gmt":"2026-02-03T04:41:57","slug":"cutout-electrico-universal-2-2-25-2-5-3","status":"publish","type":"product","link":"https:\/\/bewec.com\/?product=cutout-electrico-universal-2-2-25-2-5-3","title":{"rendered":"CUTOUT el\u00e9ctrico universal 2&#8243; 2.25&#8243;  2.5&#8243;  3#"},"content":{"rendered":"<p>Selecciona la medida que necesites (4 variantes)<\/p>\n<p>QUE SE ENV\u00cdA?<\/p>\n<p>Cutout origen chino<\/p>\n<p>Incluye: (kit completo imagen 1)<\/p>\n<p>1x Tubo diagonal acero inoxidable<\/p>\n<p>1x Papelote con motor el\u00e9ctrico, de alta resistencia (contra agua y calor) con base<\/p>\n<p>1x M\u00f3dulo controlador sencillo<\/p>\n<p>1x Control remoto<\/p>\n<p>1x Junta de escape<\/p>\n<p>3x Tornillos con tuercas y rondanas<\/p>\n<p>1x Cable plug extensi\u00f3n<\/p>\n<p>1x INSTRUCTIVO<\/p>\n<p>1x Sticker<\/p>\n<p>1x BATER\u00cdA (incluida en control remoto)<\/p>\n<p>Asesor\u00eda para instalaci\u00f3n si lo necesitas (6 dias a la semana)<\/p>\n<p>OJO \u201cno es compatible con cualquier auto a pesar de ser universal<\/p>\n<p>La ventaja de este modelo cutout es que se puede instalar en casi cualquier parte de tu escape, por su corte diagonal. Con este modelo no necesitas eliminar el resonador o catalizador, lo cual te podr\u00eda prender el CHECK ENGINE<\/p>\n<p>MANEJO en esta publicaci\u00f3n 2.0 2.25 2.50 y 3.0<\/p>\n<p>Que incluye la garant\u00eda?<\/p>\n<p>*Devoluci\u00f3n<\/p>\n<p>No podemos hacernos responsables por la instalaci\u00f3n del producto al momento de enviar, ya que cada moflero o mec\u00e1nico trabaja con distintos est\u00e1ndares de calidad.<\/p>\n<p>.<\/p>\n<p>Tambi\u00e9n hacemos instalaci\u00f3n (solo en Chalco Edo Mex)<\/p>\n<p>Para que sirve?<\/p>\n<p>-sirve para liberar los gases de escape.<\/p>\n<p>Que se gana con esto?<\/p>\n<p>-Si buscas un sonido deportivo en tu veh\u00edculo esta es la mejor opci\u00f3n! Ya que puedes hacer ruido al abrir el dispositivo con el control remoto incluido o cerrarlo para ser un auto silencioso como era originalmente (sin fugar absolutamente nada de gases al cerrarlo)<\/p>\n<p>&#8211; en algunos motores y dependiendo la instalaci\u00f3n te da una ganancia de HP, ya que al liberar los gases con mayor facilidad, haces que el motor desfogue con menor dificultar lo que significa MAYOR POTENCIA.<\/p>\n<p>Resuelve dudas con nosotros<\/p>\n<p>*Autos con tuber\u00eda doble (motores en V) (o tuber\u00eda paralela bmw)<\/p>\n<p>No te recomiendo comprar dos sistemas cutout ya que tendr\u00edas que usar dos controles diferentes para abrirlos, en las preguntas ind\u00edcame que requieres doble dispositivo y te paso el enlace para el sistema de cutout Dual.<\/p>\n<p>Es de f\u00e1cil instalaci\u00f3n<\/p>\n<p>Ll\u00e9valo con tu moflero de confianza, la parte el\u00e9ctrica se conecta al toma corrientes del auto o bien directo a una corriente de 12Volts del veh\u00edculo solo necesitas buscar por donde meter el cable al interior del vehiculo.<\/p>\n<p>en las opciones aparecen las medidas y los sistemas disponibles para envios.<\/p>\n","protected":false},"excerpt":{"rendered":"<p>Selecciona la medida que necesites (4 variantes) QUE SE ENV\u00cdA? Cutout origen chino Incluye: (kit completo imagen 1) 1x Tubo&hellip;<\/p>\n","protected":false},"featured_media":1607,"comment_status":"open","ping_status":"closed","template":"","meta":{"spay_email":""},"_links":{"self":[{"href":"https:\/\/bewec.com\/index.php?rest_route=\/wp\/v2\/product\/1598"}],"collection":[{"href":"https:\/\/bewec.com\/index.php?rest_route=\/wp\/v2\/product"}],"about":[{"href":"https:\/\/bewec.com\/index.php?rest_route=\/wp\/v2\/types\/product"}],"replies":[{"embeddable":true,"href":"https:\/\/bewec.com\/index.php?rest_route=%2Fwp%2Fv2%2Fcomments&post=1598"}],"version-history":[{"count":2,"href":"https:\/\/bewec.com\/index.php?rest_route=\/wp\/v2\/product\/1598\/revisions"}],"predecessor-version":[{"id":3297,"href":"https:\/\/bewec.com\/index.php?rest_route=\/wp\/v2\/product\/1598\/revisions\/3297"}],"wp:featuredmedia":[{"embeddable":true,"href":"https:\/\/bewec.com\/index.php?rest_route=\/wp\/v2\/media\/1607"}],"wp:attachment":[{"href":"https:\/\/bewec.com\/index.php?rest_route=%2Fwp%2Fv2%2Fmedia&parent=1598"}],"curies":[{"name":"wp","href":"https:\/\/api.w.org\/{rel}","templated":true}]}}