{"id":1578,"date":"2020-06-21T18:30:45","date_gmt":"2020-06-21T23:30:45","guid":{"rendered":"http:\/\/bewec.com\/?post_type=product&#038;p=1578"},"modified":"2024-08-06T21:55:06","modified_gmt":"2024-08-07T02:55:06","slug":"valvula-de-alivio-blow-off-seat-vw-golf-leon-1-4t","status":"publish","type":"product","link":"https:\/\/bewec.com\/?product=valvula-de-alivio-blow-off-seat-vw-golf-leon-1-4t","title":{"rendered":"VALVULA de alivio blow off seat vw golf leon 1.4t"},"content":{"rendered":"<p style=\"text-align: center;\">V\u00c1LVULA DE ALIVIO<\/p>\n<p>reemplazo directo para motores 3ra generaci\u00f3n 1.2 y 1.4 de AUDI SEAT Y VW<br \/>\nCOMO SABER SI ES COMPATIBLE CON TU AUTO?<br \/>\nsi tu motor es igual que la imagen sin problema le queda esta v\u00e1lvula, esta v\u00e1lvula no te prende el check, si deseas sacarle mas provecho podemos recalibrar tus sensores de aire al instalar, o te decimos como hacerlo.<br \/>\nibiza FR<br \/>\nSEAT FR<br \/>\nGOLF<br \/>\nAUDI A1 A3<br \/>\nJETTA<br \/>\nTIGUAN<br \/>\n(CON MOTORES 1.4TSI)<\/p>\n<p>INCLUYE INSTRUCTIVO DE INSTALACI\u00d3N Y KIT COMPLETO TUBER\u00cdA, ADAPTADORES Y V\u00c1LVULA DE ALIVIO COMO SE MUESTRA EN LAS IM\u00c1GENES (solo llega a instalar)<\/p>\n<p>te asesoramos 24\/7 para instalaci\u00f3n si lo requieres<\/p>\n<p>si tu motor es 1.4 turbo pero no es como el de la imagen d\u00e9jame un mensaje tengo otras v\u00e1lvulas para las generaciones pasadas.&#8221;<\/p>\n","protected":false},"excerpt":{"rendered":"<p>V\u00c1LVULA DE ALIVIO reemplazo directo para motores 3ra generaci\u00f3n 1.2 y 1.4 de AUDI SEAT Y VW COMO SABER SI&hellip;<\/p>\n","protected":false},"featured_media":1582,"comment_status":"open","ping_status":"closed","template":"","meta":{"spay_email":""},"_links":{"self":[{"href":"https:\/\/bewec.com\/index.php?rest_route=\/wp\/v2\/product\/1578"}],"collection":[{"href":"https:\/\/bewec.com\/index.php?rest_route=\/wp\/v2\/product"}],"about":[{"href":"https:\/\/bewec.com\/index.php?rest_route=\/wp\/v2\/types\/product"}],"replies":[{"embeddable":true,"href":"https:\/\/bewec.com\/index.php?rest_route=%2Fwp%2Fv2%2Fcomments&post=1578"}],"version-history":[{"count":3,"href":"https:\/\/bewec.com\/index.php?rest_route=\/wp\/v2\/product\/1578\/revisions"}],"predecessor-version":[{"id":2784,"href":"https:\/\/bewec.com\/index.php?rest_route=\/wp\/v2\/product\/1578\/revisions\/2784"}],"wp:featuredmedia":[{"embeddable":true,"href":"https:\/\/bewec.com\/index.php?rest_route=\/wp\/v2\/media\/1582"}],"wp:attachment":[{"href":"https:\/\/bewec.com\/index.php?rest_route=%2Fwp%2Fv2%2Fmedia&parent=1578"}],"curies":[{"name":"wp","href":"https:\/\/api.w.org\/{rel}","templated":true}]}}