{"id":1565,"date":"2020-06-21T17:37:35","date_gmt":"2020-06-21T22:37:35","guid":{"rendered":"http:\/\/bewec.com\/?post_type=product&#038;p=1565"},"modified":"2026-03-07T03:20:05","modified_gmt":"2026-03-07T09:20:05","slug":"valvula-de-alivio-universal-2","status":"publish","type":"product","link":"https:\/\/bewec.com\/?product=valvula-de-alivio-universal-2","title":{"rendered":"valvula de alivio universal"},"content":{"rendered":"<p>&#8220;V\u00e1lvula de alivio universal.<\/p>\n<p>Plug and play para 1.8t primera generaci\u00f3n de audi, vw, seat. Saab turbo 2.0 algunos mopar 2.2\/2.4t<\/p>\n<p>DE LAS M\u00c1S RUIDOSAS!<\/p>\n<p>Ideal si buscas mejorar tu proyecto, tu auto.<\/p>\n<p>Ideal para autos stocks y a\u00fan mejor para modificados.<\/p>\n<p>Deseas ver el producto antes de comprar o aun no estas seguro de tu compra? visitame en REDES tenemos fotos y videos de nuestros trabajos. SOMOS &#8220;&#8221;WORKS ELITE CARS&#8221;&#8221;<\/p>\n<p>Si a futuro buscas meter repro&#8230;. stage 2- stage3 big intercooler, etc&#8230; en tu veh\u00edculo est\u00e1 v\u00e1lvula es la indicada, puedes configurarla para usarse desde 4 psi hasta 25 PSi de presi\u00f3n de turbo.<\/p>\n<p>Protege mejor tu turbo (al tener funcionamiento con pist\u00f3n directo)<\/p>\n<p>Es de uso universal, se puede adaptar en cualquier veh\u00edculo turbo y supercargados.<\/p>\n<p>-Al contar con un puerto grande de salida mejorar\u00e1 la descarga de tu turbo (protegi\u00e9ndolo de flutters o contrapresi\u00f3n)<\/p>\n<p>-permite descargar de forma r\u00e1pida (m\u00e1s que una v\u00e1lvula stock o espaciador)<\/p>\n<p>-evita recircular el aire caliente<\/p>\n<p>Recuerda que un motor para sacarle el m\u00e1ximo poder necesita aire fr\u00edo (por eso en las ma\u00f1anas los autos vuelan), la ventaja de la v\u00e1lvula de alivio atmosf\u00e9rica es liberar el aire que no se usa al ambiente mientras que las v\u00e1lvulas originales recirculan el aire caliente a la admisi\u00f3n, lo que te resta potencia, \u00bfpor qu\u00e9 ? Porque a mayor temperatura mayor volumen.. (le entra menos aire al motor cuando el aire est\u00e1 caliente)<\/p>\n<p>Si tienes dudas o preguntas d\u00e9jamelas aqu\u00ed abajo, te responder\u00e9 lo antes posible.<\/p>\n<p>Te asesoramos para instalaci\u00f3n.&#8221;<\/p>\n","protected":false},"excerpt":{"rendered":"<p>&#8220;V\u00e1lvula de alivio universal. Plug and play para 1.8t primera generaci\u00f3n de audi, vw, seat. Saab turbo 2.0 algunos mopar&hellip;<\/p>\n","protected":false},"featured_media":1567,"comment_status":"open","ping_status":"closed","template":"","meta":{"spay_email":""},"_links":{"self":[{"href":"https:\/\/bewec.com\/index.php?rest_route=\/wp\/v2\/product\/1565"}],"collection":[{"href":"https:\/\/bewec.com\/index.php?rest_route=\/wp\/v2\/product"}],"about":[{"href":"https:\/\/bewec.com\/index.php?rest_route=\/wp\/v2\/types\/product"}],"replies":[{"embeddable":true,"href":"https:\/\/bewec.com\/index.php?rest_route=%2Fwp%2Fv2%2Fcomments&post=1565"}],"version-history":[{"count":2,"href":"https:\/\/bewec.com\/index.php?rest_route=\/wp\/v2\/product\/1565\/revisions"}],"predecessor-version":[{"id":2847,"href":"https:\/\/bewec.com\/index.php?rest_route=\/wp\/v2\/product\/1565\/revisions\/2847"}],"wp:featuredmedia":[{"embeddable":true,"href":"https:\/\/bewec.com\/index.php?rest_route=\/wp\/v2\/media\/1567"}],"wp:attachment":[{"href":"https:\/\/bewec.com\/index.php?rest_route=%2Fwp%2Fv2%2Fmedia&parent=1565"}],"curies":[{"name":"wp","href":"https:\/\/api.w.org\/{rel}","templated":true}]}}