{"id":1560,"date":"2020-06-21T17:26:17","date_gmt":"2020-06-21T22:26:17","guid":{"rendered":"http:\/\/bewec.com\/?post_type=product&#038;p=1560"},"modified":"2026-03-07T03:18:47","modified_gmt":"2026-03-07T09:18:47","slug":"valvula-de-alivio-espaciador-honda-hyundai-kia-volvo","status":"publish","type":"product","link":"https:\/\/bewec.com\/?product=valvula-de-alivio-espaciador-honda-hyundai-kia-volvo","title":{"rendered":"Valvula de alivio espaciador Honda hyundai kia volvo"},"content":{"rendered":"<p>Si a\u00fan no est\u00e1s seguro de tu compra busca nuestro video!!<br \/>\nSomos Works Elite Cars<br \/>\nINCLUYE:<br \/>\n1 Espaciador con Sellos<br \/>\n3 tornillos con tuerca y rondana<br \/>\n1 manguera de silicon roja<br \/>\n1 instructivo (pasos para recalibrar. En honda y volvo) evita check engine y sacarle provecho a la v\u00e1lvula.<\/p>\n<p>Espaciador-Valvula de alivio para motor 1.5 turbo de Honda Civic y CRV (compatible con algunos Accord y otros Honda turbo)<br \/>\nKia, hiunday y dodge<\/p>\n<p>buscas que tu auto haga el sonido PSSSSSHT tan caracter\u00edstico de los autos turbo? Este producto es el indicado, lo puedes instalar tu mismo en 15 minutos sin necesitar de llevarlo al mec\u00e1nico.<\/p>\n<p>NOSOTROS TE ASESORAMOS PARA INSTALAR!<br \/>\nPosterior a tu compra si requieres te ayudamos y asesoramos cualquier d\u00eda.<\/p>\n<p>Enalgunos\u00a0 autos Honda los espaciadores prenden el CHECK ENGINE, si vives cerca de CDMX y \u00e1rea metropolitana realizamos la instalaci\u00f3n gratis y la calibraci\u00f3n de Sensores para evitar que prenda Check, si eres de otro lado de M\u00e9xico, no te preocupes! Te enviamos el instructivo con una serie de pasos para despu\u00e9s de instalar el espaciador lo realices con tu auto para que este no te marque check.<\/p>\n<p>incluye:<br \/>\n-espaciador con doble Oring<br \/>\n-manguera de vac\u00edo se silicon roja<br \/>\n-torniller\u00eda con rondanas&#8221;<\/p>\n<p>-instructivo<\/p>\n","protected":false},"excerpt":{"rendered":"<p>Si a\u00fan no est\u00e1s seguro de tu compra busca nuestro video!! Somos Works Elite Cars INCLUYE: 1 Espaciador con Sellos&hellip;<\/p>\n","protected":false},"featured_media":2082,"comment_status":"open","ping_status":"closed","template":"","meta":{"spay_email":""},"_links":{"self":[{"href":"https:\/\/bewec.com\/index.php?rest_route=\/wp\/v2\/product\/1560"}],"collection":[{"href":"https:\/\/bewec.com\/index.php?rest_route=\/wp\/v2\/product"}],"about":[{"href":"https:\/\/bewec.com\/index.php?rest_route=\/wp\/v2\/types\/product"}],"replies":[{"embeddable":true,"href":"https:\/\/bewec.com\/index.php?rest_route=%2Fwp%2Fv2%2Fcomments&post=1560"}],"version-history":[{"count":1,"href":"https:\/\/bewec.com\/index.php?rest_route=\/wp\/v2\/product\/1560\/revisions"}],"predecessor-version":[{"id":1561,"href":"https:\/\/bewec.com\/index.php?rest_route=\/wp\/v2\/product\/1560\/revisions\/1561"}],"wp:featuredmedia":[{"embeddable":true,"href":"https:\/\/bewec.com\/index.php?rest_route=\/wp\/v2\/media\/2082"}],"wp:attachment":[{"href":"https:\/\/bewec.com\/index.php?rest_route=%2Fwp%2Fv2%2Fmedia&parent=1560"}],"curies":[{"name":"wp","href":"https:\/\/api.w.org\/{rel}","templated":true}]}}