{"id":1540,"date":"2020-06-21T17:11:18","date_gmt":"2020-06-21T22:11:18","guid":{"rendered":"http:\/\/bewec.com\/?post_type=product&#038;p=1540"},"modified":"2025-04-16T14:30:23","modified_gmt":"2025-04-16T20:30:23","slug":"hook-tiron-universal-tela","status":"publish","type":"product","link":"https:\/\/bewec.com\/?product=hook-tiron-universal-tela","title":{"rendered":"HOOK TIRON Universal Tela"},"content":{"rendered":"<p>&#8220;tow hook strap universal<br \/>\nflexible tela<\/p>\n<p>todo producto es nuevo al menos que se mencione lo contrario.<br \/>\npara enviarte el indicado solo selecciona el color de tu agrado en las opciones.<\/p>\n<p>soporta hasta 750 kg<br \/>\nsuper resistente y excelente acabado bordado<br \/>\nincluye:<br \/>\ntiron de tela con argolla<br \/>\ntornillo con tuerca<br \/>\n(los tornillos pueden variar el color entre cromo y negro)<\/p>\n<p>para ver productos ya instalados y pedidos especiales visitan0s en WorksEliteCars&#8221;<\/p>\n<p>ATENCI\u00d3N: los colores verde y purple se ven m\u00e1s brillosos en las Im\u00e1genes, los dem\u00e1s colores coinciden con las im\u00e1genes muestra (solo requieres elevar el brillo de tu pantalla y eliminar filtros para apreciar bien el color), en cuanto al color rojo es tono claro (igual al de las im\u00e1genes de la publicaci\u00f3n)<\/p>\n","protected":false},"excerpt":{"rendered":"<p>&#8220;tow hook strap universal flexible tela todo producto es nuevo al menos que se mencione lo contrario. para enviarte el&hellip;<\/p>\n","protected":false},"featured_media":1545,"comment_status":"open","ping_status":"closed","template":"","meta":{"spay_email":""},"_links":{"self":[{"href":"https:\/\/bewec.com\/index.php?rest_route=\/wp\/v2\/product\/1540"}],"collection":[{"href":"https:\/\/bewec.com\/index.php?rest_route=\/wp\/v2\/product"}],"about":[{"href":"https:\/\/bewec.com\/index.php?rest_route=\/wp\/v2\/types\/product"}],"replies":[{"embeddable":true,"href":"https:\/\/bewec.com\/index.php?rest_route=%2Fwp%2Fv2%2Fcomments&post=1540"}],"version-history":[{"count":1,"href":"https:\/\/bewec.com\/index.php?rest_route=\/wp\/v2\/product\/1540\/revisions"}],"predecessor-version":[{"id":1559,"href":"https:\/\/bewec.com\/index.php?rest_route=\/wp\/v2\/product\/1540\/revisions\/1559"}],"wp:featuredmedia":[{"embeddable":true,"href":"https:\/\/bewec.com\/index.php?rest_route=\/wp\/v2\/media\/1545"}],"wp:attachment":[{"href":"https:\/\/bewec.com\/index.php?rest_route=%2Fwp%2Fv2%2Fmedia&parent=1540"}],"curies":[{"name":"wp","href":"https:\/\/api.w.org\/{rel}","templated":true}]}}