{"id":1485,"date":"2020-06-21T14:46:27","date_gmt":"2020-06-21T19:46:27","guid":{"rendered":"http:\/\/bewec.com\/?post_type=product&#038;p=1485"},"modified":"2026-01-22T12:50:01","modified_gmt":"2026-01-22T18:50:01","slug":"medidor-wideband-narrowband-mezcla-aire-combustible","status":"publish","type":"product","link":"https:\/\/bewec.com\/?product=medidor-wideband-narrowband-mezcla-aire-combustible","title":{"rendered":"Medidor wideband\/narrowband mezcla aire combustible"},"content":{"rendered":"<p>Deseas ver el producto antes de comprar o aun no estas seguro de tu compra? visitame en REDES tenemos fotos y videos de nuestros trabajos. SOMOS &#8220;&#8221;WORKS ELITE CARS&#8221;&#8221;<\/p>\n<p>Medidor de mezcla aire\/combustible universal<br \/>\nCompatible con cualquier auto con sistema obd2 y sensor de ox\u00edgeno<br \/>\nInstalaci\u00f3n f\u00e1cil, incluye diagrama y te asesoramos 24\/7 para que puedas instalarlo t\u00fa mismo.<\/p>\n<p>Estos medidores realizan BARRIDO DE AGUJAS (como subaru y audi)<br \/>\nCar\u00e1tula con 7 colores disponibles (cambias el color con un bot\u00f3n)<\/p>\n<p>Si tu auto est\u00e1 modificado y no sabes la mezcla que tiene despu\u00e9s de tocarlo (mezcla pobre o rica) est\u00e1 es tu soluci\u00f3n.<\/p>\n<p>O simplemente si deseas contar con un dato que el tablero no te dice como es la relaci\u00f3n de Mezcla\/aire combustible no te quedes con las ganas este medidor le da una apariencia deportiva!<\/p>\n<p>Recuerda&#8230;. una mezcla pobre te funde el motor y una mezcla rica desgasta anillos prematuramente y da\u00f1a parte del catalizador.<\/p>\n<p>MEJORA LA APARIENCIA DE TU VEHICULO&#8221;<\/p>\n<p>el medidor se conecta al sensor original del auto mientras trabaje con rangos de 0-1volt narrowband\u00a0 y 0-5volts wideband<\/p>\n","protected":false},"excerpt":{"rendered":"<p>Deseas ver el producto antes de comprar o aun no estas seguro de tu compra? visitame en REDES tenemos fotos&hellip;<\/p>\n","protected":false},"featured_media":1487,"comment_status":"open","ping_status":"closed","template":"","meta":{"spay_email":""},"_links":{"self":[{"href":"https:\/\/bewec.com\/index.php?rest_route=\/wp\/v2\/product\/1485"}],"collection":[{"href":"https:\/\/bewec.com\/index.php?rest_route=\/wp\/v2\/product"}],"about":[{"href":"https:\/\/bewec.com\/index.php?rest_route=\/wp\/v2\/types\/product"}],"replies":[{"embeddable":true,"href":"https:\/\/bewec.com\/index.php?rest_route=%2Fwp%2Fv2%2Fcomments&post=1485"}],"version-history":[{"count":1,"href":"https:\/\/bewec.com\/index.php?rest_route=\/wp\/v2\/product\/1485\/revisions"}],"predecessor-version":[{"id":1491,"href":"https:\/\/bewec.com\/index.php?rest_route=\/wp\/v2\/product\/1485\/revisions\/1491"}],"wp:featuredmedia":[{"embeddable":true,"href":"https:\/\/bewec.com\/index.php?rest_route=\/wp\/v2\/media\/1487"}],"wp:attachment":[{"href":"https:\/\/bewec.com\/index.php?rest_route=%2Fwp%2Fv2%2Fmedia&parent=1485"}],"curies":[{"name":"wp","href":"https:\/\/api.w.org\/{rel}","templated":true}]}}