{"id":1482,"date":"2020-06-21T13:40:36","date_gmt":"2020-06-21T18:40:36","guid":{"rendered":"http:\/\/bewec.com\/?post_type=product&#038;p=1482"},"modified":"2026-03-07T03:21:41","modified_gmt":"2026-03-07T09:21:41","slug":"valvula-de-alivio-universal","status":"publish","type":"product","link":"https:\/\/bewec.com\/?product=valvula-de-alivio-universal","title":{"rendered":"Valvula de alivio universal"},"content":{"rendered":"<p>&#8220;V\u00e1lvula de alivio universal.<br \/>\n\u2022V\u00e1lvula Regulable (con tornillo)<br \/>\n\u20223 modos de performance<br \/>\n-MAX (doble resorte)<br \/>\n-MEDIO (resorte grueso)<br \/>\n-M\u00cdNIMO (resorte delgado)<br \/>\nMas aparte se puede regular con el tornillo de ajuste m\u00e1s especifica.<\/p>\n<p>Deseas ver el producto antes de comprar o aun no estas seguro de tu compra? visitame en REDES tenemos fotos y videos de nuestros trabajos. SOMOS &#8220;&#8221;WORKS ELITE CARS&#8221;&#8221;<\/p>\n<p>V\u00e1lvula de alivio universal.<br \/>\nCon base de aluminio 2.5\u201d<br \/>\nDE LAS M\u00c1S RUIDOSAS!<br \/>\nIdeal si buscas mejorar tu proyecto, tu auto.<br \/>\nIdeal para autos stocks y a\u00fan mejor para modificados.<\/p>\n<p>Si a futuro buscas meter repro&#8230;. stage 2- stage3 big intercooler, etc&#8230; en tu veh\u00edculo est\u00e1 v\u00e1lvula es la indicada, puedes configurarla para usarse desde 4 psi hasta 30 PSi de presi\u00f3n de turbo.<br \/>\nProtege mejor tu turbo (al tener funcionamiento con pist\u00f3n directo)<\/p>\n<p>Es de uso universal, se puede adaptar en cualquier veh\u00edculo turbo y supercargados.<\/p>\n<p>-Al contar con un puerto grande de salida mejorar\u00e1 la descarga de tu turbo (protegi\u00e9ndolo de flutters o contra-presion)<\/p>\n<p>-permite descargar de forma r\u00e1pida (que una v\u00e1lvula stock o espaciador)<\/p>\n<p>-evita recircular el aire caliente<\/p>\n<p>Recuerda que un motor para sacarle el m\u00e1ximo poder necesita aire fr\u00edo (por eso en las ma\u00f1anas los autos vuelan), la ventaja de la v\u00e1lvula de alivio atmosf\u00e9rica es liberar el aire que no se usa al ambiente mientras que las v\u00e1lvulas originales recirculan el aire caliente a la admisi\u00f3n, lo que te resta potencia, \u00bfpor qu\u00e9 ? Porque a mayor temperatura mayor volumen.. (le entra menos aire al motor cuando el aire est\u00e1 caliente)<\/p>\n<p>Si tienes dudas o preguntas d\u00e9jamelas aqu\u00ed abajo, te responder\u00e9 lo antes posible.<\/p>\n<p>Te asesoramos para instalaci\u00f3n.<br \/>\nEN LAS OPCIONES APARECEN LOS COLORES QUE PUEDES SELECCIONAR<\/p>\n","protected":false},"excerpt":{"rendered":"<p>&#8220;V\u00e1lvula de alivio universal. \u2022V\u00e1lvula Regulable (con tornillo) \u20223 modos de performance -MAX (doble resorte) -MEDIO (resorte grueso) -M\u00cdNIMO (resorte&hellip;<\/p>\n","protected":false},"featured_media":1483,"comment_status":"open","ping_status":"closed","template":"","meta":{"spay_email":""},"_links":{"self":[{"href":"https:\/\/bewec.com\/index.php?rest_route=\/wp\/v2\/product\/1482"}],"collection":[{"href":"https:\/\/bewec.com\/index.php?rest_route=\/wp\/v2\/product"}],"about":[{"href":"https:\/\/bewec.com\/index.php?rest_route=\/wp\/v2\/types\/product"}],"replies":[{"embeddable":true,"href":"https:\/\/bewec.com\/index.php?rest_route=%2Fwp%2Fv2%2Fcomments&post=1482"}],"version-history":[{"count":1,"href":"https:\/\/bewec.com\/index.php?rest_route=\/wp\/v2\/product\/1482\/revisions"}],"predecessor-version":[{"id":1484,"href":"https:\/\/bewec.com\/index.php?rest_route=\/wp\/v2\/product\/1482\/revisions\/1484"}],"wp:featuredmedia":[{"embeddable":true,"href":"https:\/\/bewec.com\/index.php?rest_route=\/wp\/v2\/media\/1483"}],"wp:attachment":[{"href":"https:\/\/bewec.com\/index.php?rest_route=%2Fwp%2Fv2%2Fmedia&parent=1482"}],"curies":[{"name":"wp","href":"https:\/\/api.w.org\/{rel}","templated":true}]}}