{"id":1478,"date":"2020-06-21T13:32:53","date_gmt":"2020-06-21T18:32:53","guid":{"rendered":"http:\/\/bewec.com\/?post_type=product&#038;p=1478"},"modified":"2026-01-22T12:59:50","modified_gmt":"2026-01-22T18:59:50","slug":"valvula-de-alivio-universal-bov-blow-off-turbo-cupra-srt4-vw","status":"publish","type":"product","link":"https:\/\/bewec.com\/?product=valvula-de-alivio-universal-bov-blow-off-turbo-cupra-srt4-vw","title":{"rendered":"Valvula De Alivio Universal Bov Blow Off Turbo Cupra Srt4 Vw"},"content":{"rendered":"<p>Deseas ver el producto antes de comprar o aun no estas seguro de tu compra? visitame en REDES tenemos fotos y videos de nuestros trabajos. SOMOS &#8220;&#8221;WORKS ELITE CARS&#8221;&#8221;<\/p>\n<p>V\u00e1lvula de alivio universal.<br \/>\n\u2022V\u00e1lvula Regulable (con tornillo)<br \/>\n\u20223 modos de performance<br \/>\n-MAX (doble resorte) hasta 30psi<br \/>\n-MEDIO (resorte grueso) 10-18psi<br \/>\n-M\u00cdNIMO (resorte delgado) 4-12 psi<br \/>\n*la valvula se env\u00eda con los dos resortes instalados (modo M\u00e1ximo), si deseas disminuir su dureza solo se destapa y retira uno de los dos resortes dependiendo el performance que buscas.<br \/>\nDE LAS M\u00c1S RUIDOSAS!<br \/>\nIdeal si buscas mejorar tu proyecto, tu auto.<br \/>\nIdeal para autos stocks y a\u00fan mejor para modificados.<br \/>\nGarantizada<\/p>\n<p>Si a futuro buscas meter repro&#8230;. stage 2- stage3 big intercooler, etc&#8230; en tu veh\u00edculo est\u00e1 v\u00e1lvula es la indicada, puedes configurarla para usarse desde 4 psi hasta 30 PSi de presi\u00f3n de turbo.<br \/>\nProtege mejor tu turbo (al tener funcionamiento con pist\u00f3n directo)<\/p>\n<p>Es de uso universal, se puede adaptar en cualquier veh\u00edculo turbo y supercargados. (Requiere instalarse por personal calificado\/experiencia)<\/p>\n<p>-Al contar con un puerto grande de salida mejorar\u00e1 la descarga de tu turbo (protegi\u00e9ndolo de flutters o contraprestaci\u00f3n)<\/p>\n<p>-permite descargar de forma r\u00e1pida (que una v\u00e1lvula stock o espaciador)<\/p>\n<p>-evita recircular el aire caliente<\/p>\n<p>Recuerda que un motor para sacarle el m\u00e1ximo poder necesita aire fr\u00edo (por eso en las ma\u00f1anas los autos vuelan), la ventaja de la v\u00e1lvula de alivio atmosf\u00e9rica es liberar el aire que no se usa al ambiente mientras que las v\u00e1lvulas originales recirculan el aire caliente a la admisi\u00f3n, lo que te resta potencia, \u00bfpor qu\u00e9 ? Porque a mayor temperatura mayor volumen.. (le entra menos aire al motor cuando el aire est\u00e1 caliente)<\/p>\n<p>Si tienes dudas o preguntas d\u00e9jamelas aqu\u00ed abajo, te responder\u00e9 lo antes posible.<\/p>\n<p>Te asesoramos para instalaci\u00f3n.&#8221;<br \/>\n*requiere instalaci\u00f3n por t\u00e9cnico o conocedor del \u00e1rea mec\u00e1nica<\/p>\n","protected":false},"excerpt":{"rendered":"<p>Deseas ver el producto antes de comprar o aun no estas seguro de tu compra? visitame en REDES tenemos fotos&hellip;<\/p>\n","protected":false},"featured_media":1479,"comment_status":"open","ping_status":"closed","template":"","meta":{"spay_email":""},"_links":{"self":[{"href":"https:\/\/bewec.com\/index.php?rest_route=\/wp\/v2\/product\/1478"}],"collection":[{"href":"https:\/\/bewec.com\/index.php?rest_route=\/wp\/v2\/product"}],"about":[{"href":"https:\/\/bewec.com\/index.php?rest_route=\/wp\/v2\/types\/product"}],"replies":[{"embeddable":true,"href":"https:\/\/bewec.com\/index.php?rest_route=%2Fwp%2Fv2%2Fcomments&post=1478"}],"version-history":[{"count":1,"href":"https:\/\/bewec.com\/index.php?rest_route=\/wp\/v2\/product\/1478\/revisions"}],"predecessor-version":[{"id":1481,"href":"https:\/\/bewec.com\/index.php?rest_route=\/wp\/v2\/product\/1478\/revisions\/1481"}],"wp:featuredmedia":[{"embeddable":true,"href":"https:\/\/bewec.com\/index.php?rest_route=\/wp\/v2\/media\/1479"}],"wp:attachment":[{"href":"https:\/\/bewec.com\/index.php?rest_route=%2Fwp%2Fv2%2Fmedia&parent=1478"}],"curies":[{"name":"wp","href":"https:\/\/api.w.org\/{rel}","templated":true}]}}