{"id":1469,"date":"2020-06-21T13:25:49","date_gmt":"2020-06-21T18:25:49","guid":{"rendered":"http:\/\/bewec.com\/?post_type=product&#038;p=1469"},"modified":"2021-01-21T09:16:17","modified_gmt":"2021-01-21T15:16:17","slug":"valvula-de-alivio-mazda-subaru","status":"publish","type":"product","link":"https:\/\/bewec.com\/?product=valvula-de-alivio-mazda-subaru","title":{"rendered":"Valvula de alivio Mazda Subaru"},"content":{"rendered":"","protected":false},"excerpt":{"rendered":"<p><span data-spm-anchor-id=\"a2g0o.detail.1000023.i0.1fbd6bcftI8LIx\"><img loading=\"lazy\" class=\"alignnone size-medium wp-image-1470\" src=\"http:\/\/bewec.com\/wp-content\/uploads\/2020\/06\/bov-mazda-300x277.jpg\" alt=\"\" width=\"300\" height=\"277\" srcset=\"https:\/\/bewec.com\/wp-content\/uploads\/2020\/06\/bov-mazda-300x277.jpg 300w, https:\/\/bewec.com\/wp-content\/uploads\/2020\/06\/bov-mazda-1024x945.jpg 1024w, https:\/\/bewec.com\/wp-content\/uploads\/2020\/06\/bov-mazda-768x709.jpg 768w, https:\/\/bewec.com\/wp-content\/uploads\/2020\/06\/bov-mazda-1536x1418.jpg 1536w, https:\/\/bewec.com\/wp-content\/uploads\/2020\/06\/bov-mazda-600x554.jpg 600w, https:\/\/bewec.com\/wp-content\/uploads\/2020\/06\/bov-mazda.jpg 2000w\" sizes=\"(max-width: 300px) 100vw, 300px\" \/> <img loading=\"lazy\" class=\"alignnone size-medium wp-image-1472\" src=\"http:\/\/bewec.com\/wp-content\/uploads\/2020\/06\/bov-mazda3-300x277.jpg\" alt=\"\" width=\"300\" height=\"277\" srcset=\"https:\/\/bewec.com\/wp-content\/uploads\/2020\/06\/bov-mazda3-300x277.jpg 300w, https:\/\/bewec.com\/wp-content\/uploads\/2020\/06\/bov-mazda3-1024x945.jpg 1024w, https:\/\/bewec.com\/wp-content\/uploads\/2020\/06\/bov-mazda3-768x709.jpg 768w, https:\/\/bewec.com\/wp-content\/uploads\/2020\/06\/bov-mazda3-1536x1418.jpg 1536w, https:\/\/bewec.com\/wp-content\/uploads\/2020\/06\/bov-mazda3-600x554.jpg 600w, https:\/\/bewec.com\/wp-content\/uploads\/2020\/06\/bov-mazda3.jpg 2000w\" sizes=\"(max-width: 300px) 100vw, 300px\" \/> <img loading=\"lazy\" class=\"alignnone size-medium wp-image-1471\" src=\"http:\/\/bewec.com\/wp-content\/uploads\/2020\/06\/bov-mazda2-300x277.jpg\" alt=\"\" width=\"300\" height=\"277\" srcset=\"https:\/\/bewec.com\/wp-content\/uploads\/2020\/06\/bov-mazda2-300x277.jpg 300w, https:\/\/bewec.com\/wp-content\/uploads\/2020\/06\/bov-mazda2-1024x945.jpg 1024w, https:\/\/bewec.com\/wp-content\/uploads\/2020\/06\/bov-mazda2-768x709.jpg 768w, https:\/\/bewec.com\/wp-content\/uploads\/2020\/06\/bov-mazda2-1536x1418.jpg 1536w, https:\/\/bewec.com\/wp-content\/uploads\/2020\/06\/bov-mazda2-600x554.jpg 600w, https:\/\/bewec.com\/wp-content\/uploads\/2020\/06\/bov-mazda2.jpg 2000w\" sizes=\"(max-width: 300px) 100vw, 300px\" \/>V\u00e1lvula BLOW OFF BOV apta para Subaru 08-14 WRX 05-09 Legacy para velocidad Mazda 3 y 6 07-13 a\u00f1o<\/span><\/p>\n<p>V\u00e1lvula de alivio atmosf\u00e9rico para el nuevo Impreza. Ayuda a reducir la p\u00e9rdida de turbo, prolonga la vida \u00fatil del turbo,<br \/>\nY emitir\u00e1 un ruido &#8216;tschh&#8217;\u00a0 (el volumen depende del nivel de impulso que se est\u00e1 expulsando y<br \/>\nLa integridad del turbo y el sistema de refuerzo).<\/p>\n<p>Caracter\u00edsticas<br \/>\n-Toda la construcci\u00f3n de aluminio, con el pist\u00f3n interno revestido de tefl\u00f3n para reducir la fricci\u00f3n<br \/>\n-Se incluyen resortes de alto rendimiento<br \/>\n-Ventilaci\u00f3n atmosf\u00e9rica<br \/>\n-Perno OEM directo en montaje<br \/>\n-Totalmente \u00fatil<br \/>\n-Completo con junta y tap\u00f3n de obturaci\u00f3n para tuber\u00eda de recirculaci\u00f3n<br \/>\n* En caja y completamente nuevo<\/p>\n<p>Aplicaci\u00f3n:<br \/>\nPara 2008-2014 Subaru WRX<br \/>\nPara 2005-2009 Subaru Legacy Turbo<br \/>\nPara 2007-2013 Mazdaspeed 3 y 6<\/p>\n<p>Contenido del paquete:<br \/>\n-1 X kits de v\u00e1lvula de soplado<br \/>\n-1 X tap\u00f3n<\/p>\n<p>Puede haber un peque\u00f1o error debido a la medici\u00f3n manual. Gracias por su comprensi\u00f3n.<br \/>\nTodos los art\u00edculos deben ser instalados por un profesional y no se incluyen instrucciones por este motivo.<br \/>\ninstalacion profesional es obligatoria<\/p>\n","protected":false},"featured_media":1470,"comment_status":"open","ping_status":"closed","template":"","meta":{"spay_email":""},"_links":{"self":[{"href":"https:\/\/bewec.com\/index.php?rest_route=\/wp\/v2\/product\/1469"}],"collection":[{"href":"https:\/\/bewec.com\/index.php?rest_route=\/wp\/v2\/product"}],"about":[{"href":"https:\/\/bewec.com\/index.php?rest_route=\/wp\/v2\/types\/product"}],"replies":[{"embeddable":true,"href":"https:\/\/bewec.com\/index.php?rest_route=%2Fwp%2Fv2%2Fcomments&post=1469"}],"version-history":[{"count":3,"href":"https:\/\/bewec.com\/index.php?rest_route=\/wp\/v2\/product\/1469\/revisions"}],"predecessor-version":[{"id":1477,"href":"https:\/\/bewec.com\/index.php?rest_route=\/wp\/v2\/product\/1469\/revisions\/1477"}],"wp:featuredmedia":[{"embeddable":true,"href":"https:\/\/bewec.com\/index.php?rest_route=\/wp\/v2\/media\/1470"}],"wp:attachment":[{"href":"https:\/\/bewec.com\/index.php?rest_route=%2Fwp%2Fv2%2Fmedia&parent=1469"}],"curies":[{"name":"wp","href":"https:\/\/api.w.org\/{rel}","templated":true}]}}