{"id":1467,"date":"2020-06-21T13:09:49","date_gmt":"2020-06-21T18:09:49","guid":{"rendered":"http:\/\/bewec.com\/?post_type=product&#038;p=1467"},"modified":"2022-10-16T13:05:06","modified_gmt":"2022-10-16T18:05:06","slug":"valvula-de-alivio-1-0tsi-vw-seat-blue","status":"publish","type":"product","link":"https:\/\/bewec.com\/?product=valvula-de-alivio-1-0tsi-vw-seat-blue","title":{"rendered":"Valvula de alivio 1.0tsi vw Seat blue"},"content":{"rendered":"<p>&#8220;Valvula de alivio para motores 1.0TSI BLUE<br \/>\nestos motores lo portan los vehiculos ibiza, toledo, golf jetta de ultima generacion.<br \/>\nsomos Works Elite Cars.<br \/>\ntu compra incluye un kit de reemplazo directo Forge tal como se muestra en las imagenes.<\/p>\n<p>NO REQUIERES ADAPTAR NI MODIFICAR NADA.<br \/>\nsolamente desmontas la tuber\u00eda original y montas este kit<\/p>\n<p>esta v\u00e1lvula es la que te da el sonido caracter\u00edstico de los autos turbo (PSSSST)<br \/>\nte ayuda a optimizar el funcionamiento del turbo, ya que al abrir la v\u00e1lvula no solamente genera ruido (pssst), si no que tambi\u00e9n permite que la presi\u00f3n excesiva de aire que no requiere el motor al soltar el acelerador se libere hacia el exterior y de esta forma tu turbo no se frene de golpe manteniendo su inercia de giro, asi cuando vuelvas a pisar el acelerador vuelva a cargar el turbo.<br \/>\ntambien ayuda a mejorar el torque del motor al no recircular el aire caliente que ya paso por el turbo, de esta forma ayudar al motor a absorber aire mas frio de la entrada del filtro.<\/p>\n<p>disponible para envi\u00f3 inmediato, color azul<\/p>\n<p>recomendamos la instalaci\u00f3n por un mec\u00e1nico o profesional en el \u00e1rea.<br \/>\npero tambi\u00e9n puedes instalarlo en casa con herramienta b\u00e1sica, nosotros te podemos asesorar para instalar ya sea por mensajes de mercado libre o via face y whats.<br \/>\nO bien si estas cerca de chalco estado de M\u00e9xico puedes agendar cita para instalacion<\/p>\n<p>s<\/p>\n<p>Atenci\u00f3n: esta v\u00e1lvula solamente es compatible con veh\u00edculos con motor 1.0Tsi ( COMO EL DE LA IMAGEN), sobre si el auto pierde o no la garant\u00eda no te preocupes te asesoramos para que no tengas ning\u00fan inconveniente a la hora de llevar tu veh\u00edculo a servicio para evitar perder la garant\u00eda del mismo. (como mencionamos anteriormente, no requieres adaptar nada)&#8221;<\/p>\n","protected":false},"excerpt":{"rendered":"<p>&#8220;Valvula de alivio para motores 1.0TSI BLUE estos motores lo portan los vehiculos ibiza, toledo, golf jetta de ultima generacion.&hellip;<\/p>\n","protected":false},"featured_media":1458,"comment_status":"open","ping_status":"closed","template":"","meta":{"spay_email":""},"_links":{"self":[{"href":"https:\/\/bewec.com\/index.php?rest_route=\/wp\/v2\/product\/1467"}],"collection":[{"href":"https:\/\/bewec.com\/index.php?rest_route=\/wp\/v2\/product"}],"about":[{"href":"https:\/\/bewec.com\/index.php?rest_route=\/wp\/v2\/types\/product"}],"replies":[{"embeddable":true,"href":"https:\/\/bewec.com\/index.php?rest_route=%2Fwp%2Fv2%2Fcomments&post=1467"}],"version-history":[{"count":2,"href":"https:\/\/bewec.com\/index.php?rest_route=\/wp\/v2\/product\/1467\/revisions"}],"predecessor-version":[{"id":2074,"href":"https:\/\/bewec.com\/index.php?rest_route=\/wp\/v2\/product\/1467\/revisions\/2074"}],"wp:featuredmedia":[{"embeddable":true,"href":"https:\/\/bewec.com\/index.php?rest_route=\/wp\/v2\/media\/1458"}],"wp:attachment":[{"href":"https:\/\/bewec.com\/index.php?rest_route=%2Fwp%2Fv2%2Fmedia&parent=1467"}],"curies":[{"name":"wp","href":"https:\/\/api.w.org\/{rel}","templated":true}]}}