{"id":3,"date":"2020-06-20T06:52:47","date_gmt":"2020-06-20T11:52:47","guid":{"rendered":"http:\/\/bewec.com\/?page_id=3"},"modified":"2020-09-18T22:11:59","modified_gmt":"2020-09-19T03:11:59","slug":"politicas-de-privacidad","status":"publish","type":"page","link":"https:\/\/bewec.com\/?page_id=3","title":{"rendered":"Pol\u00edticas de privacidad"},"content":{"rendered":"\t\t<div data-elementor-type=\"wp-page\" data-elementor-id=\"3\" class=\"elementor elementor-3\" data-elementor-settings=\"[]\">\n\t\t\t<div class=\"elementor-inner\">\n\t\t\t\t<div class=\"elementor-section-wrap\">\n\t\t\t\t\t\t\t<section class=\"elementor-element elementor-element-3e8e17d7 elementor-section-boxed elementor-section-height-default elementor-section-height-default elementor-section elementor-top-section\" data-id=\"3e8e17d7\" data-element_type=\"section\">\n\t\t\t\t\t\t<div class=\"elementor-container elementor-column-gap-default\">\n\t\t\t\t<div class=\"elementor-row\">\n\t\t\t\t<div class=\"elementor-element elementor-element-4b84efbb elementor-column elementor-col-100 elementor-top-column\" data-id=\"4b84efbb\" data-element_type=\"column\">\n\t\t\t<div class=\"elementor-column-wrap  elementor-element-populated\">\n\t\t\t\t\t<div class=\"elementor-widget-wrap\">\n\t\t\t\t<div class=\"elementor-element elementor-element-7d067432 elementor-widget elementor-widget-text-editor\" data-id=\"7d067432\" data-element_type=\"widget\" data-widget_type=\"text-editor.default\">\n\t\t\t\t<div class=\"elementor-widget-container\">\n\t\t\t\t\t<div class=\"elementor-text-editor elementor-clearfix\"><!-- wp:heading -->\n<h2>Uso de datos<\/h2>\n<!-- \/wp:heading --><!-- wp:paragraph -->\n<p>La direcci\u00f3n de nuestro sitio web es: http:\/\/bewec.com.<\/p>\n<!-- \/wp:paragraph --><!-- wp:paragraph {\"textColor\":\"black\"} -->\n<p class=\"has-black-color has-text-color\"><strong>POL\u00cdTICAS DE PRIVACIDAD<br \/><br \/><\/strong>El presente Pol\u00edtica de Privacidad establece los t\u00e9rminos en que www.bewec.com usa y protege la informaci\u00f3n que es proporcionada por sus usuarios al momento de utilizar su sitio web. Esta compa\u00f1\u00eda est\u00e1 comprometida con la seguridad de los datos de sus usuarios. Cuando le pedimos llenar los campos de informaci\u00f3n personal con la cual usted pueda ser identificado, lo hacemos asegurando que s\u00f3lo se emplear\u00e1 de acuerdo con los t\u00e9rminos de este documento. Sin embargo esta Pol\u00edtica de Privacidad puede cambiar con el tiempo o ser actualizada por lo que le recomendamos y enfatizamos revisar continuamente esta p\u00e1gina para asegurarse que est\u00e1 de acuerdo con dichos cambios.<\/p>\n<!-- \/wp:paragraph --><!-- wp:paragraph -->\n<p><strong><br \/><br \/><\/strong><strong>SECCI\u00d3N 1 &#8211; \u00bfQU\u00c9 HACEMOS CON TU INFORMACI\u00d3N?<\/strong><\/p>\n<!-- \/wp:paragraph --><!-- wp:paragraph -->\n<p>Cuando compras algo de nuestra tienda, como parte del proceso de compra venta, nosotros recolectamos la informaci\u00f3n personal que nos das tales como nombre, direcci\u00f3n y correo electr\u00f3nico.<\/p>\n<!-- \/wp:paragraph --><!-- wp:paragraph -->\n<p>Cuando navegas en nuestra tienda, tambi\u00e9n recibimos de manera autom\u00e1tica la direcci\u00f3n de protocolo de internet de tu computadora (IP) con el fin de proporcionarnos informaci\u00f3n que nos ayuda a conocer acerca de su navegador y sistema operativo.<\/p>\n<!-- \/wp:paragraph --><!-- wp:paragraph -->\n<p>Email marketing (si es aplicable): Con tu permiso, podremos enviarte correos electr\u00f3nicos acerca de nuestra tienda, nuevos productos y otras actualizaciones.<br \/><br \/><\/p>\n<!-- \/wp:paragraph --><!-- wp:paragraph -->\n<p><strong>secci\u00f3n 2 &#8211; CONSENTIMIENTO<\/strong><\/p>\n<!-- \/wp:paragraph --><!-- wp:paragraph -->\n<p>\u00bfC\u00f3mo obtienen mi consentimiento?<\/p>\n<!-- \/wp:paragraph --><!-- wp:paragraph -->\n<p>Cuando nos provees tu informaci\u00f3n personal para completar una transacci\u00f3n, verificar tu tarjeta de cr\u00e9dito, crear una orden, \u00a0concertar un env\u00edo o hacer una devoluci\u00f3n, implicamos que aceptas la recolecci\u00f3n y uso por esa raz\u00f3n espec\u00edfica solamente.<\/p>\n<!-- \/wp:paragraph --><!-- wp:paragraph -->\n<p>Si te pedimos tu informaci\u00f3n personal por una raz\u00f3n secundaria, como marketing, te pediremos directamente tu expreso consentimiento, o te daremos la oportunidad de negarte.<\/p>\n<!-- \/wp:paragraph --><!-- wp:paragraph -->\n<p>\u00bfC\u00f3mo puedo anular mi consentimiento?<\/p>\n<!-- \/wp:paragraph --><!-- wp:paragraph -->\n<p>Si luego de haber aceptado cambias de opini\u00f3n, puedes anular tu consentimiento para que te contactemos, por la recolecci\u00f3n, uso o divulgaci\u00f3n de tu informaci\u00f3n, en cualquier momento, contact\u00e1ndonos a workselitecars@gmail.com<\/p>\n<!-- \/wp:paragraph --><!-- wp:paragraph -->\n<p><strong>SECCI\u00d3N 3 &#8211; DIVULGACI\u00d3N<\/strong><\/p>\n<!-- \/wp:paragraph --><!-- wp:paragraph -->\n<p>Podemos divulgar tu informaci\u00f3n personal si se nos requiere por ley o si violas nuestros T\u00e9rminos de Servicio.<\/p>\n<!-- \/wp:paragraph --><!-- wp:paragraph -->\n<p><strong>SECCI\u00d3N 4 &#8211; SERVICIOS DE TERCEROS<\/strong><\/p>\n<!-- \/wp:paragraph --><!-- wp:paragraph -->\n<p>En general, los servicios de terceros utilizados por nosotros solo recopilar\u00e1n, usar\u00e1n y divulgar\u00e1n tu informaci\u00f3n en la medida que sea necesaria para que les permita desempe\u00f1ar los servicios que nos proveen.<\/p>\n<!-- \/wp:paragraph --><!-- wp:paragraph -->\n<p>Sin embargo, algunos proveedores de servicios de terceros, tales como pasarelas de pago y otros procesadores de transacciones de pago, tienen sus propias pol\u00edticas de privacidad con respecto a la informaci\u00f3n que estamos obligados a proporcionarles para las transacciones relacionadas con las compras.<\/p>\n<!-- \/wp:paragraph --><!-- wp:paragraph -->\n<p>Para estos proveedores, te recomendamos que leas las pol\u00edticas de privacidad para que puedas entender la manera en que tu informaci\u00f3n personal ser\u00e1 manejada.<\/p>\n<!-- \/wp:paragraph --><!-- wp:paragraph -->\n<p>En particular, recuerda que algunos proveedores pueden estar ubicados o contar con instalaciones que se encuentran en una jurisdicci\u00f3n diferente a ti o nosotros. \u00a0As\u00ed que si deseas proceder con una transacci\u00f3n que involucra los servicios de un proveedor a terceros, tu informaci\u00f3n puede estar sujeta a las leyes de la jurisdicci\u00f3n (jurisdicciones) en que se encuentra el proveedor de servicios o sus instalaciones.<\/p>\n<!-- \/wp:paragraph --><!-- wp:paragraph -->\n<p>A modo de ejemplo, si te encuentras en M\u00e9xico y tu transacci\u00f3n es procesada por una pasarela de pago con sede en Estados Unidos, entonces tu informaci\u00f3n personal utilizada para completar la transacci\u00f3n puede ser sujeto de divulgaci\u00f3n en virtud de la legislaci\u00f3n de Estados Unidos, incluyendo la Ley Patriota.<\/p>\n<!-- \/wp:paragraph --><!-- wp:paragraph -->\n<p>Una vez que abandonas el sitio web de nuestra tienda o te rediriges a un sitio o aplicaci\u00f3n de terceros, ya no est\u00e1s siendo regulados por la presente Pol\u00edtica de Privacidad o los T\u00e9rminos de Servicio de nuestra p\u00e1gina web.<\/p>\n<!-- \/wp:paragraph --><!-- wp:paragraph -->\n<p>Enlaces:<\/p>\n<!-- \/wp:paragraph --><!-- wp:paragraph -->\n<p>Cuando haces clic en enlaces de nuestra tienda, puede que seas redirigido fuera de nuestro sitio. \u00a0No somos responsables por las pr\u00e1cticas de privacidad de otros sitios y te recomendamos leer sus normas de privacidad.<br \/><br \/><strong>Enlaces a Terceros<\/strong><\/p>\n<!-- \/wp:paragraph --><!-- wp:paragraph -->\n<p>Este sitio web pudiera contener en laces a otros sitios que pudieran ser de su inter\u00e9s. Una vez que usted de clic en estos enlaces y abandone nuestra p\u00e1gina, ya no tenemos control sobre al sitio al que es redirigido y por lo tanto no somos responsables de los t\u00e9rminos o privacidad ni de la protecci\u00f3n de sus datos en esos otros sitios terceros. Dichos sitios est\u00e1n sujetos a sus propias pol\u00edticas de privacidad por lo cual es recomendable que los consulte para confirmar que usted est\u00e1 de acuerdo con estas.<\/p>\n<!-- \/wp:paragraph --><!-- wp:paragraph -->\n<p><strong>SECCI\u00d3N 5 &#8211; SEGURIDAD<\/strong><\/p>\n<!-- \/wp:paragraph --><!-- wp:paragraph -->\n<p>Para proteger tu informaci\u00f3n personal, tomamos precauciones razonables y seguimos las mejores pr\u00e1cticas de la industria para asegurarnos de que no haya p\u00e9rdida de manera inapropiada, mal uso, acceso, divulgaci\u00f3n, alteraci\u00f3n o destrucci\u00f3n de la misma.<\/p>\n<!-- \/wp:paragraph --><!-- wp:paragraph -->\n<p>SI nos proporcionas la informaci\u00f3n de tu tarjeta de cr\u00e9dito, dicha informaci\u00f3n es encriptada mediante la tecnolog\u00eda Secure Socket Layer (SSL) y se almacena con un cifrado AES-256. \u00a0Aunque ning\u00fan m\u00e9todo de transmisi\u00f3n a trav\u00e9s de Internet o de almacenamiento electr\u00f3nico es 100% seguro, seguimos todos los requisitos de PCI-DSS e implementamos normas adicionales aceptadas por la industria.<\/p>\n<!-- \/wp:paragraph --><!-- wp:paragraph -->\n<p>COOKIES<\/p>\n<!-- \/wp:paragraph --><!-- wp:paragraph -->\n<p>Una cookie se refiere a un fichero que es enviado con la finalidad de solicitar permiso para almacenarse en su ordenador, al aceptar dicho fichero se crea y la cookie sirve entonces para tener informaci\u00f3n respecto al tr\u00e1fico web, y tambi\u00e9n facilita las futuras\u00a0recurrente. Otra funci\u00f3n que tienen las cookies es que con ellas las web pueden reconocerte individualmente y por tanto brindarte el mejor servicio personalizado de su web.<\/p>\n<!-- \/wp:paragraph --><!-- wp:paragraph -->\n<p>Nuestro\u00a0<a href=\"https:\/\/politicadeprivacidadplantilla.com\/\" target=\"_blank\" rel=\"noreferrer noopener\">sitio web<\/a>\u00a0emplea las cookies para poder identificar las p\u00e1ginas que son visitadas y su frecuencia. Esta informaci\u00f3n es empleada \u00fanicamente para an\u00e1lisis estad\u00edstico y despu\u00e9s la informaci\u00f3n se elimina de forma permanente. Usted puede eliminar las cookies en cualquier momento desde su ordenador. Sin embargo las cookies ayudan a proporcionar un mejor servicio de los sitios web, est\u00e1s no dan acceso a informaci\u00f3n de su ordenador ni de usted, a menos de que usted as\u00ed lo quiera y la proporcione directamente. Usted puede aceptar o negar el uso de cookies, sin embargo la mayor\u00eda de navegadores aceptan cookies autom\u00e1ticamente pues sirve para tener un mejor servicio web. Tambi\u00e9n usted puede cambiar la configuraci\u00f3n de su ordenador para declinar las cookies. Si se declinan es posible que no pueda utilizar algunos de nuestros servicios.<\/p>\n<!-- \/wp:paragraph --><!-- wp:paragraph -->\n<p><strong>SECCI\u00d3N 6 &#8211; EDAD DE CONSENTIMIENTO<\/strong><\/p>\n<!-- \/wp:paragraph --><!-- wp:paragraph -->\n<p>Al utilizar este sitio, declaras que tienes al menos la mayor\u00eda de edad en tu estado o provincia de residencia, o que tienes la mayor\u00eda de edad en tu estado o provincia de residencia y que nos has dado tu consentimiento para permitir que cualquiera de tus dependientes menores use este sitio.<\/p>\n<!-- \/wp:paragraph --><!-- wp:paragraph -->\n<p><strong>SECCI\u00d3N 7 &#8211; CAMBIOS EN ESTA POL\u00cdTICA DE PRIVACIDAD<\/strong><\/p>\n<!-- \/wp:paragraph --><!-- wp:paragraph -->\n<p>Nos reservamos el derecho de modificar esta pol\u00edtica de privacidad en cualquier momento, asique por favor rev\u00edsala frecuentemente. \u00a0Cambios y aclaraciones entrar\u00e1n en vigencia inmediatamente despu\u00e9s de su publicaci\u00f3n en el sitio web. \u00a0Si hacemos cambios materiales a esta pol\u00edtica, notificaremos aqu\u00ed que ha sido actualizada, por lo que cual est\u00e1s enterado de qu\u00e9 informaci\u00f3n recopilamos, c\u00f3mo y bajo qu\u00e9 circunstancias, si las hubiere, la utilizamos y\/o divulgamos.<\/p>\n<!-- \/wp:paragraph --><!-- wp:paragraph -->\n<p>Si nuestra tienda es adquirida o fusionada con otra empresa, tu informaci\u00f3n puede ser transferida a los nuevos propietarios, para que podamos seguir vendi\u00e9ndote productos.<\/p>\n<!-- \/wp:paragraph --><!-- wp:paragraph -->\n<p><strong>PREGUNTAS E INFORMACI\u00d3N DE CONTACTO<\/strong><\/p>\n<!-- \/wp:paragraph --><!-- wp:paragraph -->\n<p>Si quieres: acceder, corregir, enmendar o borrar cualquier informaci\u00f3n personal que poseamos sobre ti, registrar una queja, o simplemente quieres m\u00e1s informaci\u00f3n contacta a nuestro Oficial de Cumplimiento de Privacidad workselitecars@gmail.com o por correo postal a Works Elite Cars<\/p>\n<!-- \/wp:paragraph --><!-- wp:paragraph -->\n<p>[av morelos 10, 56640 san gregorio cuautzingo, Estado de M\u00e9xico, Mexico]<\/p>\n<!-- \/wp:paragraph --><!-- wp:paragraph -->\n<p>www.bewec.com Se reserva el derecho de cambiar los t\u00e9rminos de la presente Pol\u00edtica de Privacidad en cualquier momento.<\/p>\n<!-- \/wp:paragraph --><\/div>\n\t\t\t\t<\/div>\n\t\t\t\t<\/div>\n\t\t\t\t\t\t<\/div>\n\t\t\t<\/div>\n\t\t<\/div>\n\t\t\t\t\t\t<\/div>\n\t\t\t<\/div>\n\t\t<\/section>\n\t\t\t\t\t\t<\/div>\n\t\t\t<\/div>\n\t\t<\/div>\n\t\t","protected":false},"excerpt":{"rendered":"<p>Uso de datos La direcci\u00f3n de nuestro sitio web es: http:\/\/bewec.com. POL\u00cdTICAS DE PRIVACIDAD El presente Pol\u00edtica de Privacidad establece&hellip;<\/p>\n","protected":false},"author":1,"featured_media":0,"parent":2340,"menu_order":0,"comment_status":"closed","ping_status":"closed","template":"","meta":{"spay_email":""},"_links":{"self":[{"href":"https:\/\/bewec.com\/index.php?rest_route=\/wp\/v2\/pages\/3"}],"collection":[{"href":"https:\/\/bewec.com\/index.php?rest_route=\/wp\/v2\/pages"}],"about":[{"href":"https:\/\/bewec.com\/index.php?rest_route=\/wp\/v2\/types\/page"}],"author":[{"embeddable":true,"href":"https:\/\/bewec.com\/index.php?rest_route=\/wp\/v2\/users\/1"}],"replies":[{"embeddable":true,"href":"https:\/\/bewec.com\/index.php?rest_route=%2Fwp%2Fv2%2Fcomments&post=3"}],"version-history":[{"count":3,"href":"https:\/\/bewec.com\/index.php?rest_route=\/wp\/v2\/pages\/3\/revisions"}],"predecessor-version":[{"id":2342,"href":"https:\/\/bewec.com\/index.php?rest_route=\/wp\/v2\/pages\/3\/revisions\/2342"}],"up":[{"embeddable":true,"href":"https:\/\/bewec.com\/index.php?rest_route=\/wp\/v2\/pages\/2340"}],"wp:attachment":[{"href":"https:\/\/bewec.com\/index.php?rest_route=%2Fwp%2Fv2%2Fmedia&parent=3"}],"curies":[{"name":"wp","href":"https:\/\/api.w.org\/{rel}","templated":true}]}}